{"id":214094,"date":"2021-06-24T14:27:06","date_gmt":"2021-06-24T14:27:06","guid":{"rendered":"https:\/\/www.delicias-uk.com\/product\/cartuxa-sparkling-white-brut-reserve-2013-2\/"},"modified":"2025-02-06T17:12:48","modified_gmt":"2025-02-06T17:12:48","slug":"cartuxa-sparkling-white-brut-reserve-2013-2","status":"publish","type":"product","link":"https:\/\/www.delicias-uk.com\/pt-pt\/produto\/cartuxa-sparkling-white-brut-reserve-2013-2\/","title":{"rendered":"Espumante Branco Cartuxa Brut Reserve 2013 75cl"},"content":{"rendered":"<p style=\"margin-top:0pt;margin-bottom:0pt;margin-left:0in;vertical-align:baseline;\"><span style=\"font-size:12pt;font-family:Calibri;letter-spacing:0pt;vertical-align:baseline;\">Na constante procura de produtos de alta qualidade foi produzido na Adega Cartuxa na vindima de 2008, o primeiro espumante Reserva Bruto DOC Alentejo \u2013 \u00c9vora. Este vinho foi obtido pelo m\u00e9todo cl\u00e1ssico resultando num vinho fresco e elegante que vem <\/span><span style=\"font-size:12pt;font-family:Calibri;letter-spacing:0pt;vertical-align:baseline;\">refor\u00e7ar <\/span><span style=\"font-size:12pt;font-family:Calibri;letter-spacing:0pt;vertical-align:baseline;\">a<\/span><span style=\"font-size:12pt;font-family:Calibri;letter-spacing:0pt;vertical-align:baseline;\"> excel\u00eancia da <\/span><span style=\"font-size:12pt;font-family:Calibri;letter-spacing:0pt;vertical-align:baseline;\">marca <\/span><span style=\"font-size:12pt;font-family:Calibri;letter-spacing:0pt;vertical-align:baseline;\">Cartuxa<\/span><span style=\"font-size:12pt;font-family:Calibri;letter-spacing:0pt;vertical-align:baseline;\">. <\/span><span style=\"font-size:12pt;font-family:Calibri;letter-spacing:0pt;vertical-align:baseline;\">Vinho base produzido a patir de uvas rigorosamente selecionadas e colhidas no estado de matura\u00e7ao ideal para produ\u00e7\u00e3o de um vinho bse espumante. Fermenta\u00e7\u00e3o a temperatura controlada, efetuada em barricas de caravalho franc\u00eas. Est\u00e1gio sobre borra fina durante 6 meses com bat\u00f4nnage peri\u00f3dica. Segunda fermemta\u00e7\u00e3o em garrafa pelo m\u00e9todo cl\u00e1ssico, seguida de est\u00e1gio sobre borra e bat\u00f4nnages intercalares durante 6 anos, nas caves do Mosteiro da Cartuxa<\/span><span style=\"font-size:12pt;font-family:Calibri;letter-spacing:0pt;vertical-align:baseline;\">.<\/span><\/p>\n<p style=\"margin-top:0pt;margin-bottom:0pt;margin-left:0in;vertical-align:baseline;\"><span style=\"font-size:12pt;font-family:Calibri;letter-spacing:0pt;vertical-align:baseline;\"><\/span><\/p>\n<p style=\"margin-top:0pt;margin-bottom:0pt;margin-left:0in;vertical-align:baseline;\">\n<p style=\"margin-top:0pt;margin-bottom:0pt;margin-left:0in;vertical-align:baseline;\">\n<p style=\"margin-top:0pt;margin-bottom:0pt;margin-left:0in;vertical-align:baseline;\">\n<p style=\"margin-top:0pt;margin-bottom:0pt;margin-left:0in;vertical-align:baseline;\"><span style=\"font-size:12pt;font-family:Calibri;letter-spacing:0pt;vertical-align:baseline;\">Produtor<\/span><span style=\"font-size:12pt;font-family:Calibri;letter-spacing:0pt;vertical-align:baseline;\">:\u00a0<\/span><span style=\"font-size:12pt;font-family:Calibri;letter-spacing:0pt;vertical-align:baseline;\"> <\/span><span style=\"font-size:12pt;font-family:Calibri;letter-spacing:0pt;vertical-align:baseline;\">Funda\u00e7\u00e3o<\/span><span style=\"font-size:12pt;font-family:Calibri;letter-spacing:0pt;vertical-align:baseline;\"> <\/span><span style=\"font-size:12pt;font-family:Calibri;letter-spacing:0pt;vertical-align:baseline;\">Eug\u00e9nio<\/span><span style=\"font-size:12pt;font-family:Calibri;letter-spacing:0pt;vertical-align:baseline;\"> de Almeida<\/span><\/p>\n<p style=\"margin-top:0pt;margin-bottom:0pt;margin-left:0in;vertical-align:baseline;\"><span style=\"font-size:12pt;font-family:Calibri;letter-spacing:0pt;vertical-align:baseline;\">Regiao<\/span><span style=\"font-size:12pt;font-family:Calibri;letter-spacing:0pt;vertical-align:baseline;\">:\u00a0<\/span><span style=\"font-size:12pt;font-family:Calibri;letter-spacing:0pt;vertical-align:baseline;\"> <\/span><span style=\"font-size:12pt;font-family:Calibri;letter-spacing:0pt;vertical-align:baseline;\">Alentejo<\/span><\/p>\n<p style=\"margin-top:0pt;margin-bottom:0pt;margin-left:0in;vertical-align:baseline;\"><span style=\"font-size:12pt;font-family:Calibri;letter-spacing:0pt;vertical-align:baseline;\">Pa\u00eds: Portugal<\/span><\/p>\n<p style=\"margin-top:0pt;margin-bottom:0pt;margin-left:0in;vertical-align:baseline;\"><span style=\"font-size:12pt;font-family:Calibri;letter-spacing:0pt;vertical-align:baseline;\">Tipo de\u00a0Vinho<\/span><span style=\"font-size:12pt;font-family:Calibri;letter-spacing:0pt;vertical-align:baseline;\">: <\/span><span style=\"font-size:12pt;font-family:Calibri;letter-spacing:0pt;vertical-align:baseline;\">Espumante <\/span><span style=\"font-size:12pt;font-family:Calibri;letter-spacing:0pt;vertical-align:baseline;\">Branco<\/span><\/p>\n<p style=\"margin-top:0pt;margin-bottom:0pt;margin-left:0in;vertical-align:baseline;\"><span style=\"font-size:12pt;font-family:Calibri;letter-spacing:0pt;vertical-align:baseline;\">Garrafa<\/span><span style=\"font-size:12pt;font-family:Calibri;letter-spacing:0pt;vertical-align:baseline;\">:\u00a0750ml<\/span><\/p>\n<p style=\"margin-top:0pt;margin-bottom:0pt;margin-left:0in;vertical-align:baseline;\"><span style=\"font-size:12pt;font-family:Calibri;letter-spacing:0pt;vertical-align:baseline;\">Teor\u00a0<\/span><span style=\"font-size:12pt;font-family:Calibri;letter-spacing:0pt;vertical-align:baseline;\">Alcoolico<\/span><span style=\"font-size:12pt;font-family:Calibri;letter-spacing:0pt;vertical-align:baseline;\">: <\/span><span style=\"font-size:12pt;font-family:Calibri;letter-spacing:0pt;vertical-align:baseline;\">13%<\/span><\/p>\n","protected":false},"excerpt":{"rendered":"<p style=\"margin-top:0pt;margin-bottom:0pt;margin-left:0in;vertical-align:baseline;\"><span style=\"font-size:12pt;font-family:Calibri;letter-spacing:0pt;vertical-align:baseline;\">Produtor<\/span><span style=\"font-size:12pt;font-family:Calibri;letter-spacing:0pt;vertical-align:baseline;\">:\u00a0<\/span><span style=\"font-size:12pt;font-family:Calibri;letter-spacing:0pt;vertical-align:baseline;\">\u00a0<\/span><span style=\"font-size:12pt;font-family:Calibri;letter-spacing:0pt;vertical-align:baseline;\">Funda\u00e7\u00e3o<\/span><span style=\"font-size:12pt;font-family:Calibri;letter-spacing:0pt;vertical-align:baseline;\">\u00a0<\/span><span style=\"font-size:12pt;font-family:Calibri;letter-spacing:0pt;vertical-align:baseline;\">Eug\u00e9nio<\/span><span style=\"font-size:12pt;font-family:Calibri;letter-spacing:0pt;vertical-align:baseline;\">\u00a0de Almeida<\/span><\/p>\n<p style=\"margin-top:0pt;margin-bottom:0pt;margin-left:0in;vertical-align:baseline;\"><span style=\"font-size:12pt;font-family:Calibri;letter-spacing:0pt;vertical-align:baseline;\">Regiao<\/span><span style=\"font-size:12pt;font-family:Calibri;letter-spacing:0pt;vertical-align:baseline;\">:\u00a0<\/span><span style=\"font-size:12pt;font-family:Calibri;letter-spacing:0pt;vertical-align:baseline;\">\u00a0<\/span><span style=\"font-size:12pt;font-family:Calibri;letter-spacing:0pt;vertical-align:baseline;\">Alentejo<\/span><\/p>\n<p style=\"margin-top:0pt;margin-bottom:0pt;margin-left:0in;vertical-align:baseline;\"><span style=\"font-size:12pt;font-family:Calibri;letter-spacing:0pt;vertical-align:baseline;\">Pa\u00eds: Portugal<\/span><\/p>\n<p style=\"margin-top:0pt;margin-bottom:0pt;margin-left:0in;vertical-align:baseline;\"><span style=\"font-size:12pt;font-family:Calibri;letter-spacing:0pt;vertical-align:baseline;\">Tipo de\u00a0Vinho<\/span><span style=\"font-size:12pt;font-family:Calibri;letter-spacing:0pt;vertical-align:baseline;\">:\u00a0<\/span><span style=\"font-size:12pt;font-family:Calibri;letter-spacing:0pt;vertical-align:baseline;\">Espumante\u00a0<\/span><span style=\"font-size:12pt;font-family:Calibri;letter-spacing:0pt;vertical-align:baseline;\">Branco<\/span><\/p>\n<p style=\"margin-top:0pt;margin-bottom:0pt;margin-left:0in;vertical-align:baseline;\"><span style=\"font-size:12pt;font-family:Calibri;letter-spacing:0pt;vertical-align:baseline;\">Garrafa<\/span><span style=\"font-size:12pt;font-family:Calibri;letter-spacing:0pt;vertical-align:baseline;\">:\u00a0750ml<\/span><\/p>\n<p style=\"margin-top:0pt;margin-bottom:0pt;margin-left:0in;vertical-align:baseline;\"><span style=\"font-size:12pt;font-family:Calibri;letter-spacing:0pt;vertical-align:baseline;\">Teor\u00a0<\/span><span style=\"font-size:12pt;font-family:Calibri;letter-spacing:0pt;vertical-align:baseline;\">Alcoolico<\/span><span style=\"font-size:12pt;font-family:Calibri;letter-spacing:0pt;vertical-align:baseline;\">:\u00a0<\/span><span style=\"font-size:12pt;font-family:Calibri;letter-spacing:0pt;vertical-align:baseline;\">13%<\/span><\/p>\n","protected":false},"author":43533,"featured_media":89052,"comment_status":"open","ping_status":"closed","template":"","meta":[],"pwb-brand":[],"product_brand":[],"product_cat":[9350,8289,8291,8431,8563],"product_tag":[],"class_list":{"0":"post-214094","1":"product","2":"type-product","3":"status-publish","4":"has-post-thumbnail","6":"product_cat-espumante","7":"product_cat-inicio","8":"product_cat-produtos-portugueses","9":"product_cat-vinhos-pt-pt","10":"product_cat-espumantes","12":"first","13":"instock","14":"taxable","15":"shipping-taxable","16":"purchasable","17":"product-type-simple"},"aioseo_notices":[],"brands":[],"_links":{"self":[{"href":"https:\/\/www.delicias-uk.com\/pt-pt\/wp-json\/wp\/v2\/product\/214094","targetHints":{"allow":["GET"]}}],"collection":[{"href":"https:\/\/www.delicias-uk.com\/pt-pt\/wp-json\/wp\/v2\/product"}],"about":[{"href":"https:\/\/www.delicias-uk.com\/pt-pt\/wp-json\/wp\/v2\/types\/product"}],"author":[{"embeddable":true,"href":"https:\/\/www.delicias-uk.com\/pt-pt\/wp-json\/wp\/v2\/users\/43533"}],"replies":[{"embeddable":true,"href":"https:\/\/www.delicias-uk.com\/pt-pt\/wp-json\/wp\/v2\/comments?post=214094"}],"wp:featuredmedia":[{"embeddable":true,"href":"https:\/\/www.delicias-uk.com\/pt-pt\/wp-json\/wp\/v2\/media\/89052"}],"wp:attachment":[{"href":"https:\/\/www.delicias-uk.com\/pt-pt\/wp-json\/wp\/v2\/media?parent=214094"}],"wp:term":[{"taxonomy":"pwb-brand","embeddable":true,"href":"https:\/\/www.delicias-uk.com\/pt-pt\/wp-json\/wp\/v2\/pwb-brand?post=214094"},{"taxonomy":"product_brand","embeddable":true,"href":"https:\/\/www.delicias-uk.com\/pt-pt\/wp-json\/wp\/v2\/product_brand?post=214094"},{"taxonomy":"product_cat","embeddable":true,"href":"https:\/\/www.delicias-uk.com\/pt-pt\/wp-json\/wp\/v2\/product_cat?post=214094"},{"taxonomy":"product_tag","embeddable":true,"href":"https:\/\/www.delicias-uk.com\/pt-pt\/wp-json\/wp\/v2\/product_tag?post=214094"}],"curies":[{"name":"wp","href":"https:\/\/api.w.org\/{rel}","templated":true}]}}