{"id":214092,"date":"2021-06-24T14:19:01","date_gmt":"2021-06-24T13:19:01","guid":{"rendered":"https:\/\/www.delicias-uk.com\/product\/cartuxa-sparkling-white-brut-2013\/"},"modified":"2026-03-28T15:20:59","modified_gmt":"2026-03-28T15:20:59","slug":"cartuxa-sparkling-white-brut-2013","status":"publish","type":"product","link":"https:\/\/www.delicias-uk.com\/pt-pt\/produto\/cartuxa-sparkling-white-brut-2013\/","title":{"rendered":"Espumante Branco Cartuxa Brut 2013 75cl"},"content":{"rendered":"<p style=\"margin-top:0pt;margin-bottom:0pt;margin-left:0in;text-align:left;vertical-align:baseline;\"><span style=\"font-size:12pt;font-family:Calibri;letter-spacing:0pt;vertical-align:baseline;\">Um \u201cblanc de blanc m\u00e9thode classic\u201d O brut espumante DOC Alentejo foi produzido pela primeira vez a partir da casta branca Arinto pela Funda\u00e7\u00e3o Eug\u00e9nio de Almeida em 2007. <\/span><span style=\"font-size:12pt;font-family:Calibri;letter-spacing:0pt;vertical-align:baseline;\">\u00c9 um brut espumante elegante e fresco que refor\u00e7a ainda mais <\/span><span style=\"font-size:12pt;font-family:Calibri;letter-spacing:0pt;vertical-align:baseline;\">a<\/span><span style=\"font-size:12pt;font-family:Calibri;letter-spacing:0pt;vertical-align:baseline;\"> excel\u00eancia da gama de vinhos da Cartuxa. Fermentou parcialmente em barricas de carvalho franc\u00eas e cubas de inox, com as borras <\/span><span style=\"font-size:12pt;font-family:Calibri;letter-spacing:0pt;vertical-align:baseline;\">a<\/span><span style=\"font-size:12pt;font-family:Calibri;letter-spacing:0pt;vertical-align:baseline;\"> envelhecer e mexer durante 6 meses. <\/span><span style=\"font-size:12pt;font-family:Calibri;letter-spacing:0pt;vertical-align:baseline;\">Segunda fermenta\u00e7\u00e3o em garrafa pelo m\u00e9todo cl\u00e1ssico seguido de mais 6 meses de envelhecimento e agita\u00e7\u00e3o das borras. <\/span><span style=\"font-size:12pt;font-family:Calibri;letter-spacing:0pt;vertical-align:baseline;\">Despejar ap\u00f3s 6 anos em garrafa<\/span><span style=\"font-size:12pt;font-family:Calibri;letter-spacing:0pt;vertical-align:baseline;\">.<\/span><\/p>\n<p style=\"margin-top:0pt;margin-bottom:0pt;margin-left:0in;vertical-align:baseline;\">\n<p style=\"margin-top:0pt;margin-bottom:0pt;margin-left:0in;vertical-align:baseline;\">\n<p style=\"margin-top:0pt;margin-bottom:0pt;margin-left:0in;vertical-align:baseline;\"><span style=\"font-size:12pt;font-family:Calibri;letter-spacing:0pt;vertical-align:baseline;\">Produtor:\u00a0<\/span><span style=\"font-size:12pt;font-family:Calibri;letter-spacing:0pt;vertical-align:baseline;\"> <\/span><span style=\"font-size:12pt;font-family:Calibri;letter-spacing:0pt;vertical-align:baseline;\">Funda\u00e7\u00e3o<\/span><span style=\"font-size:12pt;font-family:Calibri;letter-spacing:0pt;vertical-align:baseline;\"> <\/span><span style=\"font-size:12pt;font-family:Calibri;letter-spacing:0pt;vertical-align:baseline;\">Eug\u00e9nio<\/span><span style=\"font-size:12pt;font-family:Calibri;letter-spacing:0pt;vertical-align:baseline;\"> de Almeida<\/span><\/p>\n<p style=\"margin-top:0pt;margin-bottom:0pt;margin-left:0in;vertical-align:baseline;\"><span style=\"font-size:12pt;font-family:Calibri;letter-spacing:0pt;vertical-align:baseline;\">Regiao:\u00a0<\/span><span style=\"font-size:12pt;font-family:Calibri;letter-spacing:0pt;vertical-align:baseline;\"> <\/span><span style=\"font-size:12pt;font-family:Calibri;letter-spacing:0pt;vertical-align:baseline;\">Alentejo<\/span><\/p>\n<p style=\"margin-top:0pt;margin-bottom:0pt;margin-left:0in;vertical-align:baseline;\"><span style=\"font-size:12pt;font-family:Calibri;letter-spacing:0pt;vertical-align:baseline;\">Pa\u00eds: Portugal<\/span><\/p>\n<p style=\"margin-top:0pt;margin-bottom:0pt;margin-left:0in;vertical-align:baseline;\"><span style=\"font-size:12pt;font-family:Calibri;letter-spacing:0pt;vertical-align:baseline;\">Tipo de\u00a0Vinho: <\/span><span style=\"font-size:12pt;font-family:Calibri;letter-spacing:0pt;vertical-align:baseline;\">Espumante <\/span><span style=\"font-size:12pt;font-family:Calibri;letter-spacing:0pt;vertical-align:baseline;\">Branco<\/span><\/p>\n<p style=\"margin-top:0pt;margin-bottom:0pt;margin-left:0in;vertical-align:baseline;\"><span style=\"font-size:12pt;font-family:Calibri;letter-spacing:0pt;vertical-align:baseline;\">Castas:\u00a0<\/span><span style=\"font-size:12pt;font-family:Calibri;letter-spacing:0pt;vertical-align:baseline;\">Arinto<\/span><\/p>\n<p style=\"margin-top:0pt;margin-bottom:0pt;margin-left:0in;vertical-align:baseline;\"><span style=\"font-size:12pt;font-family:Calibri;letter-spacing:0pt;vertical-align:baseline;\">Garrafa:\u00a0750ml<\/span><\/p>\n<p style=\"margin-top:0pt;margin-bottom:0pt;margin-left:0in;text-align:left;vertical-align:baseline;\">\n<p style=\"margin-top:0pt;margin-bottom:0pt;margin-left:0in;vertical-align:baseline;\"><span style=\"font-size:12pt;font-family:Calibri;letter-spacing:0pt;vertical-align:baseline;\">Teor\u00a0<\/span><span style=\"font-size:12pt;font-family:Calibri;letter-spacing:0pt;vertical-align:baseline;\">Alcoolico: 13<\/span><span style=\"font-size:12pt;font-family:Calibri;letter-spacing:0pt;vertical-align:baseline;\">%<\/span><\/p>\n<p style=\"margin-top:0pt;margin-bottom:0pt;margin-left:0in;text-align:left;vertical-align:baseline;\">\n<p style=\"margin-top:0pt;margin-bottom:0pt;margin-left:0in;text-align:left;vertical-align:baseline;\">\n","protected":false},"excerpt":{"rendered":"<p style=\"margin-top:0pt;margin-bottom:0pt;margin-left:0in;vertical-align:baseline;\"><span style=\"font-size:12pt;font-family:Calibri;letter-spacing:0pt;vertical-align:baseline;\">Produtor:\u00a0<\/span><span style=\"font-size:12pt;font-family:Calibri;letter-spacing:0pt;vertical-align:baseline;\">\u00a0<\/span><span style=\"font-size:12pt;font-family:Calibri;letter-spacing:0pt;vertical-align:baseline;\">Funda\u00e7\u00e3o<\/span><span style=\"font-size:12pt;font-family:Calibri;letter-spacing:0pt;vertical-align:baseline;\">\u00a0<\/span><span style=\"font-size:12pt;font-family:Calibri;letter-spacing:0pt;vertical-align:baseline;\">Eug\u00e9nio<\/span><span style=\"font-size:12pt;font-family:Calibri;letter-spacing:0pt;vertical-align:baseline;\">\u00a0de Almeida<\/span><\/p>\n<p style=\"margin-top:0pt;margin-bottom:0pt;margin-left:0in;vertical-align:baseline;\"><span style=\"font-size:12pt;font-family:Calibri;letter-spacing:0pt;vertical-align:baseline;\">Regiao:\u00a0<\/span><span style=\"font-size:12pt;font-family:Calibri;letter-spacing:0pt;vertical-align:baseline;\">\u00a0<\/span><span style=\"font-size:12pt;font-family:Calibri;letter-spacing:0pt;vertical-align:baseline;\">Alentejo<\/span><\/p>\n<p style=\"margin-top:0pt;margin-bottom:0pt;margin-left:0in;vertical-align:baseline;\"><span style=\"font-size:12pt;font-family:Calibri;letter-spacing:0pt;vertical-align:baseline;\">Pa\u00eds: Portugal<\/span><\/p>\n<p style=\"margin-top:0pt;margin-bottom:0pt;margin-left:0in;vertical-align:baseline;\"><span style=\"font-size:12pt;font-family:Calibri;letter-spacing:0pt;vertical-align:baseline;\">Tipo de\u00a0Vinho:\u00a0<\/span><span style=\"font-size:12pt;font-family:Calibri;letter-spacing:0pt;vertical-align:baseline;\">Espumante\u00a0<\/span><span style=\"font-size:12pt;font-family:Calibri;letter-spacing:0pt;vertical-align:baseline;\">Branco<\/span><\/p>\n<p style=\"margin-top:0pt;margin-bottom:0pt;margin-left:0in;vertical-align:baseline;\"><span style=\"font-size:12pt;font-family:Calibri;letter-spacing:0pt;vertical-align:baseline;\">Castas:\u00a0<\/span><span style=\"font-size:12pt;font-family:Calibri;letter-spacing:0pt;vertical-align:baseline;\">Arinto<\/span><\/p>\n<p style=\"margin-top:0pt;margin-bottom:0pt;margin-left:0in;vertical-align:baseline;\"><span style=\"font-size:12pt;font-family:Calibri;letter-spacing:0pt;vertical-align:baseline;\">Garrafa:\u00a0750ml<\/span><\/p>\n<p style=\"margin-top:0pt;margin-bottom:0pt;margin-left:0in;vertical-align:baseline;\"><span style=\"font-size:12pt;font-family:Calibri;letter-spacing:0pt;vertical-align:baseline;\">Teor\u00a0<\/span><span style=\"font-size:12pt;font-family:Calibri;letter-spacing:0pt;vertical-align:baseline;\">Alcoolico: 13<\/span><span style=\"font-size:12pt;font-family:Calibri;letter-spacing:0pt;vertical-align:baseline;\">%<\/span><\/p>\n","protected":false},"author":43533,"featured_media":89049,"comment_status":"open","ping_status":"closed","template":"","meta":[],"pwb-brand":[],"product_brand":[],"product_cat":[9350,8289,8291,8431,8563],"product_tag":[],"class_list":{"0":"post-214092","1":"product","2":"type-product","3":"status-publish","4":"has-post-thumbnail","6":"product_cat-espumante","7":"product_cat-inicio","8":"product_cat-produtos-portugueses","9":"product_cat-vinhos-pt-pt","10":"product_cat-espumantes","12":"first","13":"instock","14":"taxable","15":"shipping-taxable","16":"purchasable","17":"product-type-simple"},"aioseo_notices":[],"brands":[],"_links":{"self":[{"href":"https:\/\/www.delicias-uk.com\/pt-pt\/wp-json\/wp\/v2\/product\/214092","targetHints":{"allow":["GET"]}}],"collection":[{"href":"https:\/\/www.delicias-uk.com\/pt-pt\/wp-json\/wp\/v2\/product"}],"about":[{"href":"https:\/\/www.delicias-uk.com\/pt-pt\/wp-json\/wp\/v2\/types\/product"}],"author":[{"embeddable":true,"href":"https:\/\/www.delicias-uk.com\/pt-pt\/wp-json\/wp\/v2\/users\/43533"}],"replies":[{"embeddable":true,"href":"https:\/\/www.delicias-uk.com\/pt-pt\/wp-json\/wp\/v2\/comments?post=214092"}],"wp:featuredmedia":[{"embeddable":true,"href":"https:\/\/www.delicias-uk.com\/pt-pt\/wp-json\/wp\/v2\/media\/89049"}],"wp:attachment":[{"href":"https:\/\/www.delicias-uk.com\/pt-pt\/wp-json\/wp\/v2\/media?parent=214092"}],"wp:term":[{"taxonomy":"pwb-brand","embeddable":true,"href":"https:\/\/www.delicias-uk.com\/pt-pt\/wp-json\/wp\/v2\/pwb-brand?post=214092"},{"taxonomy":"product_brand","embeddable":true,"href":"https:\/\/www.delicias-uk.com\/pt-pt\/wp-json\/wp\/v2\/product_brand?post=214092"},{"taxonomy":"product_cat","embeddable":true,"href":"https:\/\/www.delicias-uk.com\/pt-pt\/wp-json\/wp\/v2\/product_cat?post=214092"},{"taxonomy":"product_tag","embeddable":true,"href":"https:\/\/www.delicias-uk.com\/pt-pt\/wp-json\/wp\/v2\/product_tag?post=214092"}],"curies":[{"name":"wp","href":"https:\/\/api.w.org\/{rel}","templated":true}]}}