{"id":214090,"date":"2021-06-24T15:15:05","date_gmt":"2021-06-24T14:15:05","guid":{"rendered":"https:\/\/www.delicias-uk.com\/product\/cartuxa-brut-rose-2014-75cl-2\/"},"modified":"2026-02-24T11:49:57","modified_gmt":"2026-02-24T11:49:57","slug":"cartuxa-brut-rose-2014-75cl-2","status":"publish","type":"product","link":"https:\/\/www.delicias-uk.com\/pt-pt\/produto\/cartuxa-brut-rose-2014-75cl-2\/","title":{"rendered":"Espumante Ros\u00e9 Cartuxa Brut 2014 75cl"},"content":{"rendered":"<p style=\"margin-top:0pt;margin-bottom:0pt;margin-left:0in;vertical-align:baseline;\"><span style=\"font-size:12pt;font-family:Calibri;letter-spacing:0pt;vertical-align:baseline;\">Ap\u00f3s criteriosa sele\u00e7\u00e3o das uvas e vindima no ponto ideal de matura\u00e7\u00e3o, o vinho base fermentou em dep\u00f3sito de a\u00e7o inox, com temperatura controlada, ap\u00f3s prensagem direta. <\/span><span style=\"font-size:12pt;font-family:Calibri;letter-spacing:0pt;vertical-align:baseline;\">Est\u00e1gio sobre borra fina durante 6 meses com bat\u00f4nnage peri\u00f3dica. <\/span><span style=\"font-size:12pt;font-family:Calibri;letter-spacing:0pt;vertical-align:baseline;\">Segunda fermenta\u00e7\u00e3o em garrafa, pelo m\u00e9todo cl\u00e1ssico, seguida de est\u00e1gio sobre borra e bat\u00f4nnages intercalares durante 36 meses, nas caves do Mosteiro da Cartuxa.<\/span><\/p>\n<p style=\"margin-top:0pt;margin-bottom:0pt;margin-left:0in;vertical-align:baseline;\"><span style=\"font-size:12pt;font-family:Calibri;letter-spacing:0pt;vertical-align:baseline;\"><\/span><\/p>\n<p style=\"margin-top:0pt;margin-bottom:0pt;margin-left:0in;vertical-align:baseline;\">\n<p style=\"margin-top:0pt;margin-bottom:0pt;margin-left:0in;vertical-align:baseline;\">\n<p style=\"margin-top:0pt;margin-bottom:0pt;margin-left:0in;vertical-align:baseline;\"><span style=\"font-size:12pt;font-family:Calibri;letter-spacing:0pt;vertical-align:baseline;\">Produtor:\u00a0<\/span><span style=\"font-size:12pt;font-family:Calibri;letter-spacing:0pt;vertical-align:baseline;\"> <\/span><span style=\"font-size:12pt;font-family:Calibri;letter-spacing:0pt;vertical-align:baseline;\">Funda\u00e7\u00e3o<\/span><span style=\"font-size:12pt;font-family:Calibri;letter-spacing:0pt;vertical-align:baseline;\"> <\/span><span style=\"font-size:12pt;font-family:Calibri;letter-spacing:0pt;vertical-align:baseline;\">Eug\u00e9nio<\/span><span style=\"font-size:12pt;font-family:Calibri;letter-spacing:0pt;vertical-align:baseline;\"> de Almeida<\/span><\/p>\n<p style=\"margin-top:0pt;margin-bottom:0pt;margin-left:0in;vertical-align:baseline;\"><span style=\"font-size:12pt;font-family:Calibri;letter-spacing:0pt;vertical-align:baseline;\">Regiao:\u00a0<\/span><span style=\"font-size:12pt;font-family:Calibri;letter-spacing:0pt;vertical-align:baseline;\"> <\/span><span style=\"font-size:12pt;font-family:Calibri;letter-spacing:0pt;vertical-align:baseline;\">Alentejo<\/span><\/p>\n<p style=\"margin-top:0pt;margin-bottom:0pt;margin-left:0in;vertical-align:baseline;\"><span style=\"font-size:12pt;font-family:Calibri;letter-spacing:0pt;vertical-align:baseline;\">Pa\u00eds: Portugal<\/span><\/p>\n<p style=\"margin-top:0pt;margin-bottom:0pt;margin-left:0in;vertical-align:baseline;\"><span style=\"font-size:12pt;font-family:Calibri;letter-spacing:0pt;vertical-align:baseline;\">Tipo de\u00a0Vinho: <\/span><span style=\"font-size:12pt;font-family:Calibri;letter-spacing:0pt;vertical-align:baseline;\">Espumante <\/span><span style=\"font-size:12pt;font-family:Calibri;letter-spacing:0pt;vertical-align:baseline;\">Rose<\/span><\/p>\n<p style=\"margin-top:0pt;margin-bottom:0pt;margin-left:0in;vertical-align:baseline;\"><span style=\"font-size:12pt;font-family:Calibri;letter-spacing:0pt;vertical-align:baseline;\">Castas:\u00a0<\/span><span style=\"font-size:12pt;font-family:Calibri;letter-spacing:0pt;vertical-align:baseline;\">Touriga<\/span><span style=\"font-size:12pt;font-family:Calibri;letter-spacing:0pt;vertical-align:baseline;\"> Nacional <\/span><\/p>\n<p style=\"margin-top:0pt;margin-bottom:0pt;margin-left:0in;vertical-align:baseline;\"><span style=\"font-size:12pt;font-family:Calibri;letter-spacing:0pt;vertical-align:baseline;\">Garrafa:\u00a0750ml<\/span><\/p>\n<p style=\"margin-top:0pt;margin-bottom:0pt;margin-left:0in;vertical-align:baseline;\"><span style=\"font-size:12pt;font-family:Calibri;letter-spacing:0pt;vertical-align:baseline;\">Teor\u00a0<\/span><span style=\"font-size:12pt;font-family:Calibri;letter-spacing:0pt;vertical-align:baseline;\">Alcoolico: 12%<\/span><\/p>\n","protected":false},"excerpt":{"rendered":"<ul>\n<li style=\"vertical-align:baseline;\"><span style=\"font-size:12pt;font-family:Calibri;letter-spacing:0pt;vertical-align:baseline;\">Produtor:\u00a0<\/span><span style=\"font-size:12pt;font-family:Calibri;letter-spacing:0pt;vertical-align:baseline;\">\u00a0<\/span><span style=\"font-size:12pt;font-family:Calibri;letter-spacing:0pt;vertical-align:baseline;\">Funda\u00e7\u00e3o<\/span><span style=\"font-size:12pt;font-family:Calibri;letter-spacing:0pt;vertical-align:baseline;\">\u00a0<\/span><span style=\"font-size:12pt;font-family:Calibri;letter-spacing:0pt;vertical-align:baseline;\">Eug\u00e9nio<\/span><span style=\"font-size:12pt;font-family:Calibri;letter-spacing:0pt;vertical-align:baseline;\">\u00a0de Almeida<\/span><\/li>\n<li style=\"vertical-align:baseline;\"><span style=\"font-size:12pt;font-family:Calibri;letter-spacing:0pt;vertical-align:baseline;\">Regiao:\u00a0<\/span><span style=\"font-size:12pt;font-family:Calibri;letter-spacing:0pt;vertical-align:baseline;\">\u00a0<\/span><span style=\"font-size:12pt;font-family:Calibri;letter-spacing:0pt;vertical-align:baseline;\">Alentejo<\/span><\/li>\n<li style=\"vertical-align:baseline;\"><span style=\"font-size:12pt;font-family:Calibri;letter-spacing:0pt;vertical-align:baseline;\">Pa\u00eds: Portugal<\/span><\/li>\n<li style=\"vertical-align:baseline;\"><span style=\"font-size:12pt;font-family:Calibri;letter-spacing:0pt;vertical-align:baseline;\">Tipo de\u00a0Vinho:\u00a0<\/span><span style=\"font-size:12pt;font-family:Calibri;letter-spacing:0pt;vertical-align:baseline;\">Espumante\u00a0<\/span><span style=\"font-size:12pt;font-family:Calibri;letter-spacing:0pt;vertical-align:baseline;\">Rose<\/span><\/li>\n<li style=\"vertical-align:baseline;\"><span style=\"font-size:12pt;font-family:Calibri;letter-spacing:0pt;vertical-align:baseline;\">Castas:\u00a0<\/span><span style=\"font-size:12pt;font-family:Calibri;letter-spacing:0pt;vertical-align:baseline;\">Touriga<\/span><span style=\"font-size:12pt;font-family:Calibri;letter-spacing:0pt;vertical-align:baseline;\">\u00a0Nacional<\/span><\/li>\n<li style=\"vertical-align:baseline;\"><span style=\"font-size:12pt;font-family:Calibri;letter-spacing:0pt;vertical-align:baseline;\">Garrafa:\u00a0750ml<\/span><\/li>\n<li style=\"vertical-align:baseline;\"><span style=\"font-size:12pt;font-family:Calibri;letter-spacing:0pt;vertical-align:baseline;\">Teor\u00a0<\/span><span style=\"font-size:12pt;font-family:Calibri;letter-spacing:0pt;vertical-align:baseline;\">Alcoolico: 12%<\/span><\/li>\n<\/ul>\n","protected":false},"author":43533,"featured_media":89044,"comment_status":"open","ping_status":"closed","template":"","meta":[],"pwb-brand":[],"product_brand":[],"product_cat":[9350,8289,8291,8431,8563],"product_tag":[],"class_list":{"0":"post-214090","1":"product","2":"type-product","3":"status-publish","4":"has-post-thumbnail","6":"product_cat-espumante","7":"product_cat-inicio","8":"product_cat-produtos-portugueses","9":"product_cat-vinhos-pt-pt","10":"product_cat-espumantes","12":"first","13":"instock","14":"taxable","15":"shipping-taxable","16":"purchasable","17":"product-type-simple"},"aioseo_notices":[],"brands":[],"_links":{"self":[{"href":"https:\/\/www.delicias-uk.com\/pt-pt\/wp-json\/wp\/v2\/product\/214090","targetHints":{"allow":["GET"]}}],"collection":[{"href":"https:\/\/www.delicias-uk.com\/pt-pt\/wp-json\/wp\/v2\/product"}],"about":[{"href":"https:\/\/www.delicias-uk.com\/pt-pt\/wp-json\/wp\/v2\/types\/product"}],"author":[{"embeddable":true,"href":"https:\/\/www.delicias-uk.com\/pt-pt\/wp-json\/wp\/v2\/users\/43533"}],"replies":[{"embeddable":true,"href":"https:\/\/www.delicias-uk.com\/pt-pt\/wp-json\/wp\/v2\/comments?post=214090"}],"wp:featuredmedia":[{"embeddable":true,"href":"https:\/\/www.delicias-uk.com\/pt-pt\/wp-json\/wp\/v2\/media\/89044"}],"wp:attachment":[{"href":"https:\/\/www.delicias-uk.com\/pt-pt\/wp-json\/wp\/v2\/media?parent=214090"}],"wp:term":[{"taxonomy":"pwb-brand","embeddable":true,"href":"https:\/\/www.delicias-uk.com\/pt-pt\/wp-json\/wp\/v2\/pwb-brand?post=214090"},{"taxonomy":"product_brand","embeddable":true,"href":"https:\/\/www.delicias-uk.com\/pt-pt\/wp-json\/wp\/v2\/product_brand?post=214090"},{"taxonomy":"product_cat","embeddable":true,"href":"https:\/\/www.delicias-uk.com\/pt-pt\/wp-json\/wp\/v2\/product_cat?post=214090"},{"taxonomy":"product_tag","embeddable":true,"href":"https:\/\/www.delicias-uk.com\/pt-pt\/wp-json\/wp\/v2\/product_tag?post=214090"}],"curies":[{"name":"wp","href":"https:\/\/api.w.org\/{rel}","templated":true}]}}