{"id":214082,"date":"2021-06-24T11:08:28","date_gmt":"2021-06-24T10:08:28","guid":{"rendered":"https:\/\/www.delicias-uk.com\/product\/blog-preto-by-tiago-cabaco-2018-75cl-2\/"},"modified":"2025-08-27T11:24:23","modified_gmt":"2025-08-27T10:24:23","slug":"blog-preto-by-tiago-cabaco","status":"publish","type":"product","link":"https:\/\/www.delicias-uk.com\/pt-pt\/produto\/blog-preto-by-tiago-cabaco\/","title":{"rendered":"Blog Preto By Tiago Caba\u00e7o 2020 75cl"},"content":{"rendered":"<p data-start=\"54\" data-end=\"99\"><strong data-start=\"54\" data-end=\"97\">Blog Preto By Tiago Caba\u00e7o \u2013 Tinto 2020<\/strong><\/p>\n<p data-start=\"101\" data-end=\"223\">O Blog \u00e9 um vinho de terroir, produzido na vinha e escolhido das melhores parcelas, com uma produ\u00e7\u00e3o extremamente baixa.<\/p>\n<p data-start=\"225\" data-end=\"580\"><strong data-start=\"225\" data-end=\"244\">Notas de Prova:<\/strong> Vinho de cor rubi concentrada. \u00c9 revigorante desde o primeiro momento, com boa vivacidade, mineralidade, e fruta sedutora que envolve cerejas vermelhas, groselhas e ameixas, al\u00e9m de discretos toques florais. \u00c9 um tinto audacioso, mas suave, profundamente mineral, intenso e elegante, fresco, com um final delicado e muito prolongado.<\/p>\n<p data-start=\"582\" data-end=\"1386\"><strong data-start=\"582\" data-end=\"598\">Vinifica\u00e7\u00e3o:<\/strong> Em 2020 tivemos um ano de matura\u00e7\u00e3o longa e lenta, do qual as vinhas mais antigas e as melhores parcelas aproveitaram ao m\u00e1ximo, produzindo uvas com excelente equil\u00edbrio entre acidez e taninos. As uvas foram colhidas manualmente e colocadas em pequenas caixas. As tr\u00eas castas que mais beneficiaram da generosidade excecional da natureza foram Syrah, Alicante Bouschet e Touriga Nacional, produzindo uvas perfeitamente maduras. Com esta mat\u00e9ria-prima excecional, fizemos o m\u00ednimo poss\u00edvel, deixando que as uvas se expressassem por si mesmas. Apenas foram ligeiramente pisadas em lagares de inox, seguindo as melhores tradi\u00e7\u00f5es da regi\u00e3o, seguidas de envelhecimento em barricas de carvalho franc\u00eas novas e de segundo ano, permitindo que o vinho se exprimisse da forma mais pura poss\u00edvel.<\/p>\n<p data-start=\"1388\" data-end=\"1610\"><strong data-start=\"1388\" data-end=\"1401\">Produtor:<\/strong> Tiago Caba\u00e7o<br data-start=\"1414\" data-end=\"1417\" \/><strong data-start=\"1417\" data-end=\"1428\">Regi\u00e3o:<\/strong> Alentejo, Portugal<br data-start=\"1447\" data-end=\"1450\" \/><strong data-start=\"1450\" data-end=\"1461\">Estilo:<\/strong> Vinho Tinto<br data-start=\"1473\" data-end=\"1476\" \/><strong data-start=\"1476\" data-end=\"1487\">Castas:<\/strong> Alicante Bouschet, Syrah e Touriga Nacional<br data-start=\"1531\" data-end=\"1534\" \/><strong data-start=\"1534\" data-end=\"1545\" data-is-only-node=\"\">Volume:<\/strong> 75cl<br data-start=\"1550\" data-end=\"1553\" \/><strong data-start=\"1553\" data-end=\"1564\">\u00c1lcool:<\/strong> 14,5%<br data-start=\"1570\" data-end=\"1573\" \/><strong data-start=\"1573\" data-end=\"1600\">Temperatura de Servi\u00e7o:<\/strong> 16\u201318\u00baC<\/p>\n","protected":false},"excerpt":{"rendered":"<ul>\n<li><strong data-start=\"1388\" data-end=\"1401\">Produtor:<\/strong> Tiago Caba\u00e7o<\/li>\n<li><strong data-start=\"1417\" data-end=\"1428\">Regi\u00e3o:<\/strong> Alentejo, Portugal<\/li>\n<li><strong data-start=\"1450\" data-end=\"1461\">Estilo:<\/strong> Vinho Tinto<\/li>\n<li><strong data-start=\"1476\" data-end=\"1487\">Castas:<\/strong> Alicante Bouschet, Syrah e Touriga Nacional<\/li>\n<li><strong data-start=\"1534\" data-end=\"1545\" data-is-only-node=\"\">Volume:<\/strong> 75cl<\/li>\n<li><strong data-start=\"1553\" data-end=\"1564\">\u00c1lcool:<\/strong> 14,5%<\/li>\n<li><strong data-start=\"1573\" data-end=\"1600\">Temperatura de Servi\u00e7o:<\/strong> 16\u201318\u00baC<\/li>\n<\/ul>\n","protected":false},"author":43533,"featured_media":196159,"comment_status":"open","ping_status":"closed","template":"","meta":[],"pwb-brand":[],"product_brand":[],"product_cat":[8289,8291,8431,8449,8685],"product_tag":[9239,9237,9238],"class_list":{"0":"post-214082","1":"product","2":"type-product","3":"status-publish","4":"has-post-thumbnail","6":"product_cat-inicio","7":"product_cat-produtos-portugueses","8":"product_cat-vinhos-pt-pt","9":"product_cat-vinho-tinto","10":"product_cat-alentejo-pt-pt","11":"product_tag-alentejo-pt-pt","12":"product_tag-red-wine-pt-pt","13":"product_tag-wine-pt-pt","15":"first","16":"instock","17":"taxable","18":"shipping-taxable","19":"purchasable","20":"product-type-simple"},"aioseo_notices":[],"brands":[],"_links":{"self":[{"href":"https:\/\/www.delicias-uk.com\/pt-pt\/wp-json\/wp\/v2\/product\/214082","targetHints":{"allow":["GET"]}}],"collection":[{"href":"https:\/\/www.delicias-uk.com\/pt-pt\/wp-json\/wp\/v2\/product"}],"about":[{"href":"https:\/\/www.delicias-uk.com\/pt-pt\/wp-json\/wp\/v2\/types\/product"}],"author":[{"embeddable":true,"href":"https:\/\/www.delicias-uk.com\/pt-pt\/wp-json\/wp\/v2\/users\/43533"}],"replies":[{"embeddable":true,"href":"https:\/\/www.delicias-uk.com\/pt-pt\/wp-json\/wp\/v2\/comments?post=214082"}],"wp:featuredmedia":[{"embeddable":true,"href":"https:\/\/www.delicias-uk.com\/pt-pt\/wp-json\/wp\/v2\/media\/196159"}],"wp:attachment":[{"href":"https:\/\/www.delicias-uk.com\/pt-pt\/wp-json\/wp\/v2\/media?parent=214082"}],"wp:term":[{"taxonomy":"pwb-brand","embeddable":true,"href":"https:\/\/www.delicias-uk.com\/pt-pt\/wp-json\/wp\/v2\/pwb-brand?post=214082"},{"taxonomy":"product_brand","embeddable":true,"href":"https:\/\/www.delicias-uk.com\/pt-pt\/wp-json\/wp\/v2\/product_brand?post=214082"},{"taxonomy":"product_cat","embeddable":true,"href":"https:\/\/www.delicias-uk.com\/pt-pt\/wp-json\/wp\/v2\/product_cat?post=214082"},{"taxonomy":"product_tag","embeddable":true,"href":"https:\/\/www.delicias-uk.com\/pt-pt\/wp-json\/wp\/v2\/product_tag?post=214082"}],"curies":[{"name":"wp","href":"https:\/\/api.w.org\/{rel}","templated":true}]}}