{"id":214080,"date":"2021-06-24T11:02:01","date_gmt":"2021-06-24T10:02:01","guid":{"rendered":"https:\/\/www.delicias-uk.com\/product\/red-alent-am-reserva-do-comendador-2014-75cl-2\/"},"modified":"2026-01-31T19:45:43","modified_gmt":"2026-01-31T19:45:43","slug":"adega-mayor-reserva-do-comendador-2017-75cl","status":"publish","type":"product","link":"https:\/\/www.delicias-uk.com\/pt-pt\/produto\/adega-mayor-reserva-do-comendador-2017-75cl\/","title":{"rendered":"Adega Mayor Reserva do Comendador 2017 75cl"},"content":{"rendered":"<p>Nas plan\u00edcies de Campo Maior, crescem as vinhas que d\u00e3o origem a vinhos de car\u00e1ter fresco e marcante. Foi neste ondulante dorso alentejano que o Arq\u00ba Siza Vieira desenhou o tra\u00e7o inconfund\u00edvel desta Adega. Assim se desenha a paisagem, assim se sonham os vinhos que fazem desta uma Adega Mayor. Cor granada. Aroma intenso com notas de cereja preta e amora silvestre. Paladar encorpado, taninos maduros, final longo e persistente.<\/p>\n<p>Produtor: Adega Mayor<\/p>\n<p>Regiao: Alentejo<\/p>\n<p>Pa\u00eds: Portugal<\/p>\n<p>Tipo de Vinho: Tinto<\/p>\n<p>Uva: Alicante\u00a0Bouschet\u00a0&#8211; Syrah \u2013 Touriga Nacional<\/p>\n<p>Garrafa: 750ml<\/p>\n<p>Teor Alcoolico: 15%<\/p>\n<p>Gastronomia: Uma companhia elegante e refinada para aliar a uma sele\u00e7\u00e3o de queijos fortes e pratos de carne no forno. Excelente harmonia com pratos ca\u00e7a e\/ou de aromas e sabores bem intensos e condimentados.<\/p>\n<p>&nbsp;<\/p>\n<p>&nbsp;<\/p>\n","protected":false},"excerpt":{"rendered":"<p style=\"margin-top: 0pt; margin-bottom: 0pt; margin-left: 0in; text-align: left; vertical-align: baseline;\"><span style=\"font-size: 10pt; font-family: Calibri; color: #000000;\">Produtor<\/span><span style=\"font-size: 10pt; font-family: Calibri; color: #000000;\">:\u00a0<\/span><span style=\"font-size: 10pt; font-family: Calibri; color: #000000;\">Adega<\/span><span style=\"font-size: 10pt; font-family: Calibri; color: #000000;\">\u00a0Mayor<\/span><\/p>\n<p style=\"margin-top: 0pt; margin-bottom: 0pt; margin-left: 0in; text-align: left; vertical-align: baseline;\"><span style=\"font-size: 10pt; font-family: Calibri; color: #000000;\">Regiao<\/span><span style=\"font-size: 10pt; font-family: Calibri; color: #000000;\">:\u00a0<\/span><span style=\"font-size: 10pt; font-family: Calibri; color: #000000;\">Alentejo<\/span><\/p>\n<p style=\"margin-top: 0pt; margin-bottom: 0pt; margin-left: 0in; text-align: left; vertical-align: baseline;\"><span style=\"font-size: 10pt; font-family: Calibri; color: #000000;\">Pa\u00eds: Portugal<\/span><\/p>\n<p style=\"margin-top: 0pt; margin-bottom: 0pt; margin-left: 0in; text-align: left; vertical-align: baseline;\"><span style=\"font-size: 10pt; font-family: Calibri; color: #000000;\">Tipo de\u00a0<\/span><span style=\"font-size: 10pt; font-family: Calibri; color: #000000;\">Vinho<\/span><span style=\"font-size: 10pt; font-family: Calibri; color: #000000;\">: Tinto<\/span><\/p>\n<p style=\"margin-top: 0pt; margin-bottom: 0pt; margin-left: 0in; text-align: left; vertical-align: baseline;\"><span style=\"font-size: 10pt; font-family: Calibri; color: #000000;\">Uva<\/span><span style=\"font-size: 10pt; font-family: Calibri; color: #000000;\">: Alicante\u00a0<\/span><span style=\"font-size: 10pt; font-family: Calibri; color: #000000;\">Bouschet<\/span><span style=\"font-size: 10pt; font-family: Calibri; color: #000000;\">\u00a0&#8211; Syrah \u2013\u00a0<\/span><span style=\"font-size: 10pt; font-family: Calibri; color: #000000;\">Touriga<\/span><span style=\"font-size: 10pt; font-family: Calibri; color: #000000;\">\u00a0Nacional<\/span><\/p>\n<p style=\"margin-top: 0pt; margin-bottom: 0pt; margin-left: 0in; text-align: left; vertical-align: baseline;\"><span style=\"font-size: 10pt; font-family: Calibri; color: #000000;\">G<\/span><span style=\"font-size: 10pt; font-family: Calibri; color: #000000;\">arrafa<\/span><span style=\"font-size: 10pt; font-family: Calibri; color: #000000;\">:\u00a0<\/span><span style=\"font-size: 10pt; font-family: Calibri; color: #000000;\">750ml<\/span><\/p>\n<p style=\"margin-top: 0pt; margin-bottom: 0pt; margin-left: 0in; text-align: left; vertical-align: baseline;\"><span style=\"font-size: 10pt; font-family: Calibri; color: #000000;\">Teor<\/span><span style=\"font-size: 10pt; font-family: Calibri; color: #000000;\">\u00a0<\/span><span style=\"font-size: 10pt; font-family: Calibri; color: #000000;\">Alcoolico<\/span><span style=\"font-size: 10pt; font-family: Calibri; color: #000000;\">: 15%<\/span><\/p>\n","protected":false},"author":43533,"featured_media":219960,"comment_status":"open","ping_status":"closed","template":"","meta":[],"pwb-brand":[],"product_brand":[],"product_cat":[8289,8291,8431,8449,8685],"product_tag":[],"class_list":{"0":"post-214080","1":"product","2":"type-product","3":"status-publish","4":"has-post-thumbnail","6":"product_cat-inicio","7":"product_cat-produtos-portugueses","8":"product_cat-vinhos-pt-pt","9":"product_cat-vinho-tinto","10":"product_cat-alentejo-pt-pt","12":"first","13":"instock","14":"taxable","15":"shipping-taxable","16":"purchasable","17":"product-type-simple"},"aioseo_notices":[],"brands":[],"_links":{"self":[{"href":"https:\/\/www.delicias-uk.com\/pt-pt\/wp-json\/wp\/v2\/product\/214080","targetHints":{"allow":["GET"]}}],"collection":[{"href":"https:\/\/www.delicias-uk.com\/pt-pt\/wp-json\/wp\/v2\/product"}],"about":[{"href":"https:\/\/www.delicias-uk.com\/pt-pt\/wp-json\/wp\/v2\/types\/product"}],"author":[{"embeddable":true,"href":"https:\/\/www.delicias-uk.com\/pt-pt\/wp-json\/wp\/v2\/users\/43533"}],"replies":[{"embeddable":true,"href":"https:\/\/www.delicias-uk.com\/pt-pt\/wp-json\/wp\/v2\/comments?post=214080"}],"wp:featuredmedia":[{"embeddable":true,"href":"https:\/\/www.delicias-uk.com\/pt-pt\/wp-json\/wp\/v2\/media\/219960"}],"wp:attachment":[{"href":"https:\/\/www.delicias-uk.com\/pt-pt\/wp-json\/wp\/v2\/media?parent=214080"}],"wp:term":[{"taxonomy":"pwb-brand","embeddable":true,"href":"https:\/\/www.delicias-uk.com\/pt-pt\/wp-json\/wp\/v2\/pwb-brand?post=214080"},{"taxonomy":"product_brand","embeddable":true,"href":"https:\/\/www.delicias-uk.com\/pt-pt\/wp-json\/wp\/v2\/product_brand?post=214080"},{"taxonomy":"product_cat","embeddable":true,"href":"https:\/\/www.delicias-uk.com\/pt-pt\/wp-json\/wp\/v2\/product_cat?post=214080"},{"taxonomy":"product_tag","embeddable":true,"href":"https:\/\/www.delicias-uk.com\/pt-pt\/wp-json\/wp\/v2\/product_tag?post=214080"}],"curies":[{"name":"wp","href":"https:\/\/api.w.org\/{rel}","templated":true}]}}