{"id":214074,"date":"2021-06-21T17:48:58","date_gmt":"2021-06-21T17:48:58","guid":{"rendered":"https:\/\/www.delicias-uk.com\/product\/casa-ermelinda-de-freitas-pinot-noir-reserva-2013-75cl-2\/"},"modified":"2021-06-21T17:48:58","modified_gmt":"2021-06-21T17:48:58","slug":"casa-ermelinda-de-freitas-pinot-noir-reserva-2013-75cl-2","status":"publish","type":"product","link":"https:\/\/www.delicias-uk.com\/pt-pt\/produto\/casa-ermelinda-de-freitas-pinot-noir-reserva-2013-75cl-2\/","title":{"rendered":"Casa Ermelinda de Freitas Pinot Noir Reserva 2021 75cl"},"content":{"rendered":"<p style=\"line-height:normal;text-indent:0in;text-align:left;margin:0pt 0in 0pt 0in;\">Um vinho de cor rubi com o aroma frutado de fruta madura e a do\u00e7ura t\u00edpica do Pinot Noir, bem integrado com madeira. \u00c9 redondo e cheio na boca, com um final rico, persistente e elegante.<\/p>\n<ul>\n<li>Produtor: Casa Ermelinda de Freitas<\/li>\n<li>Regi\u00e3o:\u00a0 Pen\u00ednsula de Set\u00fabal<\/li>\n<li>Pa\u00eds: Portugal<\/li>\n<li>Estilo do vinho: Vinho tinto<\/li>\n<li>Uva \/ Mistura: Pinot Noir<\/li>\n<li>Garrafa: 750ml<\/li>\n<li>Teor alco\u00f3lico: 14%<\/li>\n<\/ul>\n<p style=\"margin-top:0pt;margin-bottom:0pt;margin-left:0in;text-align:left;\">\n","protected":false},"excerpt":{"rendered":"<ul style=\"list-style-type:disc;\">\n<li>Produtor: Casa Ermelinda de Freitas<\/li>\n<li>Regi\u00e3o:\u00a0 Pen\u00ednsula de Set\u00fabal<\/li>\n<li>Pa\u00eds: Portugal<\/li>\n<li>Estilo do vinho: Vinho tinto<\/li>\n<li>Uva \/ Mistura: Pinot Noir<\/li>\n<li>Garrafa: 750ml<\/li>\n<li>Teor alco\u00f3lico: 14%<\/li>\n<\/ul>\n<p style=\"margin-top:0pt;margin-bottom:0pt;margin-left:0in;text-align:left;\">\n","protected":false},"author":43533,"featured_media":64290,"comment_status":"open","ping_status":"closed","template":"","meta":[],"pwb-brand":[],"product_brand":[],"product_cat":[9348,8289,8291,8431,8449,8889,8499,8347],"product_tag":[],"class_list":{"0":"post-214074","1":"product","2":"type-product","3":"status-publish","4":"has-post-thumbnail","6":"product_cat-vinho-tinto-pt-pt-2","7":"product_cat-inicio","8":"product_cat-produtos-portugueses","9":"product_cat-vinhos-pt-pt","10":"product_cat-vinho-tinto","11":"product_cat-setubal-peninsula-pt-pt","12":"product_cat-sem-glutem","13":"product_cat-vegetariano","15":"first","16":"instock","17":"taxable","18":"shipping-taxable","19":"purchasable","20":"product-type-simple"},"aioseo_notices":[],"brands":[],"_links":{"self":[{"href":"https:\/\/www.delicias-uk.com\/pt-pt\/wp-json\/wp\/v2\/product\/214074","targetHints":{"allow":["GET"]}}],"collection":[{"href":"https:\/\/www.delicias-uk.com\/pt-pt\/wp-json\/wp\/v2\/product"}],"about":[{"href":"https:\/\/www.delicias-uk.com\/pt-pt\/wp-json\/wp\/v2\/types\/product"}],"author":[{"embeddable":true,"href":"https:\/\/www.delicias-uk.com\/pt-pt\/wp-json\/wp\/v2\/users\/43533"}],"replies":[{"embeddable":true,"href":"https:\/\/www.delicias-uk.com\/pt-pt\/wp-json\/wp\/v2\/comments?post=214074"}],"wp:featuredmedia":[{"embeddable":true,"href":"https:\/\/www.delicias-uk.com\/pt-pt\/wp-json\/wp\/v2\/media\/64290"}],"wp:attachment":[{"href":"https:\/\/www.delicias-uk.com\/pt-pt\/wp-json\/wp\/v2\/media?parent=214074"}],"wp:term":[{"taxonomy":"pwb-brand","embeddable":true,"href":"https:\/\/www.delicias-uk.com\/pt-pt\/wp-json\/wp\/v2\/pwb-brand?post=214074"},{"taxonomy":"product_brand","embeddable":true,"href":"https:\/\/www.delicias-uk.com\/pt-pt\/wp-json\/wp\/v2\/product_brand?post=214074"},{"taxonomy":"product_cat","embeddable":true,"href":"https:\/\/www.delicias-uk.com\/pt-pt\/wp-json\/wp\/v2\/product_cat?post=214074"},{"taxonomy":"product_tag","embeddable":true,"href":"https:\/\/www.delicias-uk.com\/pt-pt\/wp-json\/wp\/v2\/product_tag?post=214074"}],"curies":[{"name":"wp","href":"https:\/\/api.w.org\/{rel}","templated":true}]}}