{"id":214052,"date":"2021-06-14T16:53:40","date_gmt":"2021-06-14T15:53:40","guid":{"rendered":"https:\/\/www.delicias-uk.com\/product\/lua-cheia-douro-2021-75cl-2\/"},"modified":"2026-01-20T10:08:45","modified_gmt":"2026-01-20T10:08:45","slug":"lua-cheia-douro-2022-75cl-2","status":"publish","type":"product","link":"https:\/\/www.delicias-uk.com\/pt-pt\/produto\/lua-cheia-douro-2022-75cl-2\/","title":{"rendered":"Lua Cheia Douro 2022 75cl"},"content":{"rendered":"<p>Desengace total e triturado, fermenta\u00e7\u00e3o pr\u00e9-macera\u00e7\u00e3o 12 horas a 34\u00baC para aumento da fun\u00e7\u00e3o enzim\u00e1tica; levedura pr\u00e9-selecionada; fermenta\u00e7\u00e3o alco\u00f3lica a temperatura controlada (22-24\u00baC); remontagem leve (remontagem). Cor granada profunda. Muito arom\u00e1tico com notas de mirtilo e amoras. Encorpado e concentrado mas muito fresco com taninos maduros e redondos. Como no nariz, muito perfumado com as mesmas notas de mirtilo e amoras. Final muito longo e persistente. Armazenamento Deitado a uma temperatura de 15 \u00b0C. Servir a uma temperatura de 16 \u00b0C a 18\u00b0C. Acompanha bem ca\u00e7a, carnes assadas e queijos de pasta mole.<\/p>\n<ul>\n<li><strong>Produtor<\/strong>: Saven<\/li>\n<li><strong>Regi\u00e3o<\/strong>: Douro<\/li>\n<li><strong>Pa\u00eds<\/strong>: Portugal<\/li>\n<li><strong>Tipo de Vinho<\/strong>: Tinto<\/li>\n<li><strong>Castas<\/strong>:\u00a0 Vinhas Velhas<\/li>\n<li><strong>Garrafa<\/strong>: 750ml<\/li>\n<li><strong>Teor Alcoolico<\/strong>: 13.5%<\/li>\n<\/ul>\n","protected":false},"excerpt":{"rendered":"<ul style=\"list-style-type: disc\">\n<li><strong>Produtor<\/strong>: Saven<\/li>\n<li><strong>Regi\u00e3o<\/strong>: Douro<\/li>\n<li><strong>Pa\u00eds<\/strong>: Portugal<\/li>\n<li><strong>Tipo de Vinho<\/strong>: Tinto<\/li>\n<li><strong>Castas<\/strong>:\u00a0 Vinhas Velhas<\/li>\n<li><strong>Garrafa<\/strong>: 750ml<\/li>\n<li><strong>Teor Alcoolico<\/strong>: 13.5%<\/li>\n<\/ul>\n","protected":false},"author":43533,"featured_media":234583,"comment_status":"open","ping_status":"closed","template":"","meta":[],"pwb-brand":[],"product_brand":[],"product_cat":[8289,8291,8431,8449,8823],"product_tag":[],"class_list":{"0":"post-214052","1":"product","2":"type-product","3":"status-publish","4":"has-post-thumbnail","6":"product_cat-inicio","7":"product_cat-produtos-portugueses","8":"product_cat-vinhos-pt-pt","9":"product_cat-vinho-tinto","10":"product_cat-douro-pt-pt","12":"first","13":"instock","14":"taxable","15":"shipping-taxable","16":"purchasable","17":"product-type-simple"},"aioseo_notices":[],"brands":[],"_links":{"self":[{"href":"https:\/\/www.delicias-uk.com\/pt-pt\/wp-json\/wp\/v2\/product\/214052","targetHints":{"allow":["GET"]}}],"collection":[{"href":"https:\/\/www.delicias-uk.com\/pt-pt\/wp-json\/wp\/v2\/product"}],"about":[{"href":"https:\/\/www.delicias-uk.com\/pt-pt\/wp-json\/wp\/v2\/types\/product"}],"author":[{"embeddable":true,"href":"https:\/\/www.delicias-uk.com\/pt-pt\/wp-json\/wp\/v2\/users\/43533"}],"replies":[{"embeddable":true,"href":"https:\/\/www.delicias-uk.com\/pt-pt\/wp-json\/wp\/v2\/comments?post=214052"}],"wp:featuredmedia":[{"embeddable":true,"href":"https:\/\/www.delicias-uk.com\/pt-pt\/wp-json\/wp\/v2\/media\/234583"}],"wp:attachment":[{"href":"https:\/\/www.delicias-uk.com\/pt-pt\/wp-json\/wp\/v2\/media?parent=214052"}],"wp:term":[{"taxonomy":"pwb-brand","embeddable":true,"href":"https:\/\/www.delicias-uk.com\/pt-pt\/wp-json\/wp\/v2\/pwb-brand?post=214052"},{"taxonomy":"product_brand","embeddable":true,"href":"https:\/\/www.delicias-uk.com\/pt-pt\/wp-json\/wp\/v2\/product_brand?post=214052"},{"taxonomy":"product_cat","embeddable":true,"href":"https:\/\/www.delicias-uk.com\/pt-pt\/wp-json\/wp\/v2\/product_cat?post=214052"},{"taxonomy":"product_tag","embeddable":true,"href":"https:\/\/www.delicias-uk.com\/pt-pt\/wp-json\/wp\/v2\/product_tag?post=214052"}],"curies":[{"name":"wp","href":"https:\/\/api.w.org\/{rel}","templated":true}]}}