{"id":214024,"date":"2021-06-01T17:26:36","date_gmt":"2021-06-01T16:26:36","guid":{"rendered":"https:\/\/www.delicias-uk.com\/product\/tiago-cabaco-vinhas-velhas-2021-75cl-2\/"},"modified":"2026-02-24T11:53:04","modified_gmt":"2026-02-24T11:53:04","slug":"tiago-cabaco-vinhas-velhas-2021-75cl-2","status":"publish","type":"product","link":"https:\/\/www.delicias-uk.com\/pt-pt\/produto\/tiago-cabaco-vinhas-velhas-2021-75cl-2\/","title":{"rendered":"Tiago Caba\u00e7o Vinhas Velhas 2023 75cl"},"content":{"rendered":"<p data-start=\"56\" data-end=\"96\"><strong data-start=\"56\" data-end=\"94\">Tiago Caba\u00e7o Vinhas Velhas \u2013 Tinto<\/strong><\/p>\n<p data-start=\"98\" data-end=\"239\">S\u00e3o das nossas vinhas mais antigas, plantadas na regi\u00e3o de Estremoz, que selecion\u00e1mos as melhores uvas das castas tradicionais do Alentejo.<\/p>\n<p data-start=\"241\" data-end=\"398\"><strong data-start=\"241\" data-end=\"260\">Notas de Prova:<\/strong> Cor vermelha profunda. Complexo e perfumado, este vinho \u00e9 estruturado e fresco, com taninos finos. O final \u00e9 bem marcado e persistente.<\/p>\n<p data-start=\"400\" data-end=\"850\"><strong data-start=\"400\" data-end=\"416\">Vinifica\u00e7\u00e3o:<\/strong> A colheita decorreu de forma tranquila, com matura\u00e7\u00e3o prolongada. O clima foi, de modo geral, moderado ao longo do ano. Todas as uvas foram cuidadosamente selecionadas numa mesa de triagem antes de entrarem na adega e nos lagares de inox, onde foram pisadas a p\u00e9. Este vinho fermentou 100% nesses lagares com controlo de temperatura e posteriormente envelheceu em barricas de carvalho franc\u00eas antes do blend final e engarrafamento.<\/p>\n<p data-start=\"852\" data-end=\"1070\"><strong data-start=\"852\" data-end=\"865\">Produtor:<\/strong> Tiago Caba\u00e7o<br data-start=\"878\" data-end=\"881\" \/><strong data-start=\"881\" data-end=\"892\">Regi\u00e3o:<\/strong> Alentejo, Portugal<br data-start=\"911\" data-end=\"914\" \/><strong data-start=\"914\" data-end=\"925\">Estilo:<\/strong> Vinho Tinto<br data-start=\"937\" data-end=\"940\" \/><strong data-start=\"940\" data-end=\"951\">Castas:<\/strong> Aragonez, Alicante Bouschet e Trincadeira<br data-start=\"993\" data-end=\"996\" \/><strong data-start=\"996\" data-end=\"1007\" data-is-only-node=\"\">Volume:<\/strong> 75cl<br data-start=\"1012\" data-end=\"1015\" \/><strong data-start=\"1015\" data-end=\"1026\">\u00c1lcool:<\/strong> 15%<br data-start=\"1030\" data-end=\"1033\" \/><strong data-start=\"1033\" data-end=\"1060\">Temperatura de Servi\u00e7o:<\/strong> 16\u201318\u00baC<\/p>\n","protected":false},"excerpt":{"rendered":"<ul>\n<li><strong data-start=\"852\" data-end=\"865\">Produtor:<\/strong> Tiago Caba\u00e7o<\/li>\n<li><strong data-start=\"881\" data-end=\"892\">Regi\u00e3o:<\/strong> Alentejo, Portugal<\/li>\n<li><strong data-start=\"914\" data-end=\"925\">Estilo:<\/strong> Vinho Tinto<\/li>\n<li><strong data-start=\"940\" data-end=\"951\">Castas:<\/strong> Aragonez, Alicante Bouschet e Trincadeira<\/li>\n<li><strong data-start=\"996\" data-end=\"1007\" data-is-only-node=\"\">Volume:<\/strong> 75cl<\/li>\n<li><strong data-start=\"1015\" data-end=\"1026\">\u00c1lcool:<\/strong> 15%<\/li>\n<li><strong data-start=\"1033\" data-end=\"1060\">Temperatura de Servi\u00e7o:<\/strong> 16\u201318\u00baC<\/li>\n<\/ul>\n","protected":false},"author":43533,"featured_media":234041,"comment_status":"open","ping_status":"closed","template":"","meta":[],"pwb-brand":[],"product_brand":[],"product_cat":[8289,8291,8431,8449,8685],"product_tag":[9239,9237,9238],"class_list":{"0":"post-214024","1":"product","2":"type-product","3":"status-publish","4":"has-post-thumbnail","6":"product_cat-inicio","7":"product_cat-produtos-portugueses","8":"product_cat-vinhos-pt-pt","9":"product_cat-vinho-tinto","10":"product_cat-alentejo-pt-pt","11":"product_tag-alentejo-pt-pt","12":"product_tag-red-wine-pt-pt","13":"product_tag-wine-pt-pt","15":"first","16":"instock","17":"taxable","18":"shipping-taxable","19":"purchasable","20":"product-type-simple"},"aioseo_notices":[],"brands":[],"_links":{"self":[{"href":"https:\/\/www.delicias-uk.com\/pt-pt\/wp-json\/wp\/v2\/product\/214024","targetHints":{"allow":["GET"]}}],"collection":[{"href":"https:\/\/www.delicias-uk.com\/pt-pt\/wp-json\/wp\/v2\/product"}],"about":[{"href":"https:\/\/www.delicias-uk.com\/pt-pt\/wp-json\/wp\/v2\/types\/product"}],"author":[{"embeddable":true,"href":"https:\/\/www.delicias-uk.com\/pt-pt\/wp-json\/wp\/v2\/users\/43533"}],"replies":[{"embeddable":true,"href":"https:\/\/www.delicias-uk.com\/pt-pt\/wp-json\/wp\/v2\/comments?post=214024"}],"wp:featuredmedia":[{"embeddable":true,"href":"https:\/\/www.delicias-uk.com\/pt-pt\/wp-json\/wp\/v2\/media\/234041"}],"wp:attachment":[{"href":"https:\/\/www.delicias-uk.com\/pt-pt\/wp-json\/wp\/v2\/media?parent=214024"}],"wp:term":[{"taxonomy":"pwb-brand","embeddable":true,"href":"https:\/\/www.delicias-uk.com\/pt-pt\/wp-json\/wp\/v2\/pwb-brand?post=214024"},{"taxonomy":"product_brand","embeddable":true,"href":"https:\/\/www.delicias-uk.com\/pt-pt\/wp-json\/wp\/v2\/product_brand?post=214024"},{"taxonomy":"product_cat","embeddable":true,"href":"https:\/\/www.delicias-uk.com\/pt-pt\/wp-json\/wp\/v2\/product_cat?post=214024"},{"taxonomy":"product_tag","embeddable":true,"href":"https:\/\/www.delicias-uk.com\/pt-pt\/wp-json\/wp\/v2\/product_tag?post=214024"}],"curies":[{"name":"wp","href":"https:\/\/api.w.org\/{rel}","templated":true}]}}