{"id":214022,"date":"2021-06-01T16:18:52","date_gmt":"2021-06-01T15:18:52","guid":{"rendered":"https:\/\/www.delicias-uk.com\/product\/red-alent-tiago-cabaco-alicante-bouchet-2016-75cl-2\/"},"modified":"2025-08-27T13:37:36","modified_gmt":"2025-08-27T12:37:36","slug":"red-alent-tiago-cabaco-alicante-bouchet","status":"publish","type":"product","link":"https:\/\/www.delicias-uk.com\/pt-pt\/produto\/red-alent-tiago-cabaco-alicante-bouchet\/","title":{"rendered":"Tiago Caba\u00e7o Alicante Bouchet 2018 75cl"},"content":{"rendered":"<p data-start=\"56\" data-end=\"94\"><strong data-start=\"56\" data-end=\"92\">Tiago Caba\u00e7o \u2013 Alicante Bouschet<\/strong><\/p>\n<p data-start=\"96\" data-end=\"530\">Este Alicante Bouschet \u00e9 a d\u00e9cima colheita de um conjunto de vinhos de casta \u00fanica, assinatura de Tiago Caba\u00e7o. Para n\u00f3s, a escolha do Alicante Bouschet foi natural e imediata, devido ao amplo reconhecimento e cultivo desta casta no Alentejo e aos excelentes resultados que temos obtido na vinifica\u00e7\u00e3o de parcelas selecionadas. Selecionamos apenas as parcelas onde a casta expressa todo o seu potencial e a riqueza do nosso terroir.<\/p>\n<p data-start=\"532\" data-end=\"703\"><strong data-start=\"532\" data-end=\"551\">Notas de Prova:<\/strong> Cor rubi compacta, taninos finos mas tamb\u00e9m poderosos. Aroma complexo com uma rica mistura de notas de fruta vermelha madura. Final longo e elegante.<\/p>\n<p data-start=\"705\" data-end=\"1014\"><strong data-start=\"705\" data-end=\"721\">Vinifica\u00e7\u00e3o:<\/strong> A colheita foi realizada manualmente, e as uvas transportadas para a adega em pequenas caixas. Ap\u00f3s o desengace, as uvas foram pisadas a p\u00e9 em lagares modernos de inox com controlo de temperatura, seguidas de envelhecimento em barricas de carvalho franc\u00eas e longo envelhecimento em garrafa.<\/p>\n<p data-start=\"1016\" data-end=\"1209\"><strong data-start=\"1016\" data-end=\"1029\">Produtor:<\/strong> Tiago Caba\u00e7o<br data-start=\"1042\" data-end=\"1045\" \/><strong data-start=\"1045\" data-end=\"1056\">Regi\u00e3o:<\/strong> Alentejo, Portugal<br data-start=\"1075\" data-end=\"1078\" \/><strong data-start=\"1078\" data-end=\"1089\">Estilo:<\/strong> Vinho Tinto<br data-start=\"1101\" data-end=\"1104\" \/><strong data-start=\"1104\" data-end=\"1114\">Casta:<\/strong> Alicante Bouschet<br data-start=\"1132\" data-end=\"1135\" \/><strong data-start=\"1135\" data-end=\"1146\" data-is-only-node=\"\">Volume:<\/strong> 75cl<br data-start=\"1151\" data-end=\"1154\" \/><strong data-start=\"1154\" data-end=\"1165\">\u00c1lcool:<\/strong> 15%<br data-start=\"1169\" data-end=\"1172\" \/><strong data-start=\"1172\" data-end=\"1199\">Temperatura de Servi\u00e7o:<\/strong> 16\u201318\u00baC<\/p>\n","protected":false},"excerpt":{"rendered":"<ul>\n<li><strong data-start=\"1016\" data-end=\"1029\">Produtor:<\/strong> Tiago Caba\u00e7o<\/li>\n<li><strong data-start=\"1045\" data-end=\"1056\">Regi\u00e3o:<\/strong> Alentejo, Portugal<\/li>\n<li><strong data-start=\"1078\" data-end=\"1089\">Estilo:<\/strong> Vinho Tinto<\/li>\n<li><strong data-start=\"1104\" data-end=\"1114\">Casta:<\/strong> Alicante Bouschet<\/li>\n<li><strong data-start=\"1135\" data-end=\"1146\" data-is-only-node=\"\">Volume:<\/strong> 75cl<\/li>\n<li><strong data-start=\"1154\" data-end=\"1165\">\u00c1lcool:<\/strong> 15%<\/li>\n<li><strong data-start=\"1172\" data-end=\"1199\">Temperatura de Servi\u00e7o:<\/strong> 16\u201318\u00baC<\/li>\n<\/ul>\n","protected":false},"author":43533,"featured_media":234028,"comment_status":"open","ping_status":"closed","template":"","meta":[],"pwb-brand":[],"product_brand":[],"product_cat":[8289,8291,8431,8449,8685],"product_tag":[9239,9237,9238],"class_list":{"0":"post-214022","1":"product","2":"type-product","3":"status-publish","4":"has-post-thumbnail","6":"product_cat-inicio","7":"product_cat-produtos-portugueses","8":"product_cat-vinhos-pt-pt","9":"product_cat-vinho-tinto","10":"product_cat-alentejo-pt-pt","11":"product_tag-alentejo-pt-pt","12":"product_tag-red-wine-pt-pt","13":"product_tag-wine-pt-pt","15":"first","16":"instock","17":"taxable","18":"shipping-taxable","19":"purchasable","20":"product-type-simple"},"aioseo_notices":[],"brands":[],"_links":{"self":[{"href":"https:\/\/www.delicias-uk.com\/pt-pt\/wp-json\/wp\/v2\/product\/214022","targetHints":{"allow":["GET"]}}],"collection":[{"href":"https:\/\/www.delicias-uk.com\/pt-pt\/wp-json\/wp\/v2\/product"}],"about":[{"href":"https:\/\/www.delicias-uk.com\/pt-pt\/wp-json\/wp\/v2\/types\/product"}],"author":[{"embeddable":true,"href":"https:\/\/www.delicias-uk.com\/pt-pt\/wp-json\/wp\/v2\/users\/43533"}],"replies":[{"embeddable":true,"href":"https:\/\/www.delicias-uk.com\/pt-pt\/wp-json\/wp\/v2\/comments?post=214022"}],"wp:featuredmedia":[{"embeddable":true,"href":"https:\/\/www.delicias-uk.com\/pt-pt\/wp-json\/wp\/v2\/media\/234028"}],"wp:attachment":[{"href":"https:\/\/www.delicias-uk.com\/pt-pt\/wp-json\/wp\/v2\/media?parent=214022"}],"wp:term":[{"taxonomy":"pwb-brand","embeddable":true,"href":"https:\/\/www.delicias-uk.com\/pt-pt\/wp-json\/wp\/v2\/pwb-brand?post=214022"},{"taxonomy":"product_brand","embeddable":true,"href":"https:\/\/www.delicias-uk.com\/pt-pt\/wp-json\/wp\/v2\/product_brand?post=214022"},{"taxonomy":"product_cat","embeddable":true,"href":"https:\/\/www.delicias-uk.com\/pt-pt\/wp-json\/wp\/v2\/product_cat?post=214022"},{"taxonomy":"product_tag","embeddable":true,"href":"https:\/\/www.delicias-uk.com\/pt-pt\/wp-json\/wp\/v2\/product_tag?post=214022"}],"curies":[{"name":"wp","href":"https:\/\/api.w.org\/{rel}","templated":true}]}}