{"id":213990,"date":"2021-05-10T17:47:51","date_gmt":"2021-05-10T16:47:51","guid":{"rendered":"https:\/\/www.delicias-uk.com\/product\/salsichas-tipo-frankfurt-nobre-lata-de-200g\/"},"modified":"2026-05-04T19:01:02","modified_gmt":"2026-05-04T18:01:02","slug":"salsichas-tipo-frankfurt-nobre-lata-de-200g","status":"publish","type":"product","link":"https:\/\/www.delicias-uk.com\/pt-pt\/produto\/salsichas-tipo-frankfurt-nobre-lata-de-200g\/","title":{"rendered":"Salsichas Tipo Frankfurt Nobre Lata 200g"},"content":{"rendered":"<p>Os enchidos mais ic\u00f3nicos de Portugal. As salsichas Frankfurt s\u00e3o elaboradas com carne de alta qualidade para garantir um sabor irresist\u00edvel. O melhor? R\u00e1pido e f\u00e1cil de preparar, ideal para refei\u00e7\u00f5es ou lanches saborosos. Voc\u00ea sabia que pode aquec\u00ea-los de diversas maneiras?<\/p>\n","protected":false},"excerpt":{"rendered":"<ul style=\"list-style-type:disc\">\n<li>Peso l\u00edquido 200g<\/li>\n<li>Cont\u00e9m 8 unidades<\/li>\n<li>Alto teor de prote\u00edna<\/li>\n<li>Sem conservantes<\/li>\n<\/ul>\n","protected":false},"author":43533,"featured_media":226472,"comment_status":"open","ping_status":"closed","template":"","meta":[],"pwb-brand":[],"product_brand":[],"product_cat":[8653],"product_tag":[],"class_list":{"0":"post-213990","1":"product","2":"type-product","3":"status-publish","4":"has-post-thumbnail","6":"product_cat-refeicoes-prontas-pt-pt","8":"first","9":"instock","10":"taxable","11":"shipping-taxable","12":"purchasable","13":"product-type-simple"},"aioseo_notices":[],"brands":[],"_links":{"self":[{"href":"https:\/\/www.delicias-uk.com\/pt-pt\/wp-json\/wp\/v2\/product\/213990","targetHints":{"allow":["GET"]}}],"collection":[{"href":"https:\/\/www.delicias-uk.com\/pt-pt\/wp-json\/wp\/v2\/product"}],"about":[{"href":"https:\/\/www.delicias-uk.com\/pt-pt\/wp-json\/wp\/v2\/types\/product"}],"author":[{"embeddable":true,"href":"https:\/\/www.delicias-uk.com\/pt-pt\/wp-json\/wp\/v2\/users\/43533"}],"replies":[{"embeddable":true,"href":"https:\/\/www.delicias-uk.com\/pt-pt\/wp-json\/wp\/v2\/comments?post=213990"}],"wp:featuredmedia":[{"embeddable":true,"href":"https:\/\/www.delicias-uk.com\/pt-pt\/wp-json\/wp\/v2\/media\/226472"}],"wp:attachment":[{"href":"https:\/\/www.delicias-uk.com\/pt-pt\/wp-json\/wp\/v2\/media?parent=213990"}],"wp:term":[{"taxonomy":"pwb-brand","embeddable":true,"href":"https:\/\/www.delicias-uk.com\/pt-pt\/wp-json\/wp\/v2\/pwb-brand?post=213990"},{"taxonomy":"product_brand","embeddable":true,"href":"https:\/\/www.delicias-uk.com\/pt-pt\/wp-json\/wp\/v2\/product_brand?post=213990"},{"taxonomy":"product_cat","embeddable":true,"href":"https:\/\/www.delicias-uk.com\/pt-pt\/wp-json\/wp\/v2\/product_cat?post=213990"},{"taxonomy":"product_tag","embeddable":true,"href":"https:\/\/www.delicias-uk.com\/pt-pt\/wp-json\/wp\/v2\/product_tag?post=213990"}],"curies":[{"name":"wp","href":"https:\/\/api.w.org\/{rel}","templated":true}]}}