{"id":213968,"date":"2021-04-15T10:23:03","date_gmt":"2021-04-15T10:23:03","guid":{"rendered":"https:\/\/www.delicias-uk.com\/product\/azeite-gallo-puro-garrafa-750ml-2\/"},"modified":"2026-01-17T13:57:28","modified_gmt":"2026-01-17T13:57:28","slug":"azeite-gallo-puro-garrafa-750ml-2","status":"publish","type":"product","link":"https:\/\/www.delicias-uk.com\/pt-pt\/produto\/azeite-gallo-puro-garrafa-750ml-2\/","title":{"rendered":"Azeite Gallo Subtil 750ml"},"content":{"rendered":"<p>Este azeite possui um sabor extra suave ligeiramente adocicado, com uma quase impercet\u00edvel presen\u00e7a de notas amargas e picantes. Adequado para o uso culin\u00e1rio, em substitui\u00e7\u00e3o de outras gorduras. Substituir as gorduras saturadas por gorduras insaturadas na alimenta\u00e7\u00e3o contribui para a manuten\u00e7\u00e3o de n\u00edveis normais de colesterol no sangue.<\/p>\n","protected":false},"excerpt":{"rendered":"<p>Este azeite possui um sabor extra suave ligeiramente adocicado, com uma quase impercet\u00edvel presen\u00e7a de notas amargas e picantes. Adequado para o uso culin\u00e1rio, em substitui\u00e7\u00e3o de outras gorduras. Substituir as gorduras saturadas por gorduras insaturadas na alimenta\u00e7\u00e3o contribui para a manuten\u00e7\u00e3o de n\u00edveis normais de colesterol no sangue.<\/p>\n","protected":false},"author":43533,"featured_media":196030,"comment_status":"open","ping_status":"closed","template":"","meta":[],"pwb-brand":[],"product_brand":[],"product_cat":[8289,8291,8403,8451],"product_tag":[],"class_list":{"0":"post-213968","1":"product","2":"type-product","3":"status-publish","4":"has-post-thumbnail","6":"product_cat-inicio","7":"product_cat-produtos-portugueses","8":"product_cat-azeitona-azeite-vinagre","9":"product_cat-azeite","11":"first","12":"instock","13":"taxable","14":"shipping-taxable","15":"purchasable","16":"product-type-simple"},"aioseo_notices":[],"brands":[],"_links":{"self":[{"href":"https:\/\/www.delicias-uk.com\/pt-pt\/wp-json\/wp\/v2\/product\/213968","targetHints":{"allow":["GET"]}}],"collection":[{"href":"https:\/\/www.delicias-uk.com\/pt-pt\/wp-json\/wp\/v2\/product"}],"about":[{"href":"https:\/\/www.delicias-uk.com\/pt-pt\/wp-json\/wp\/v2\/types\/product"}],"author":[{"embeddable":true,"href":"https:\/\/www.delicias-uk.com\/pt-pt\/wp-json\/wp\/v2\/users\/43533"}],"replies":[{"embeddable":true,"href":"https:\/\/www.delicias-uk.com\/pt-pt\/wp-json\/wp\/v2\/comments?post=213968"}],"wp:featuredmedia":[{"embeddable":true,"href":"https:\/\/www.delicias-uk.com\/pt-pt\/wp-json\/wp\/v2\/media\/196030"}],"wp:attachment":[{"href":"https:\/\/www.delicias-uk.com\/pt-pt\/wp-json\/wp\/v2\/media?parent=213968"}],"wp:term":[{"taxonomy":"pwb-brand","embeddable":true,"href":"https:\/\/www.delicias-uk.com\/pt-pt\/wp-json\/wp\/v2\/pwb-brand?post=213968"},{"taxonomy":"product_brand","embeddable":true,"href":"https:\/\/www.delicias-uk.com\/pt-pt\/wp-json\/wp\/v2\/product_brand?post=213968"},{"taxonomy":"product_cat","embeddable":true,"href":"https:\/\/www.delicias-uk.com\/pt-pt\/wp-json\/wp\/v2\/product_cat?post=213968"},{"taxonomy":"product_tag","embeddable":true,"href":"https:\/\/www.delicias-uk.com\/pt-pt\/wp-json\/wp\/v2\/product_tag?post=213968"}],"curies":[{"name":"wp","href":"https:\/\/api.w.org\/{rel}","templated":true}]}}