{"id":213936,"date":"2021-04-06T16:32:13","date_gmt":"2021-04-06T15:32:13","guid":{"rendered":"https:\/\/www.delicias-uk.com\/product\/frize-maracuja-pack-250ml-x-4-2\/"},"modified":"2025-09-09T11:44:10","modified_gmt":"2025-09-09T10:44:10","slug":"frize-maracuja-pack-250ml-x-4-2","status":"publish","type":"product","link":"https:\/\/www.delicias-uk.com\/pt-pt\/produto\/frize-maracuja-pack-250ml-x-4-2\/","title":{"rendered":"Frize Maracuj\u00e1 250ml x 4"},"content":{"rendered":"<p>\u00c9 uma bebida \u00e0 base de \u00e1gua mineral natural com sabor a maracuja. \u00c9 a bebida ideal para te acompanhar nos momentos de descontra\u00e7\u00e3o com os teus amigos. Uma bebida muito refrescante e baixa em calorias.<\/p>\n","protected":false},"excerpt":{"rendered":"<p>\u00c9 uma bebida \u00e0 base de \u00e1gua mineral natural com sabor a maracuja. \u00c9 a bebida ideal para te acompanhar nos momentos de descontra\u00e7\u00e3o com os teus amigos. Uma bebida muito refrescante e baixa em calorias.<\/p>\n","protected":false},"author":43533,"featured_media":88793,"comment_status":"open","ping_status":"closed","template":"","meta":[],"pwb-brand":[],"product_brand":[],"product_cat":[8289,8291,8423,8587],"product_tag":[],"class_list":{"0":"post-213936","1":"product","2":"type-product","3":"status-publish","4":"has-post-thumbnail","6":"product_cat-inicio","7":"product_cat-produtos-portugueses","8":"product_cat-bebidas-pt-pt","9":"product_cat-agua","11":"first","12":"instock","13":"taxable","14":"shipping-taxable","15":"purchasable","16":"product-type-simple"},"aioseo_notices":[],"brands":[],"_links":{"self":[{"href":"https:\/\/www.delicias-uk.com\/pt-pt\/wp-json\/wp\/v2\/product\/213936","targetHints":{"allow":["GET"]}}],"collection":[{"href":"https:\/\/www.delicias-uk.com\/pt-pt\/wp-json\/wp\/v2\/product"}],"about":[{"href":"https:\/\/www.delicias-uk.com\/pt-pt\/wp-json\/wp\/v2\/types\/product"}],"author":[{"embeddable":true,"href":"https:\/\/www.delicias-uk.com\/pt-pt\/wp-json\/wp\/v2\/users\/43533"}],"replies":[{"embeddable":true,"href":"https:\/\/www.delicias-uk.com\/pt-pt\/wp-json\/wp\/v2\/comments?post=213936"}],"wp:featuredmedia":[{"embeddable":true,"href":"https:\/\/www.delicias-uk.com\/pt-pt\/wp-json\/wp\/v2\/media\/88793"}],"wp:attachment":[{"href":"https:\/\/www.delicias-uk.com\/pt-pt\/wp-json\/wp\/v2\/media?parent=213936"}],"wp:term":[{"taxonomy":"pwb-brand","embeddable":true,"href":"https:\/\/www.delicias-uk.com\/pt-pt\/wp-json\/wp\/v2\/pwb-brand?post=213936"},{"taxonomy":"product_brand","embeddable":true,"href":"https:\/\/www.delicias-uk.com\/pt-pt\/wp-json\/wp\/v2\/product_brand?post=213936"},{"taxonomy":"product_cat","embeddable":true,"href":"https:\/\/www.delicias-uk.com\/pt-pt\/wp-json\/wp\/v2\/product_cat?post=213936"},{"taxonomy":"product_tag","embeddable":true,"href":"https:\/\/www.delicias-uk.com\/pt-pt\/wp-json\/wp\/v2\/product_tag?post=213936"}],"curies":[{"name":"wp","href":"https:\/\/api.w.org\/{rel}","templated":true}]}}