{"id":213876,"date":"2021-03-23T13:59:25","date_gmt":"2021-03-23T13:59:25","guid":{"rendered":"https:\/\/www.delicias-uk.com\/product\/pimenta-preta-moida-brasil-margao-frasco-32g\/"},"modified":"2026-02-24T11:50:53","modified_gmt":"2026-02-24T11:50:53","slug":"pimenta-preta-moida-brasil-margao-frasco-32g","status":"publish","type":"product","link":"https:\/\/www.delicias-uk.com\/pt-pt\/produto\/pimenta-preta-moida-brasil-margao-frasco-32g\/","title":{"rendered":"Pimenta Preta Mo\u00edda Brasil Marg\u00e3o Frasco 32g"},"content":{"rendered":"<p>A maioria das pimentas \u00e9 origin\u00e1ria da \u00cdndia, mais precisamente da regi\u00e3o de Malabar. \u00c9 o grau de maturidade dos gr\u00e3os no momento da colheita que determina a cor da pimenta: verde, preta ou branca.<\/p>\n<p>Utilize a pimenta preta em molhos, sopas e marinadas, carne assada e grelhada, guisados e pratos com batatas, assim como em carne de ca\u00e7a, recheios de carne e massas.<\/p>\n","protected":false},"excerpt":{"rendered":"<ul style=\"list-style-type:disc;\">\n<li>Peso l\u00edquido 32g<\/li>\n<li>\u00c9 um condimento forte e ardente<\/li>\n<li>Produto Portugu\u00eas<\/li>\n<\/ul>\n","protected":false},"author":43533,"featured_media":88668,"comment_status":"open","ping_status":"closed","template":"","meta":[],"pwb-brand":[],"product_brand":[],"product_cat":[8289,8291,8395,8583,8777],"product_tag":[],"class_list":{"0":"post-213876","1":"product","2":"type-product","3":"status-publish","4":"has-post-thumbnail","6":"product_cat-inicio","7":"product_cat-produtos-portugueses","8":"product_cat-mercearia","9":"product_cat-temperos-molhos-e-marinada","10":"product_cat-temperos-pt-pt","12":"first","13":"outofstock","14":"taxable","15":"shipping-taxable","16":"purchasable","17":"product-type-simple"},"aioseo_notices":[],"brands":[],"_links":{"self":[{"href":"https:\/\/www.delicias-uk.com\/pt-pt\/wp-json\/wp\/v2\/product\/213876","targetHints":{"allow":["GET"]}}],"collection":[{"href":"https:\/\/www.delicias-uk.com\/pt-pt\/wp-json\/wp\/v2\/product"}],"about":[{"href":"https:\/\/www.delicias-uk.com\/pt-pt\/wp-json\/wp\/v2\/types\/product"}],"author":[{"embeddable":true,"href":"https:\/\/www.delicias-uk.com\/pt-pt\/wp-json\/wp\/v2\/users\/43533"}],"replies":[{"embeddable":true,"href":"https:\/\/www.delicias-uk.com\/pt-pt\/wp-json\/wp\/v2\/comments?post=213876"}],"wp:featuredmedia":[{"embeddable":true,"href":"https:\/\/www.delicias-uk.com\/pt-pt\/wp-json\/wp\/v2\/media\/88668"}],"wp:attachment":[{"href":"https:\/\/www.delicias-uk.com\/pt-pt\/wp-json\/wp\/v2\/media?parent=213876"}],"wp:term":[{"taxonomy":"pwb-brand","embeddable":true,"href":"https:\/\/www.delicias-uk.com\/pt-pt\/wp-json\/wp\/v2\/pwb-brand?post=213876"},{"taxonomy":"product_brand","embeddable":true,"href":"https:\/\/www.delicias-uk.com\/pt-pt\/wp-json\/wp\/v2\/product_brand?post=213876"},{"taxonomy":"product_cat","embeddable":true,"href":"https:\/\/www.delicias-uk.com\/pt-pt\/wp-json\/wp\/v2\/product_cat?post=213876"},{"taxonomy":"product_tag","embeddable":true,"href":"https:\/\/www.delicias-uk.com\/pt-pt\/wp-json\/wp\/v2\/product_tag?post=213876"}],"curies":[{"name":"wp","href":"https:\/\/api.w.org\/{rel}","templated":true}]}}