{"id":213848,"date":"2021-03-23T12:44:17","date_gmt":"2021-03-23T12:44:17","guid":{"rendered":"https:\/\/www.delicias-uk.com\/product\/mistura-de-tomilho-c-limao-margao-segredos-43g\/"},"modified":"2025-11-24T12:15:26","modified_gmt":"2025-11-24T12:15:26","slug":"mistura-de-tomilho-c-limao-margao-segredos-43g","status":"publish","type":"product","link":"https:\/\/www.delicias-uk.com\/pt-pt\/produto\/mistura-de-tomilho-c-limao-margao-segredos-43g\/","title":{"rendered":"Mistura de Tomilho Com Lim\u00e3o Marg\u00e3o Segredos 43g"},"content":{"rendered":"<p>Os nossos Segredos Lim\u00e3o E Tomilho constituem uma combina\u00e7\u00e3o deliciosa de raspa de lim\u00e3o, tomilho e alho. ideais para conferirem ao frango um toque cheio de sabor.<\/p>\n<p><strong>SUGEST\u00d5ES DE UTILIZA\u00c7\u00c3O<\/strong>: Ideal para conferir ao frango um toque cheio de sabor.<\/p>\n<p><strong>INGREDIENTES:<\/strong> Cebola desidratada, sal marinho, aromatizantes (cont\u00e9m cevada e trigo), alho desidratado (11%), tomilho (8%), raspa de lim\u00e3o desidratada (8%), pimento-vermelho, a\u00e7\u00facar, or\u00e9g\u00e3os, pimenta-preta, \u00e1cido c\u00edtrico, raspa de lim\u00e3o desidratada, \u00f3leo de girassol, di\u00f3xido de sil\u00edcio e extrato de paprika.<\/p>\n","protected":false},"excerpt":{"rendered":"<ul style=\"list-style-type:disc\">\n<li>Peso l\u00edquido 43g<\/li>\n<li>Ideal para temperar frango<\/li>\n<li>Produto Portugu\u00eas<\/li>\n<\/ul>\n","protected":false},"author":43533,"featured_media":88612,"comment_status":"open","ping_status":"closed","template":"","meta":[],"pwb-brand":[],"product_brand":[],"product_cat":[8289,8291,8395,8583,8777],"product_tag":[],"class_list":{"0":"post-213848","1":"product","2":"type-product","3":"status-publish","4":"has-post-thumbnail","6":"product_cat-inicio","7":"product_cat-produtos-portugueses","8":"product_cat-mercearia","9":"product_cat-temperos-molhos-e-marinada","10":"product_cat-temperos-pt-pt","12":"first","13":"instock","14":"taxable","15":"shipping-taxable","16":"purchasable","17":"product-type-simple"},"aioseo_notices":[],"brands":[],"_links":{"self":[{"href":"https:\/\/www.delicias-uk.com\/pt-pt\/wp-json\/wp\/v2\/product\/213848","targetHints":{"allow":["GET"]}}],"collection":[{"href":"https:\/\/www.delicias-uk.com\/pt-pt\/wp-json\/wp\/v2\/product"}],"about":[{"href":"https:\/\/www.delicias-uk.com\/pt-pt\/wp-json\/wp\/v2\/types\/product"}],"author":[{"embeddable":true,"href":"https:\/\/www.delicias-uk.com\/pt-pt\/wp-json\/wp\/v2\/users\/43533"}],"replies":[{"embeddable":true,"href":"https:\/\/www.delicias-uk.com\/pt-pt\/wp-json\/wp\/v2\/comments?post=213848"}],"wp:featuredmedia":[{"embeddable":true,"href":"https:\/\/www.delicias-uk.com\/pt-pt\/wp-json\/wp\/v2\/media\/88612"}],"wp:attachment":[{"href":"https:\/\/www.delicias-uk.com\/pt-pt\/wp-json\/wp\/v2\/media?parent=213848"}],"wp:term":[{"taxonomy":"pwb-brand","embeddable":true,"href":"https:\/\/www.delicias-uk.com\/pt-pt\/wp-json\/wp\/v2\/pwb-brand?post=213848"},{"taxonomy":"product_brand","embeddable":true,"href":"https:\/\/www.delicias-uk.com\/pt-pt\/wp-json\/wp\/v2\/product_brand?post=213848"},{"taxonomy":"product_cat","embeddable":true,"href":"https:\/\/www.delicias-uk.com\/pt-pt\/wp-json\/wp\/v2\/product_cat?post=213848"},{"taxonomy":"product_tag","embeddable":true,"href":"https:\/\/www.delicias-uk.com\/pt-pt\/wp-json\/wp\/v2\/product_tag?post=213848"}],"curies":[{"name":"wp","href":"https:\/\/api.w.org\/{rel}","templated":true}]}}