{"id":213828,"date":"2021-03-22T16:29:55","date_gmt":"2021-03-22T16:29:55","guid":{"rendered":"https:\/\/www.delicias-uk.com\/product\/coentros-em-folha-margao-frasco-de-7g\/"},"modified":"2026-02-24T11:50:58","modified_gmt":"2026-02-24T11:50:58","slug":"coentros-em-folha-margao-frasco-de-7g","status":"publish","type":"product","link":"https:\/\/www.delicias-uk.com\/pt-pt\/produto\/coentros-em-folha-margao-frasco-de-7g\/","title":{"rendered":"Coentros Em Folha Marg\u00e3o Frasco 7g"},"content":{"rendered":"<p>Os coentros s\u00e3o\u00a0 uma erva natural e vulgar no Sul da Europa e no Oeste da \u00c1sia h\u00e1 milhares de anos. Com\u00a0 um agrad\u00e1vel sabor a nozes e a especiarias, o odor e o gosto dos caules dos coentros, tal como as ra\u00edzes, s\u00e3o intensos.<\/p>\n","protected":false},"excerpt":{"rendered":"<ul style=\"list-style-type:disc;\">\n<li>Peso l\u00edquido 7g<\/li>\n<li>Ideal para refogados e para temperar os mais variados pratos<\/li>\n<li>Os coentros combinam com cominhos, piripiri, hortel\u00e3 fresca e alho<\/li>\n<\/ul>\n","protected":false},"author":43533,"featured_media":88572,"comment_status":"open","ping_status":"closed","template":"","meta":[],"pwb-brand":[],"product_brand":[],"product_cat":[8289,8291,8395,8583,8777],"product_tag":[],"class_list":{"0":"post-213828","1":"product","2":"type-product","3":"status-publish","4":"has-post-thumbnail","6":"product_cat-inicio","7":"product_cat-produtos-portugueses","8":"product_cat-mercearia","9":"product_cat-temperos-molhos-e-marinada","10":"product_cat-temperos-pt-pt","12":"first","13":"instock","14":"taxable","15":"shipping-taxable","16":"purchasable","17":"product-type-simple"},"aioseo_notices":[],"brands":[],"_links":{"self":[{"href":"https:\/\/www.delicias-uk.com\/pt-pt\/wp-json\/wp\/v2\/product\/213828","targetHints":{"allow":["GET"]}}],"collection":[{"href":"https:\/\/www.delicias-uk.com\/pt-pt\/wp-json\/wp\/v2\/product"}],"about":[{"href":"https:\/\/www.delicias-uk.com\/pt-pt\/wp-json\/wp\/v2\/types\/product"}],"author":[{"embeddable":true,"href":"https:\/\/www.delicias-uk.com\/pt-pt\/wp-json\/wp\/v2\/users\/43533"}],"replies":[{"embeddable":true,"href":"https:\/\/www.delicias-uk.com\/pt-pt\/wp-json\/wp\/v2\/comments?post=213828"}],"wp:featuredmedia":[{"embeddable":true,"href":"https:\/\/www.delicias-uk.com\/pt-pt\/wp-json\/wp\/v2\/media\/88572"}],"wp:attachment":[{"href":"https:\/\/www.delicias-uk.com\/pt-pt\/wp-json\/wp\/v2\/media?parent=213828"}],"wp:term":[{"taxonomy":"pwb-brand","embeddable":true,"href":"https:\/\/www.delicias-uk.com\/pt-pt\/wp-json\/wp\/v2\/pwb-brand?post=213828"},{"taxonomy":"product_brand","embeddable":true,"href":"https:\/\/www.delicias-uk.com\/pt-pt\/wp-json\/wp\/v2\/product_brand?post=213828"},{"taxonomy":"product_cat","embeddable":true,"href":"https:\/\/www.delicias-uk.com\/pt-pt\/wp-json\/wp\/v2\/product_cat?post=213828"},{"taxonomy":"product_tag","embeddable":true,"href":"https:\/\/www.delicias-uk.com\/pt-pt\/wp-json\/wp\/v2\/product_tag?post=213828"}],"curies":[{"name":"wp","href":"https:\/\/api.w.org\/{rel}","templated":true}]}}