{"id":213802,"date":"2021-03-22T13:48:43","date_gmt":"2021-03-22T13:48:43","guid":{"rendered":"https:\/\/www.delicias-uk.com\/product\/sardinhas-em-azeite-extra-virgem-s-espinha-ramirez-100g\/"},"modified":"2026-01-29T10:25:31","modified_gmt":"2026-01-29T10:25:31","slug":"sardinhas-em-azeite-extra-virgem-s-espinha-ramirez-100g","status":"publish","type":"product","link":"https:\/\/www.delicias-uk.com\/pt-pt\/produto\/sardinhas-em-azeite-extra-virgem-s-espinha-ramirez-100g\/","title":{"rendered":"Sardinhas em Azeite Extra Virgem Sem Espinha Ramirez 100g"},"content":{"rendered":"<p>Uma conserva de peixe com o sabor tradicional e uma apresenta\u00e7\u00e3o mais apelativa. Os filetes de sardinha, aos quais a espinha foi retirada, mant\u00eam intactos todos os benef\u00edcios nutricionais do peixe inteiro, mas revelam-se, por exemplo, uma ajuda para as m\u00e3es que procuram estimular as crian\u00e7as a consumir peixe. Mais f\u00e1cil de preparar e com uma apresenta\u00e7\u00e3o mais cuidada, fazem as del\u00edcias de mi\u00fados e gra\u00fados. S\u00e3o apresentados em azeite, fonte preferencial de gordura da dieta mediterr\u00e2nica<\/p>\n","protected":false},"excerpt":{"rendered":"<ul style=\"list-style-type:disc\">\n<li>Peso l\u00edquido 100g<\/li>\n<li>Fonte de prote\u00edna<\/li>\n<li>Pronto para comer<\/li>\n<li>Produto Portugu\u00eas<\/li>\n<\/ul>\n","protected":false},"author":43533,"featured_media":88521,"comment_status":"open","ping_status":"closed","template":"","meta":[],"pwb-brand":[],"product_brand":[],"product_cat":[9325,8289,8291,8411,8479,8499],"product_tag":[],"class_list":{"0":"post-213802","1":"product","2":"type-product","3":"status-publish","4":"has-post-thumbnail","6":"product_cat-pickles-conservas","7":"product_cat-inicio","8":"product_cat-produtos-portugueses","9":"product_cat-conservas","10":"product_cat-sardinha","11":"product_cat-sem-glutem","13":"first","14":"outofstock","15":"taxable","16":"shipping-taxable","17":"purchasable","18":"product-type-simple"},"aioseo_notices":[],"brands":[],"_links":{"self":[{"href":"https:\/\/www.delicias-uk.com\/pt-pt\/wp-json\/wp\/v2\/product\/213802","targetHints":{"allow":["GET"]}}],"collection":[{"href":"https:\/\/www.delicias-uk.com\/pt-pt\/wp-json\/wp\/v2\/product"}],"about":[{"href":"https:\/\/www.delicias-uk.com\/pt-pt\/wp-json\/wp\/v2\/types\/product"}],"author":[{"embeddable":true,"href":"https:\/\/www.delicias-uk.com\/pt-pt\/wp-json\/wp\/v2\/users\/43533"}],"replies":[{"embeddable":true,"href":"https:\/\/www.delicias-uk.com\/pt-pt\/wp-json\/wp\/v2\/comments?post=213802"}],"wp:featuredmedia":[{"embeddable":true,"href":"https:\/\/www.delicias-uk.com\/pt-pt\/wp-json\/wp\/v2\/media\/88521"}],"wp:attachment":[{"href":"https:\/\/www.delicias-uk.com\/pt-pt\/wp-json\/wp\/v2\/media?parent=213802"}],"wp:term":[{"taxonomy":"pwb-brand","embeddable":true,"href":"https:\/\/www.delicias-uk.com\/pt-pt\/wp-json\/wp\/v2\/pwb-brand?post=213802"},{"taxonomy":"product_brand","embeddable":true,"href":"https:\/\/www.delicias-uk.com\/pt-pt\/wp-json\/wp\/v2\/product_brand?post=213802"},{"taxonomy":"product_cat","embeddable":true,"href":"https:\/\/www.delicias-uk.com\/pt-pt\/wp-json\/wp\/v2\/product_cat?post=213802"},{"taxonomy":"product_tag","embeddable":true,"href":"https:\/\/www.delicias-uk.com\/pt-pt\/wp-json\/wp\/v2\/product_tag?post=213802"}],"curies":[{"name":"wp","href":"https:\/\/api.w.org\/{rel}","templated":true}]}}