{"id":213798,"date":"2021-03-22T13:31:12","date_gmt":"2021-03-22T13:31:12","guid":{"rendered":"https:\/\/www.delicias-uk.com\/product\/sardinhas-em-azeite-c-baixo-teor-de-sal-ramirez-125g\/"},"modified":"2026-03-25T10:20:40","modified_gmt":"2026-03-25T10:20:40","slug":"sardinhas-em-azeite-c-baixo-teor-de-sal-ramirez-125g","status":"publish","type":"product","link":"https:\/\/www.delicias-uk.com\/pt-pt\/produto\/sardinhas-em-azeite-c-baixo-teor-de-sal-ramirez-125g\/","title":{"rendered":"Sardinhas em Azeite Com Baixo Teor de Sal Ramirez 125g"},"content":{"rendered":"<p>As conservas de sardinha em azeite baixo em sal conjugam o que de melhor pode ser consumido para beneficiar a sa\u00fade cardiovascular. A sardinha, sendo um peixe gordo, \u00e9 aconselhada pelo seu elevado teor de \u00d3mega 3, um \u00e1cido gordo polinsaturado, que protege o cora\u00e7\u00e3o e ajuda a reduzir o risco de ataque card\u00edaco, controlando os n\u00edveis de colesterol presentes no sangue. O azeite \u00e9, por sua vez, a fonte preferencial de gordura da dieta mediterr\u00e2nica. O baixo teor de sal permite controlar os n\u00edveis da tens\u00e3o arterial.<\/p>\n","protected":false},"excerpt":{"rendered":"<ul style=\"list-style-type:disc\">\n<li>Peso l\u00edquido 125g<\/li>\n<li>Fonte de prote\u00edna<\/li>\n<li>Pronto para comer<\/li>\n<li>Produto Portugu\u00eas<\/li>\n<\/ul>\n","protected":false},"author":43533,"featured_media":88512,"comment_status":"open","ping_status":"closed","template":"","meta":[],"pwb-brand":[],"product_brand":[],"product_cat":[9325,8289,8291,8411,8479,8499],"product_tag":[],"class_list":{"0":"post-213798","1":"product","2":"type-product","3":"status-publish","4":"has-post-thumbnail","6":"product_cat-pickles-conservas","7":"product_cat-inicio","8":"product_cat-produtos-portugueses","9":"product_cat-conservas","10":"product_cat-sardinha","11":"product_cat-sem-glutem","13":"first","14":"outofstock","15":"taxable","16":"shipping-taxable","17":"purchasable","18":"product-type-simple"},"aioseo_notices":[],"brands":[],"_links":{"self":[{"href":"https:\/\/www.delicias-uk.com\/pt-pt\/wp-json\/wp\/v2\/product\/213798","targetHints":{"allow":["GET"]}}],"collection":[{"href":"https:\/\/www.delicias-uk.com\/pt-pt\/wp-json\/wp\/v2\/product"}],"about":[{"href":"https:\/\/www.delicias-uk.com\/pt-pt\/wp-json\/wp\/v2\/types\/product"}],"author":[{"embeddable":true,"href":"https:\/\/www.delicias-uk.com\/pt-pt\/wp-json\/wp\/v2\/users\/43533"}],"replies":[{"embeddable":true,"href":"https:\/\/www.delicias-uk.com\/pt-pt\/wp-json\/wp\/v2\/comments?post=213798"}],"wp:featuredmedia":[{"embeddable":true,"href":"https:\/\/www.delicias-uk.com\/pt-pt\/wp-json\/wp\/v2\/media\/88512"}],"wp:attachment":[{"href":"https:\/\/www.delicias-uk.com\/pt-pt\/wp-json\/wp\/v2\/media?parent=213798"}],"wp:term":[{"taxonomy":"pwb-brand","embeddable":true,"href":"https:\/\/www.delicias-uk.com\/pt-pt\/wp-json\/wp\/v2\/pwb-brand?post=213798"},{"taxonomy":"product_brand","embeddable":true,"href":"https:\/\/www.delicias-uk.com\/pt-pt\/wp-json\/wp\/v2\/product_brand?post=213798"},{"taxonomy":"product_cat","embeddable":true,"href":"https:\/\/www.delicias-uk.com\/pt-pt\/wp-json\/wp\/v2\/product_cat?post=213798"},{"taxonomy":"product_tag","embeddable":true,"href":"https:\/\/www.delicias-uk.com\/pt-pt\/wp-json\/wp\/v2\/product_tag?post=213798"}],"curies":[{"name":"wp","href":"https:\/\/api.w.org\/{rel}","templated":true}]}}