{"id":213796,"date":"2021-03-22T13:23:25","date_gmt":"2021-03-22T13:23:25","guid":{"rendered":"https:\/\/www.delicias-uk.com\/product\/mexilhoes-de-caldeirada-ramirez-lata-118g\/"},"modified":"2026-02-03T17:11:35","modified_gmt":"2026-02-03T17:11:35","slug":"mexilhoes-de-caldeirada-ramirez-lata-118g","status":"publish","type":"product","link":"https:\/\/www.delicias-uk.com\/pt-pt\/produto\/mexilhoes-de-caldeirada-ramirez-lata-118g\/","title":{"rendered":"Mexilh\u00f5es de Caldeirada Ramirez Lata 118g"},"content":{"rendered":"<p>Para os apreciadores de mexilh\u00f5es, esta nova e requintada prepara\u00e7\u00e3o dos mexilh\u00f5es Ramirez de caldeirada \u00e9 um aut\u00eantico manjar e uma nova e deliciosa proposta para partilhar com a fam\u00edlia e os amigos, nos momentos mais deliciosos da vida!<\/p>\n","protected":false},"excerpt":{"rendered":"<ul style=\"list-style-type:disc;\">\n<li>Peso l\u00edquido 118g<\/li>\n<li>Fonte de prote\u00edna<\/li>\n<li>Pronto para comer<\/li>\n<li>Produto Portugu\u00eas<\/li>\n<\/ul>\n","protected":false},"author":43533,"featured_media":88508,"comment_status":"open","ping_status":"closed","template":"","meta":[],"pwb-brand":[],"product_brand":[],"product_cat":[9325,8289,8291,8411,8605,8499],"product_tag":[],"class_list":{"0":"post-213796","1":"product","2":"type-product","3":"status-publish","4":"has-post-thumbnail","6":"product_cat-pickles-conservas","7":"product_cat-inicio","8":"product_cat-produtos-portugueses","9":"product_cat-conservas","10":"product_cat-outros","11":"product_cat-sem-glutem","13":"first","14":"instock","15":"taxable","16":"shipping-taxable","17":"purchasable","18":"product-type-simple"},"aioseo_notices":[],"brands":[],"_links":{"self":[{"href":"https:\/\/www.delicias-uk.com\/pt-pt\/wp-json\/wp\/v2\/product\/213796","targetHints":{"allow":["GET"]}}],"collection":[{"href":"https:\/\/www.delicias-uk.com\/pt-pt\/wp-json\/wp\/v2\/product"}],"about":[{"href":"https:\/\/www.delicias-uk.com\/pt-pt\/wp-json\/wp\/v2\/types\/product"}],"author":[{"embeddable":true,"href":"https:\/\/www.delicias-uk.com\/pt-pt\/wp-json\/wp\/v2\/users\/43533"}],"replies":[{"embeddable":true,"href":"https:\/\/www.delicias-uk.com\/pt-pt\/wp-json\/wp\/v2\/comments?post=213796"}],"wp:featuredmedia":[{"embeddable":true,"href":"https:\/\/www.delicias-uk.com\/pt-pt\/wp-json\/wp\/v2\/media\/88508"}],"wp:attachment":[{"href":"https:\/\/www.delicias-uk.com\/pt-pt\/wp-json\/wp\/v2\/media?parent=213796"}],"wp:term":[{"taxonomy":"pwb-brand","embeddable":true,"href":"https:\/\/www.delicias-uk.com\/pt-pt\/wp-json\/wp\/v2\/pwb-brand?post=213796"},{"taxonomy":"product_brand","embeddable":true,"href":"https:\/\/www.delicias-uk.com\/pt-pt\/wp-json\/wp\/v2\/product_brand?post=213796"},{"taxonomy":"product_cat","embeddable":true,"href":"https:\/\/www.delicias-uk.com\/pt-pt\/wp-json\/wp\/v2\/product_cat?post=213796"},{"taxonomy":"product_tag","embeddable":true,"href":"https:\/\/www.delicias-uk.com\/pt-pt\/wp-json\/wp\/v2\/product_tag?post=213796"}],"curies":[{"name":"wp","href":"https:\/\/api.w.org\/{rel}","templated":true}]}}