{"id":213792,"date":"2021-03-22T11:21:03","date_gmt":"2021-03-22T11:21:03","guid":{"rendered":"https:\/\/www.delicias-uk.com\/product\/presunto-bisaro-30m-gran-reserva-fatiado-70g\/"},"modified":"2025-12-14T18:12:51","modified_gmt":"2025-12-14T18:12:51","slug":"presunto-bisaro-30m-gran-reserva-fatiado-70g","status":"publish","type":"product","link":"https:\/\/www.delicias-uk.com\/pt-pt\/produto\/presunto-bisaro-30m-gran-reserva-fatiado-70g\/","title":{"rendered":"Presunto B\u00edsaro 30M Gran Reserva Fatiado 70g"},"content":{"rendered":"<p>O porco B\u00edsaro \u00e9 criado em liberdade, em campo aberto, de forma 100% natural. A sua dieta \u00e9 tradicional, com castanhas e cereais (cevada, milho, trigo e centeio). Destaca-se pelo seu sabor inconfund\u00edvel e pela textura fina da gordura intramuscular, que o torna marmorizado, macio e suculento. O Presunto de Porco B\u00edsaro Grande Reserva passa por um processo de cura de 30 meses. Al\u00e9m do seu sabor \u00fanico, o consumo regular de presunto fornece ao organismo nutrientes essenciais para o seu bom funcionamento, como: ferro, minerais, \u00e1cido f\u00f3lico e vitaminas E, B1, B6 e B12. Tamb\u00e9m traz grandes benef\u00edcios ao sistema cardiovascular, tanto que os nutricionistas o comparam aos peixes gordos, \u00e0s nozes ou mesmo ao azeite virgem. O presunto \u00e9 um alimento recomendado para uma dieta saud\u00e1vel para crian\u00e7as, adultos, jovens e idosos.<\/p>\n<p><strong>Ingredientes<\/strong>: Perna de Porco B\u00edsaro (91%) e sal.<\/p>\n<p><strong>Al\u00e9rgenos<\/strong>: nenhum<\/p>\n<p><strong>Informa\u00e7\u00e3o nutricional por 100g:<\/strong><\/p>\n<ul style=\"list-style-type: disc\">\n<li>Valor energ\u00e9tico: 947 Kj \/ 22 kcal<\/li>\n<li>Gordura: 4,5 g<\/li>\n<li>Carboidratos: &lt; 0,5 g<\/li>\n<li>Prote\u00edna: 45,4 g<\/li>\n<li>Sal: 4,33 g<\/li>\n<\/ul>\n<p><strong>Pa\u00eds de origem<\/strong>: Portugal<\/p>\n","protected":false},"excerpt":{"rendered":"<ul style=\"list-style-type: disc\">\n<li>Peso l\u00edquido 70g<\/li>\n<li>Porcos alimentados com castanhas<\/li>\n<li>Fatias finas<\/li>\n<\/ul>\n","protected":false},"author":43533,"featured_media":88499,"comment_status":"open","ping_status":"closed","template":"","meta":[],"pwb-brand":[],"product_brand":[],"product_cat":[9336,8289,8291,8337,8665],"product_tag":[],"class_list":{"0":"post-213792","1":"product","2":"type-product","3":"status-publish","4":"has-post-thumbnail","6":"product_cat-presunto-curado-fatiado","7":"product_cat-inicio","8":"product_cat-produtos-portugueses","9":"product_cat-charcutaria","10":"product_cat-presunto-curado","12":"first","13":"instock","14":"taxable","15":"shipping-taxable","16":"purchasable","17":"product-type-simple"},"aioseo_notices":[],"brands":[],"_links":{"self":[{"href":"https:\/\/www.delicias-uk.com\/pt-pt\/wp-json\/wp\/v2\/product\/213792","targetHints":{"allow":["GET"]}}],"collection":[{"href":"https:\/\/www.delicias-uk.com\/pt-pt\/wp-json\/wp\/v2\/product"}],"about":[{"href":"https:\/\/www.delicias-uk.com\/pt-pt\/wp-json\/wp\/v2\/types\/product"}],"author":[{"embeddable":true,"href":"https:\/\/www.delicias-uk.com\/pt-pt\/wp-json\/wp\/v2\/users\/43533"}],"replies":[{"embeddable":true,"href":"https:\/\/www.delicias-uk.com\/pt-pt\/wp-json\/wp\/v2\/comments?post=213792"}],"wp:featuredmedia":[{"embeddable":true,"href":"https:\/\/www.delicias-uk.com\/pt-pt\/wp-json\/wp\/v2\/media\/88499"}],"wp:attachment":[{"href":"https:\/\/www.delicias-uk.com\/pt-pt\/wp-json\/wp\/v2\/media?parent=213792"}],"wp:term":[{"taxonomy":"pwb-brand","embeddable":true,"href":"https:\/\/www.delicias-uk.com\/pt-pt\/wp-json\/wp\/v2\/pwb-brand?post=213792"},{"taxonomy":"product_brand","embeddable":true,"href":"https:\/\/www.delicias-uk.com\/pt-pt\/wp-json\/wp\/v2\/product_brand?post=213792"},{"taxonomy":"product_cat","embeddable":true,"href":"https:\/\/www.delicias-uk.com\/pt-pt\/wp-json\/wp\/v2\/product_cat?post=213792"},{"taxonomy":"product_tag","embeddable":true,"href":"https:\/\/www.delicias-uk.com\/pt-pt\/wp-json\/wp\/v2\/product_tag?post=213792"}],"curies":[{"name":"wp","href":"https:\/\/api.w.org\/{rel}","templated":true}]}}