{"id":213764,"date":"2021-03-08T11:45:05","date_gmt":"2021-03-08T11:45:05","guid":{"rendered":"https:\/\/www.delicias-uk.com\/product\/amendoas-c-chocolate-em-drageias-vieira-saqueta-180g\/"},"modified":"2026-03-10T06:06:21","modified_gmt":"2026-03-10T06:06:21","slug":"amendoas-c-chocolate-em-drageias-vieira-saqueta-180g","status":"publish","type":"product","link":"https:\/\/www.delicias-uk.com\/pt-pt\/produto\/amendoas-c-chocolate-em-drageias-vieira-saqueta-180g\/","title":{"rendered":"Am\u00eandoas com Chocolate em Drag\u00e9ias Vieira Saqueta 180g"},"content":{"rendered":"<p>As tradicionais drageias de chocolate. Uma explos\u00e3o de sabores coloridos.<\/p>\n<p><strong>Ingredientes<\/strong>: Chocolate negro (aprox. 58%): (a\u00e7\u00facar, pasta de cacau, manteiga de cacau, emulsionante: lecitina de soja; e aroma), a\u00e7\u00facar (aprox. 39%), xarope de glucose, amido de arroz, agente de revestimento (goma ar\u00e1bica), mistura de branco: (a\u00e7\u00facar, dextrina, agentes de revestimento: pectina amidada padronizada com dextrose e goma ar\u00e1bica), concentrado vegetal (spirulina), concentrado vegetal (c\u00e1rtamo e lim\u00e3o), concentrado vegetal (rabanete, c\u00e1rtamo e lim\u00e3o), concentrado vegetal (spirulina, c\u00e1rtamo), concentrado vegetal (rabanete e batata doce) e aroma. Pode conter vest\u00edgios de <strong>amendoins, leite e produtos \u00e0 base de leite, frutos de casca rija e sulfitos.\u00a0<\/strong><\/p>\n","protected":false},"excerpt":{"rendered":"<ul style=\"list-style-type:disc;\">\n<li>Drageias de chocolate com capa de a\u00e7\u00facar fina e estaladi\u00e7a.<\/li>\n<li>Ideal para apreciadores de chocolate<\/li>\n<li>Sem Gl\u00faten<\/li>\n<li>Aus\u00eancia de OGM (Organismos Gen\u00e9ticamente Modificados)<\/li>\n<li>Embalagem recicl\u00e1vel (separe corretamente os materiais)<\/li>\n<li>Sem Corantes Artificiais<\/li>\n<\/ul>\n","protected":false},"author":43533,"featured_media":88442,"comment_status":"open","ping_status":"closed","template":"","meta":[],"pwb-brand":[],"product_brand":[],"product_cat":[9182,9188,8289,8291,8591],"product_tag":[],"class_list":{"0":"post-213764","1":"product","2":"type-product","3":"status-publish","4":"has-post-thumbnail","6":"product_cat-natal","7":"product_cat-amendoas","8":"product_cat-inicio","9":"product_cat-produtos-portugueses","10":"product_cat-nozes-e-frutas-secas","12":"first","13":"outofstock","14":"taxable","15":"shipping-taxable","16":"purchasable","17":"product-type-simple"},"aioseo_notices":[],"brands":[],"_links":{"self":[{"href":"https:\/\/www.delicias-uk.com\/pt-pt\/wp-json\/wp\/v2\/product\/213764","targetHints":{"allow":["GET"]}}],"collection":[{"href":"https:\/\/www.delicias-uk.com\/pt-pt\/wp-json\/wp\/v2\/product"}],"about":[{"href":"https:\/\/www.delicias-uk.com\/pt-pt\/wp-json\/wp\/v2\/types\/product"}],"author":[{"embeddable":true,"href":"https:\/\/www.delicias-uk.com\/pt-pt\/wp-json\/wp\/v2\/users\/43533"}],"replies":[{"embeddable":true,"href":"https:\/\/www.delicias-uk.com\/pt-pt\/wp-json\/wp\/v2\/comments?post=213764"}],"wp:featuredmedia":[{"embeddable":true,"href":"https:\/\/www.delicias-uk.com\/pt-pt\/wp-json\/wp\/v2\/media\/88442"}],"wp:attachment":[{"href":"https:\/\/www.delicias-uk.com\/pt-pt\/wp-json\/wp\/v2\/media?parent=213764"}],"wp:term":[{"taxonomy":"pwb-brand","embeddable":true,"href":"https:\/\/www.delicias-uk.com\/pt-pt\/wp-json\/wp\/v2\/pwb-brand?post=213764"},{"taxonomy":"product_brand","embeddable":true,"href":"https:\/\/www.delicias-uk.com\/pt-pt\/wp-json\/wp\/v2\/product_brand?post=213764"},{"taxonomy":"product_cat","embeddable":true,"href":"https:\/\/www.delicias-uk.com\/pt-pt\/wp-json\/wp\/v2\/product_cat?post=213764"},{"taxonomy":"product_tag","embeddable":true,"href":"https:\/\/www.delicias-uk.com\/pt-pt\/wp-json\/wp\/v2\/product_tag?post=213764"}],"curies":[{"name":"wp","href":"https:\/\/api.w.org\/{rel}","templated":true}]}}