{"id":213750,"date":"2021-03-08T10:57:48","date_gmt":"2021-03-08T10:57:48","guid":{"rendered":"https:\/\/www.delicias-uk.com\/product\/amendoas-exotica-vieira-sabor-chocolate-com-coco-200g\/"},"modified":"2025-02-06T17:19:57","modified_gmt":"2025-02-06T17:19:57","slug":"amendoas-exotica-vieira-sabor-chocolate-com-coco-200g","status":"publish","type":"product","link":"https:\/\/www.delicias-uk.com\/pt-pt\/produto\/amendoas-exotica-vieira-sabor-chocolate-com-coco-200g\/","title":{"rendered":"Am\u00eandoas com Chocolate &#038; Coco Vieira Ex\u00f3tica 200g"},"content":{"rendered":"<p>Am\u00eandoa com chocolate de leite envolvido por deliciosos flocos de coco.<\/p>\n<p><strong>Ingredientes<\/strong>: Chocolate de leite (78%): (a\u00e7\u00facar, manteiga de cacau, leite gordo em p\u00f3, pasta de cacau, soro de leite em p\u00f3, emulsionante: lecitina de soja e aroma), miolo de am\u00eandoa (15%) e c\u00f4co ralado (7%). Pode conter vest\u00edgios de amendoins e outros frutos de casca rija e sulfitos. Chocolate de leite: Cacau: 32,9% m\u00ednimo.<\/p>\n","protected":false},"excerpt":{"rendered":"<ul style=\"list-style-type:disc;\">\n<li>Com 100% chocolate verdadeiro.<\/li>\n<li>Chocolate Cremoso e Aveludado<\/li>\n<li>Combina\u00e7\u00e3o perfeita: Chocolate de Leite e Coco<\/li>\n<li>Sem Gl\u00faten<\/li>\n<li>Aus\u00eancia de OGM (Organismos Gen\u00e9ticamente Modificados)<\/li>\n<li>Embalagem recicl\u00e1vel (separe corretamente os materiais)<\/li>\n<\/ul>\n","protected":false},"author":43533,"featured_media":88414,"comment_status":"open","ping_status":"closed","template":"","meta":[],"pwb-brand":[],"product_brand":[],"product_cat":[9182,9188,8291],"product_tag":[],"class_list":{"0":"post-213750","1":"product","2":"type-product","3":"status-publish","4":"has-post-thumbnail","6":"product_cat-natal","7":"product_cat-amendoas","8":"product_cat-produtos-portugueses","10":"first","11":"instock","12":"taxable","13":"shipping-taxable","14":"purchasable","15":"product-type-simple"},"aioseo_notices":[],"brands":[],"_links":{"self":[{"href":"https:\/\/www.delicias-uk.com\/pt-pt\/wp-json\/wp\/v2\/product\/213750","targetHints":{"allow":["GET"]}}],"collection":[{"href":"https:\/\/www.delicias-uk.com\/pt-pt\/wp-json\/wp\/v2\/product"}],"about":[{"href":"https:\/\/www.delicias-uk.com\/pt-pt\/wp-json\/wp\/v2\/types\/product"}],"author":[{"embeddable":true,"href":"https:\/\/www.delicias-uk.com\/pt-pt\/wp-json\/wp\/v2\/users\/43533"}],"replies":[{"embeddable":true,"href":"https:\/\/www.delicias-uk.com\/pt-pt\/wp-json\/wp\/v2\/comments?post=213750"}],"wp:featuredmedia":[{"embeddable":true,"href":"https:\/\/www.delicias-uk.com\/pt-pt\/wp-json\/wp\/v2\/media\/88414"}],"wp:attachment":[{"href":"https:\/\/www.delicias-uk.com\/pt-pt\/wp-json\/wp\/v2\/media?parent=213750"}],"wp:term":[{"taxonomy":"pwb-brand","embeddable":true,"href":"https:\/\/www.delicias-uk.com\/pt-pt\/wp-json\/wp\/v2\/pwb-brand?post=213750"},{"taxonomy":"product_brand","embeddable":true,"href":"https:\/\/www.delicias-uk.com\/pt-pt\/wp-json\/wp\/v2\/product_brand?post=213750"},{"taxonomy":"product_cat","embeddable":true,"href":"https:\/\/www.delicias-uk.com\/pt-pt\/wp-json\/wp\/v2\/product_cat?post=213750"},{"taxonomy":"product_tag","embeddable":true,"href":"https:\/\/www.delicias-uk.com\/pt-pt\/wp-json\/wp\/v2\/product_tag?post=213750"}],"curies":[{"name":"wp","href":"https:\/\/api.w.org\/{rel}","templated":true}]}}