{"id":213744,"date":"2021-02-26T10:58:00","date_gmt":"2021-02-26T10:58:00","guid":{"rendered":"https:\/\/www.delicias-uk.com\/product\/pao-de-lo-temperatura-ambiente-confeitaria-do-vale-600g\/"},"modified":"2026-03-31T09:44:47","modified_gmt":"2026-03-31T08:44:47","slug":"pao-de-lo-temperatura-ambiente-confeitaria-do-vale-600g","status":"publish","type":"product","link":"https:\/\/www.delicias-uk.com\/pt-pt\/produto\/pao-de-lo-temperatura-ambiente-confeitaria-do-vale-600g\/","title":{"rendered":"P\u00e3o de L\u00f3 (Temperatura Ambiente) Confeitaria do Vale 600g"},"content":{"rendered":"<p>Est\u00e1 presente na cozinha portuguesa pelo menos desde 1700. A sua receita \u00e9 simples, no sentido em que leva apenas 3 ingredientes: ovos, a\u00e7\u00facar e farinha. P\u00e3o-de-l\u00f3 de Ovar leve, cremoso e fofo. Com uma crosta macia e dourada e uma camada de ovo doce mais cremosa, este bolo foi reconhecido como Indica\u00e7\u00e3o Geogr\u00e1fica Protegida (IGP) pela Comiss\u00e3o Europeia e \u00e9 um doce conventual certificado com mais de 200 anos de hist\u00f3ria em Portugal.<\/p>\n<p><strong>Ingredientes<\/strong>: A\u00e7\u00facar, OVO pasteurizado, farinha de TRIGO, gema pasteurizada (OVO), sal, conservantes (propionato de s\u00f3dio, \u00e1cido s\u00f3rbico, sorbato de pot\u00e1ssio), edulcorante (E420), regulador de acidez (\u00e1cido c\u00edtrico) e aromas.<\/p>\n<p><strong>Alerg\u00e9nios<\/strong>: Pode conter vest\u00edgios de <strong>NOZES, SOJA, LEITE, SEMENTES DE S\u00c9SAMO, DI\u00d3XIDO DE ENXOFRE <\/strong>e <strong>SULFITOS.<\/strong><\/p>\n<p><strong>Informa\u00e7\u00e3o nutricional por 100g:<\/strong><\/p>\n<ul style=\"list-style-type:disc\">\n<li>Energia 1382 Kj \/ 328 kcal<\/li>\n<li>Gorduras 9,4g<\/li>\n<li>dos quais saturados 3g<\/li>\n<li>Hidratos de carbono 51g<\/li>\n<li>dos quais a\u00e7\u00facares 38g<\/li>\n<li>Prote\u00ednas 9,1g<\/li>\n<li>Fibra 0g<\/li>\n<li>Sal 0,37g<\/li>\n<\/ul>\n<p><strong>Pa\u00eds de origem<\/strong>: Portugal.<\/p>\n<p><em>Devido a poss\u00edveis altera\u00e7\u00f5es nas embalagens e\/ou r\u00f3tulos, deve sempre considerar a informa\u00e7\u00e3o que acompanha o produto que recebe.<\/em><\/p>\n","protected":false},"excerpt":{"rendered":"<ul style=\"list-style-type:disc\">\n<li>Peso l\u00edquido 600g<\/li>\n<li>Massa &#8220;fofinha&#8221;<\/li>\n<li>Pronto para consumir<\/li>\n<\/ul>\n","protected":false},"author":43533,"featured_media":88400,"comment_status":"open","ping_status":"closed","template":"","meta":[],"pwb-brand":[],"product_brand":[],"product_cat":[9313,8289,8291,8365,8615],"product_tag":[],"class_list":{"0":"post-213744","1":"product","2":"type-product","3":"status-publish","4":"has-post-thumbnail","6":"product_cat-bolos-de-natal","7":"product_cat-inicio","8":"product_cat-produtos-portugueses","9":"product_cat-confeitaria","10":"product_cat-bolos","12":"first","13":"instock","14":"taxable","15":"shipping-taxable","16":"purchasable","17":"product-type-simple"},"aioseo_notices":[],"brands":[],"_links":{"self":[{"href":"https:\/\/www.delicias-uk.com\/pt-pt\/wp-json\/wp\/v2\/product\/213744","targetHints":{"allow":["GET"]}}],"collection":[{"href":"https:\/\/www.delicias-uk.com\/pt-pt\/wp-json\/wp\/v2\/product"}],"about":[{"href":"https:\/\/www.delicias-uk.com\/pt-pt\/wp-json\/wp\/v2\/types\/product"}],"author":[{"embeddable":true,"href":"https:\/\/www.delicias-uk.com\/pt-pt\/wp-json\/wp\/v2\/users\/43533"}],"replies":[{"embeddable":true,"href":"https:\/\/www.delicias-uk.com\/pt-pt\/wp-json\/wp\/v2\/comments?post=213744"}],"wp:featuredmedia":[{"embeddable":true,"href":"https:\/\/www.delicias-uk.com\/pt-pt\/wp-json\/wp\/v2\/media\/88400"}],"wp:attachment":[{"href":"https:\/\/www.delicias-uk.com\/pt-pt\/wp-json\/wp\/v2\/media?parent=213744"}],"wp:term":[{"taxonomy":"pwb-brand","embeddable":true,"href":"https:\/\/www.delicias-uk.com\/pt-pt\/wp-json\/wp\/v2\/pwb-brand?post=213744"},{"taxonomy":"product_brand","embeddable":true,"href":"https:\/\/www.delicias-uk.com\/pt-pt\/wp-json\/wp\/v2\/product_brand?post=213744"},{"taxonomy":"product_cat","embeddable":true,"href":"https:\/\/www.delicias-uk.com\/pt-pt\/wp-json\/wp\/v2\/product_cat?post=213744"},{"taxonomy":"product_tag","embeddable":true,"href":"https:\/\/www.delicias-uk.com\/pt-pt\/wp-json\/wp\/v2\/product_tag?post=213744"}],"curies":[{"name":"wp","href":"https:\/\/api.w.org\/{rel}","templated":true}]}}