{"id":213714,"date":"2021-02-23T10:55:43","date_gmt":"2021-02-23T10:55:43","guid":{"rendered":"https:\/\/www.delicias-uk.com\/product\/pao-pre-cozcong-bola-de-mafra-original-60g-x-6-2\/"},"modified":"2026-03-22T18:08:25","modified_gmt":"2026-03-22T18:08:25","slug":"pao-pre-cozcong-bola-de-mafra-original-60g-x-6-2","status":"publish","type":"product","link":"https:\/\/www.delicias-uk.com\/pt-pt\/produto\/pao-pre-cozcong-bola-de-mafra-original-60g-x-6-2\/","title":{"rendered":"P\u00e3o Pr\u00e9-Cozido Bola de Mafra Original 60g x 6"},"content":{"rendered":"<p>Bola de Mafra \u00e9 um tradicional pao Portugues, com crosta firme e fina.<\/p>\n","protected":false},"excerpt":{"rendered":"<p>. Bola de Mafra<\/p>\n<p>. Pao Tradicional<\/p>\n<p>. Produto Pre-Cozido e Congelado<\/p>\n","protected":false},"author":43533,"featured_media":88339,"comment_status":"open","ping_status":"closed","template":"","meta":[],"pwb-brand":[],"product_brand":[],"product_cat":[8289,8305,8313],"product_tag":[],"class_list":{"0":"post-213714","1":"product","2":"type-product","3":"status-publish","4":"has-post-thumbnail","6":"product_cat-inicio","7":"product_cat-produtos-congelados","8":"product_cat-pao-congelado","10":"first","11":"instock","12":"taxable","13":"shipping-taxable","14":"purchasable","15":"product-type-simple"},"aioseo_notices":[],"brands":[],"_links":{"self":[{"href":"https:\/\/www.delicias-uk.com\/pt-pt\/wp-json\/wp\/v2\/product\/213714","targetHints":{"allow":["GET"]}}],"collection":[{"href":"https:\/\/www.delicias-uk.com\/pt-pt\/wp-json\/wp\/v2\/product"}],"about":[{"href":"https:\/\/www.delicias-uk.com\/pt-pt\/wp-json\/wp\/v2\/types\/product"}],"author":[{"embeddable":true,"href":"https:\/\/www.delicias-uk.com\/pt-pt\/wp-json\/wp\/v2\/users\/43533"}],"replies":[{"embeddable":true,"href":"https:\/\/www.delicias-uk.com\/pt-pt\/wp-json\/wp\/v2\/comments?post=213714"}],"wp:featuredmedia":[{"embeddable":true,"href":"https:\/\/www.delicias-uk.com\/pt-pt\/wp-json\/wp\/v2\/media\/88339"}],"wp:attachment":[{"href":"https:\/\/www.delicias-uk.com\/pt-pt\/wp-json\/wp\/v2\/media?parent=213714"}],"wp:term":[{"taxonomy":"pwb-brand","embeddable":true,"href":"https:\/\/www.delicias-uk.com\/pt-pt\/wp-json\/wp\/v2\/pwb-brand?post=213714"},{"taxonomy":"product_brand","embeddable":true,"href":"https:\/\/www.delicias-uk.com\/pt-pt\/wp-json\/wp\/v2\/product_brand?post=213714"},{"taxonomy":"product_cat","embeddable":true,"href":"https:\/\/www.delicias-uk.com\/pt-pt\/wp-json\/wp\/v2\/product_cat?post=213714"},{"taxonomy":"product_tag","embeddable":true,"href":"https:\/\/www.delicias-uk.com\/pt-pt\/wp-json\/wp\/v2\/product_tag?post=213714"}],"curies":[{"name":"wp","href":"https:\/\/api.w.org\/{rel}","templated":true}]}}