{"id":213694,"date":"2021-02-22T17:45:01","date_gmt":"2021-02-22T17:45:01","guid":{"rendered":"https:\/\/www.delicias-uk.com\/product\/coxinha-de-galinha-congelada-prosilar-12-x-40g\/"},"modified":"2026-04-30T09:31:39","modified_gmt":"2026-04-30T08:31:39","slug":"coxinha-de-galinha-congelada-prosilar-12-x-40g-2","status":"publish","type":"product","link":"https:\/\/www.delicias-uk.com\/pt-pt\/produto\/coxinha-de-galinha-congelada-prosilar-12-x-40g-2\/","title":{"rendered":"Coxinha de Galinha Congelada Prosilar 40g x 12"},"content":{"rendered":"<p class=\"MsoNormal\" style=\"margin-bottom:10pt;line-height:115%;\"><em><strong><span lang=\"pt-br\" xml:lang=\"pt-br\">Produto congelado. Ser\u00e1 descongelado durante o processo de transporte. Condicionado com materiais termicos (caixa ou bolsa) e gelo.<\/span><\/strong><\/em><\/p>\n<p class=\"MsoNormal\" style=\"margin-bottom:10pt;line-height:115%;\"><span lang=\"pt-br\" xml:lang=\"pt-br\">A coxinha \u00e9 um lanche de rua popular no Brasil e \u00e9 divertida e econ\u00f4mica de fazer. Pense nisso como uma massa saborosa em forma de coxinha com recheio cremoso de salada de frango. Em seguida, \u00e9 batido e frito at\u00e9 ficar dourado e crocante.<\/span><\/p>\n","protected":false},"excerpt":{"rendered":"<ul style=\"list-style-type:disc;\">\n<li>Peso l\u00edquido 480g &#8211; approx 12 unidades<\/li>\n<li>Produto Portugu\u00eas<\/li>\n<li>Produto Congelado<\/li>\n<\/ul>\n","protected":false},"author":43533,"featured_media":88293,"comment_status":"open","ping_status":"closed","template":"","meta":[],"pwb-brand":[],"product_brand":[],"product_cat":[9324,8413],"product_tag":[],"class_list":{"0":"post-213694","1":"product","2":"type-product","3":"status-publish","4":"has-post-thumbnail","6":"product_cat-para-petiscar","7":"product_cat-salgado-congelado","9":"first","10":"instock","11":"taxable","12":"shipping-taxable","13":"purchasable","14":"product-type-simple"},"aioseo_notices":[],"brands":[],"_links":{"self":[{"href":"https:\/\/www.delicias-uk.com\/pt-pt\/wp-json\/wp\/v2\/product\/213694","targetHints":{"allow":["GET"]}}],"collection":[{"href":"https:\/\/www.delicias-uk.com\/pt-pt\/wp-json\/wp\/v2\/product"}],"about":[{"href":"https:\/\/www.delicias-uk.com\/pt-pt\/wp-json\/wp\/v2\/types\/product"}],"author":[{"embeddable":true,"href":"https:\/\/www.delicias-uk.com\/pt-pt\/wp-json\/wp\/v2\/users\/43533"}],"replies":[{"embeddable":true,"href":"https:\/\/www.delicias-uk.com\/pt-pt\/wp-json\/wp\/v2\/comments?post=213694"}],"wp:featuredmedia":[{"embeddable":true,"href":"https:\/\/www.delicias-uk.com\/pt-pt\/wp-json\/wp\/v2\/media\/88293"}],"wp:attachment":[{"href":"https:\/\/www.delicias-uk.com\/pt-pt\/wp-json\/wp\/v2\/media?parent=213694"}],"wp:term":[{"taxonomy":"pwb-brand","embeddable":true,"href":"https:\/\/www.delicias-uk.com\/pt-pt\/wp-json\/wp\/v2\/pwb-brand?post=213694"},{"taxonomy":"product_brand","embeddable":true,"href":"https:\/\/www.delicias-uk.com\/pt-pt\/wp-json\/wp\/v2\/product_brand?post=213694"},{"taxonomy":"product_cat","embeddable":true,"href":"https:\/\/www.delicias-uk.com\/pt-pt\/wp-json\/wp\/v2\/product_cat?post=213694"},{"taxonomy":"product_tag","embeddable":true,"href":"https:\/\/www.delicias-uk.com\/pt-pt\/wp-json\/wp\/v2\/product_tag?post=213694"}],"curies":[{"name":"wp","href":"https:\/\/api.w.org\/{rel}","templated":true}]}}