{"id":213686,"date":"2021-02-22T14:26:42","date_gmt":"2021-02-22T14:26:42","guid":{"rendered":"https:\/\/www.delicias-uk.com\/product\/ameixa-d-elvas-em-calda-convento-da-serra-fr-300g-2\/"},"modified":"2021-02-22T14:26:42","modified_gmt":"2021-02-22T14:26:42","slug":"ameixa-d-elvas-em-calda-convento-da-serra-fr-300g-2","status":"publish","type":"product","link":"https:\/\/www.delicias-uk.com\/pt-pt\/produto\/ameixa-d-elvas-em-calda-convento-da-serra-fr-300g-2\/","title":{"rendered":"Ameixa D&#8217;Elvas em Calda Convento da Serra Frasco 300g"},"content":{"rendered":"<p>Estas lindas ameixas cultivam-se no sul de Portugal, mais precisamente na regi\u00e3o de Elvas, no Alentejo, tamb\u00e9m popular regi\u00e3o vin\u00edcola e perto da fronteira com Espanha. Selecionadas com cuidado e colhidas em julho, as ameixas s\u00e3o cozidas e embebidas em a\u00e7\u00facar por seis semanas, depois lavadas e secas ao sol antes de serem embaladas. Uma doce iguaria singular. Eles s\u00e3o cheios de do\u00e7ura e sucul\u00eancia.<\/p>\n","protected":false},"excerpt":{"rendered":"<p>Estas lindas ameixas cultivam-se no sul de Portugal, mais precisamente na regi\u00e3o de Elvas, no Alentejo, tamb\u00e9m popular regi\u00e3o vin\u00edcola e perto da fronteira com Espanha. Selecionadas com cuidado e colhidas em julho, as ameixas s\u00e3o cozidas e embebidas em a\u00e7\u00facar por seis semanas, depois lavadas e secas ao sol antes de serem embaladas. Uma [&hellip;]<\/p>\n","protected":false},"author":43533,"featured_media":88262,"comment_status":"open","ping_status":"closed","template":"","meta":[],"pwb-brand":[],"product_brand":[],"product_cat":[9314,9315,8289],"product_tag":[],"class_list":{"0":"post-213686","1":"product","2":"type-product","3":"status-publish","4":"has-post-thumbnail","6":"product_cat-chocolate-pt-pt-2","7":"product_cat-frutos-secos-e-nozes","8":"product_cat-inicio","10":"first","11":"instock","12":"taxable","13":"shipping-taxable","14":"purchasable","15":"product-type-simple"},"aioseo_notices":[],"brands":[],"_links":{"self":[{"href":"https:\/\/www.delicias-uk.com\/pt-pt\/wp-json\/wp\/v2\/product\/213686","targetHints":{"allow":["GET"]}}],"collection":[{"href":"https:\/\/www.delicias-uk.com\/pt-pt\/wp-json\/wp\/v2\/product"}],"about":[{"href":"https:\/\/www.delicias-uk.com\/pt-pt\/wp-json\/wp\/v2\/types\/product"}],"author":[{"embeddable":true,"href":"https:\/\/www.delicias-uk.com\/pt-pt\/wp-json\/wp\/v2\/users\/43533"}],"replies":[{"embeddable":true,"href":"https:\/\/www.delicias-uk.com\/pt-pt\/wp-json\/wp\/v2\/comments?post=213686"}],"wp:featuredmedia":[{"embeddable":true,"href":"https:\/\/www.delicias-uk.com\/pt-pt\/wp-json\/wp\/v2\/media\/88262"}],"wp:attachment":[{"href":"https:\/\/www.delicias-uk.com\/pt-pt\/wp-json\/wp\/v2\/media?parent=213686"}],"wp:term":[{"taxonomy":"pwb-brand","embeddable":true,"href":"https:\/\/www.delicias-uk.com\/pt-pt\/wp-json\/wp\/v2\/pwb-brand?post=213686"},{"taxonomy":"product_brand","embeddable":true,"href":"https:\/\/www.delicias-uk.com\/pt-pt\/wp-json\/wp\/v2\/product_brand?post=213686"},{"taxonomy":"product_cat","embeddable":true,"href":"https:\/\/www.delicias-uk.com\/pt-pt\/wp-json\/wp\/v2\/product_cat?post=213686"},{"taxonomy":"product_tag","embeddable":true,"href":"https:\/\/www.delicias-uk.com\/pt-pt\/wp-json\/wp\/v2\/product_tag?post=213686"}],"curies":[{"name":"wp","href":"https:\/\/api.w.org\/{rel}","templated":true}]}}