{"id":213676,"date":"2021-02-19T17:40:47","date_gmt":"2021-02-19T17:40:47","guid":{"rendered":"https:\/\/www.delicias-uk.com\/product\/cafe-classico-em-grao-sical-250g\/"},"modified":"2025-04-23T11:21:02","modified_gmt":"2025-04-23T10:21:02","slug":"cafe-classico-em-grao-sical-220g","status":"publish","type":"product","link":"https:\/\/www.delicias-uk.com\/pt-pt\/produto\/cafe-classico-em-grao-sical-220g\/","title":{"rendered":"Caf\u00e9 Sical Cl\u00e1ssico em Gr\u00e3o 220g"},"content":{"rendered":"<p>Gr\u00e3o de caf\u00e9 encorpado, com acidez suave e notas de cereais e caramelo. Oriundo das mais variadas origens, \u00e9 extremamente rico culturalmente. Portanto, \u00e9 recomendado! Todas as etapas da produ\u00e7\u00e3o deste gr\u00e3o de caf\u00e9, desde a sele\u00e7\u00e3o dos gr\u00e3os at\u00e9 \u00e0 chegada \u00e0 ch\u00e1vena, tornam-no \u00fanico e dif\u00edcil de bater. Um cl\u00e1ssico para todos os dias, para todos os momentos. \u00c9 intenso e foi feito a pensar em si e na acelera\u00e7\u00e3o do seu dia a dia. Com este refor\u00e7o de energia ser\u00e1 mais simples!<\/p>\n<p><strong>Ingredientes<\/strong>: gr\u00e3os de caf\u00e9 torrados.<\/p>\n<p><strong>Alerg\u00e9nios<\/strong>: nenhum<\/p>\n<p><strong>Pa\u00eds de origem<\/strong>: \u00c1frica, \u00c1sia e Brasil.<\/p>\n","protected":false},"excerpt":{"rendered":"<ul style=\"list-style-type: disc\">\n<li>Peso l\u00edquido 220g<\/li>\n<li>Gr\u00e3os de caf\u00e9 para caf\u00e9 expresso<\/li>\n<li>Serve aprox. 35 ch\u00e1venas<\/li>\n<\/ul>\n","protected":false},"author":43533,"featured_media":88239,"comment_status":"open","ping_status":"closed","template":"","meta":[],"pwb-brand":[],"product_brand":[],"product_cat":[8289,8291,8351,8453,8573,8499,8539],"product_tag":[],"class_list":{"0":"post-213676","1":"product","2":"type-product","3":"status-publish","4":"has-post-thumbnail","6":"product_cat-inicio","7":"product_cat-produtos-portugueses","8":"product_cat-cafe-cha-acucar","9":"product_cat-cafe","10":"product_cat-sem-acucar","11":"product_cat-sem-glutem","12":"product_cat-sem-lactose","14":"first","15":"instock","16":"taxable","17":"shipping-taxable","18":"purchasable","19":"product-type-simple"},"aioseo_notices":[],"brands":[],"_links":{"self":[{"href":"https:\/\/www.delicias-uk.com\/pt-pt\/wp-json\/wp\/v2\/product\/213676","targetHints":{"allow":["GET"]}}],"collection":[{"href":"https:\/\/www.delicias-uk.com\/pt-pt\/wp-json\/wp\/v2\/product"}],"about":[{"href":"https:\/\/www.delicias-uk.com\/pt-pt\/wp-json\/wp\/v2\/types\/product"}],"author":[{"embeddable":true,"href":"https:\/\/www.delicias-uk.com\/pt-pt\/wp-json\/wp\/v2\/users\/43533"}],"replies":[{"embeddable":true,"href":"https:\/\/www.delicias-uk.com\/pt-pt\/wp-json\/wp\/v2\/comments?post=213676"}],"wp:featuredmedia":[{"embeddable":true,"href":"https:\/\/www.delicias-uk.com\/pt-pt\/wp-json\/wp\/v2\/media\/88239"}],"wp:attachment":[{"href":"https:\/\/www.delicias-uk.com\/pt-pt\/wp-json\/wp\/v2\/media?parent=213676"}],"wp:term":[{"taxonomy":"pwb-brand","embeddable":true,"href":"https:\/\/www.delicias-uk.com\/pt-pt\/wp-json\/wp\/v2\/pwb-brand?post=213676"},{"taxonomy":"product_brand","embeddable":true,"href":"https:\/\/www.delicias-uk.com\/pt-pt\/wp-json\/wp\/v2\/product_brand?post=213676"},{"taxonomy":"product_cat","embeddable":true,"href":"https:\/\/www.delicias-uk.com\/pt-pt\/wp-json\/wp\/v2\/product_cat?post=213676"},{"taxonomy":"product_tag","embeddable":true,"href":"https:\/\/www.delicias-uk.com\/pt-pt\/wp-json\/wp\/v2\/product_tag?post=213676"}],"curies":[{"name":"wp","href":"https:\/\/api.w.org\/{rel}","templated":true}]}}