{"id":213656,"date":"2021-01-19T11:53:53","date_gmt":"2021-01-19T11:53:53","guid":{"rendered":"https:\/\/www.delicias-uk.com\/product\/vela-tripla-acao-tipo-stefani-sao-pedro-1-unid-2\/"},"modified":"2026-02-24T11:56:39","modified_gmt":"2026-02-24T11:56:39","slug":"vela-tripla-acao-tipo-stefani-sao-pedro-1-unid-2","status":"publish","type":"product","link":"https:\/\/www.delicias-uk.com\/pt-pt\/produto\/vela-tripla-acao-tipo-stefani-sao-pedro-1-unid-2\/","title":{"rendered":"Vela Tripla A\u00e7\u00e3o Para Filtro S\u00e3o Pedro"},"content":{"rendered":"<p class=\"MsoNormal\" style=\"margin:15pt 0cm;line-height:normal;background:#ffffff;text-align:left;\"><b><span lang=\"pt\" style=\"font-size:8.5pt;font-family:Verdana, sans-serif;\" xml:lang=\"pt\">Quanto tempo dura a vela filtro de barro?<\/span><\/b><span lang=\"pt\" style=\"font-size:8.5pt;font-family:Verdana, sans-serif;\" xml:lang=\"pt\"><\/span><\/p>\n<p class=\"MsoNormal\" style=\"line-height:normal;\"><span lang=\"pt\" style=\"font-size:8.5pt;font-family:Verdana, sans-serif;\" xml:lang=\"pt\">A durabilidade da vela de filtro de barro costuma ser de seis meses ou a cada 500 litros de \u00e1gua purificados.<\/span><\/p>\n<p class=\"MsoNormal\" style=\"line-height:normal;\"><span lang=\"pt\" style=\"font-size:8.5pt;font-family:Verdana, sans-serif;\" xml:lang=\"pt\">Quando atingir esse prazo, recomenda-se a troca da pe\u00e7a, o que garantir\u00e1 \u00e1gua de qualidade todos os dias. Portanto, n\u00e3o deixe de realizar procedimento sempre que necess\u00e1rio!<\/span><span style=\"font-size:8.5pt;font-family:Verdana, sans-serif;\"><\/span><\/p>\n<p class=\"MsoNormal\"><b><span lang=\"pt\" xml:lang=\"pt\">Benef\u00edcios da Vela Tripla A\u00e7\u00e3o<\/span><\/b><\/p>\n<p class=\"MsoNormal\"><span lang=\"pt\" xml:lang=\"pt\">A vela de tripla a\u00e7\u00e3o \u00e9 a que oferece uma purifica\u00e7\u00e3o mais completa. Esse processo \u00e9 feito em tr\u00eas etapas, garantindo a qualidade da \u00e1gua.<\/span><\/p>\n<p class=\"MsoNormal\"><span lang=\"pt\" xml:lang=\"pt\">Na primeira etapa, a vela consegue reter part\u00edculas s\u00f3lidas que est\u00e3o em suspens\u00e3o na \u00e1gua. J\u00e1 na segunda etapa, h\u00e1 o contato da \u00e1gua com a prata coloidal, que elimina microrganismos e reduz o risco de intoxica\u00e7\u00f5es e contamina\u00e7\u00f5es por doen\u00e7as.<\/span><\/p>\n<p class=\"MsoNormal\"><span lang=\"pt\" xml:lang=\"pt\">Por \u00faltimo, a \u00e1gua passa pelo carv\u00e3o ativado, que \u00e9 um poderoso elemento filtrante. O carv\u00e3o ativado \u00e9 capaz de reter o excesso de cloro da \u00e1gua, bem como de eliminar o odor e sabor ruins.<\/span><\/p>\n<p class=\"MsoNormal\"><span lang=\"pt\" xml:lang=\"pt\">A alta efic\u00e1cia desse elemento filtrante faz com que ele seja utilizado em diversos refis, n\u00e3o somente na vela para filtro de barro. Portanto, n\u00e3o deixe de comprar vela esterilizante de tripla a\u00e7\u00e3o.<\/span><\/p>\n","protected":false},"excerpt":{"rendered":"<p>Quanto tempo dura a vela filtro de barro? A durabilidade da vela de filtro de barro costuma ser de seis meses ou a cada 500 litros de \u00e1gua purificados. Quando atingir esse prazo, recomenda-se a troca da pe\u00e7a, o que garantir\u00e1 \u00e1gua de qualidade todos os dias. Portanto, n\u00e3o deixe de realizar procedimento sempre que [&hellip;]<\/p>\n","protected":false},"author":43533,"featured_media":88198,"comment_status":"open","ping_status":"closed","template":"","meta":[],"pwb-brand":[],"product_brand":[],"product_cat":[8289,8293,8425],"product_tag":[],"class_list":{"0":"post-213656","1":"product","2":"type-product","3":"status-publish","4":"has-post-thumbnail","6":"product_cat-inicio","7":"product_cat-produtos-brasileiros","8":"product_cat-utensilios-de-cozinha","10":"first","11":"instock","12":"taxable","13":"shipping-taxable","14":"purchasable","15":"product-type-simple"},"aioseo_notices":[],"brands":[],"_links":{"self":[{"href":"https:\/\/www.delicias-uk.com\/pt-pt\/wp-json\/wp\/v2\/product\/213656","targetHints":{"allow":["GET"]}}],"collection":[{"href":"https:\/\/www.delicias-uk.com\/pt-pt\/wp-json\/wp\/v2\/product"}],"about":[{"href":"https:\/\/www.delicias-uk.com\/pt-pt\/wp-json\/wp\/v2\/types\/product"}],"author":[{"embeddable":true,"href":"https:\/\/www.delicias-uk.com\/pt-pt\/wp-json\/wp\/v2\/users\/43533"}],"replies":[{"embeddable":true,"href":"https:\/\/www.delicias-uk.com\/pt-pt\/wp-json\/wp\/v2\/comments?post=213656"}],"wp:featuredmedia":[{"embeddable":true,"href":"https:\/\/www.delicias-uk.com\/pt-pt\/wp-json\/wp\/v2\/media\/88198"}],"wp:attachment":[{"href":"https:\/\/www.delicias-uk.com\/pt-pt\/wp-json\/wp\/v2\/media?parent=213656"}],"wp:term":[{"taxonomy":"pwb-brand","embeddable":true,"href":"https:\/\/www.delicias-uk.com\/pt-pt\/wp-json\/wp\/v2\/pwb-brand?post=213656"},{"taxonomy":"product_brand","embeddable":true,"href":"https:\/\/www.delicias-uk.com\/pt-pt\/wp-json\/wp\/v2\/product_brand?post=213656"},{"taxonomy":"product_cat","embeddable":true,"href":"https:\/\/www.delicias-uk.com\/pt-pt\/wp-json\/wp\/v2\/product_cat?post=213656"},{"taxonomy":"product_tag","embeddable":true,"href":"https:\/\/www.delicias-uk.com\/pt-pt\/wp-json\/wp\/v2\/product_tag?post=213656"}],"curies":[{"name":"wp","href":"https:\/\/api.w.org\/{rel}","templated":true}]}}