{"id":213654,"date":"2021-01-15T09:58:22","date_gmt":"2021-01-15T09:58:22","guid":{"rendered":"https:\/\/www.delicias-uk.com\/product\/farinha-de-milho-fina-enriquecida-yoki-500g\/"},"modified":"2026-04-01T10:45:52","modified_gmt":"2026-04-01T09:45:52","slug":"farinha-de-milho-fina-enriquecida-yoki-500g","status":"publish","type":"product","link":"https:\/\/www.delicias-uk.com\/pt-pt\/produto\/farinha-de-milho-fina-enriquecida-yoki-500g\/","title":{"rendered":"Farinha de Milho Fina Enriquecida Yoki 500g"},"content":{"rendered":"<div class=\"OutlineElement Ltr SCXW20495372 BCX8\" style=\"margin:0px;padding:0px;clear:both;font-family:'Segoe UI', 'Segoe UI Web', Arial, Verdana, sans-serif;font-size:12px;background-color:#ffffff\">\n<p class=\"Paragraph SCXW20495372 BCX8\" xml:lang=\"pt-br\" lang=\"pt-br\" style=\"margin:0px 0px 10.6667px;padding:0px;vertical-align:baseline;background-color:transparent\">\n<\/p><\/div>\n<div class=\"OutlineElement Ltr SCXW20495372 BCX8\" style=\"margin:0px;padding:0px;clear:both;font-family:'Segoe UI', 'Segoe UI Web', Arial, Verdana, sans-serif;font-size:12px;background-color:#ffffff\">\n<p class=\"Paragraph SCXW20495372 BCX8\" xml:lang=\"pt-br\" lang=\"pt-br\" style=\"margin:0px 0px 10.6667px;padding:0px;vertical-align:baseline;background-color:transparent\"><span xml:lang=\"pt-br\" lang=\"pt-br\" class=\"TextRun SCXW20495372 BCX8\" style=\"margin:0px;padding:0px;font-size:11pt;line-height:19.7625px;font-family:Calibri, 'Calibri_EmbeddedFont', 'Calibri_MSFontService', sans-serif\"><span class=\"NormalTextRun SCXW20495372 BCX8\" style=\"margin:0px;padding:0px\">A polenta \u00e9 um alimento t\u00edpico da It\u00e1lia.\u00a0<\/span><span class=\"NormalTextRun SCXW20495372 BCX8\" style=\"margin:0px;padding:0px\">Produzida \u00e0 base de farinha de milho<\/span><span class=\"NormalTextRun SCXW20495372 BCX8\" style=\"margin:0px;padding:0px\">,<\/span><\/span><span class=\"EOP SCXW20495372 BCX8\" style=\"margin:0px;padding:0px;font-size:11pt;line-height:19.7625px;font-family:Calibri, 'Calibri_EmbeddedFont', 'Calibri_MSFontService', sans-serif\">\u00a0<\/span><\/p>\n<\/p><\/div>\n<div class=\"OutlineElement Ltr SCXW20495372 BCX8\" style=\"margin:0px;padding:0px;clear:both;font-family:'Segoe UI', 'Segoe UI Web', Arial, Verdana, sans-serif;font-size:12px;background-color:#ffffff\">\n<p class=\"Paragraph SCXW20495372 BCX8\" xml:lang=\"pt-br\" lang=\"pt-br\" style=\"margin:0px 0px 10.6667px;padding:0px;vertical-align:baseline;background-color:transparent\"><span xml:lang=\"pt-br\" lang=\"pt-br\" class=\"TextRun SCXW20495372 BCX8\" style=\"margin:0px;padding:0px;font-size:11pt;line-height:19.7625px;font-family:Calibri, 'Calibri_EmbeddedFont', 'Calibri_MSFontService', sans-serif\">farinha\u00a0de\u00a0milho*\u00a0enriquecida\u00a0com\u00a0ferro\u00a0e\u00a0\u00e1cido\u00a0f\u00f3lico.\u00a0<\/span><span xml:lang=\"pt-br\" lang=\"pt-br\" class=\"TextRun SCXW20495372 BCX8\" style=\"margin:0px;padding:0px;font-size:11pt;line-height:19.7625px;font-family:Calibri, 'Calibri_EmbeddedFont', 'Calibri_MSFontService', sans-serif\"> <\/span><span class=\"EOP SCXW20495372 BCX8\" style=\"margin:0px;padding:0px;font-size:11pt;line-height:19.7625px;font-family:Calibri, 'Calibri_EmbeddedFont', 'Calibri_MSFontService', sans-serif\"> <\/span><\/p>\n<\/p><\/div>\n","protected":false},"excerpt":{"rendered":"<p>\u2022Farinha de milho fina<\/p>\n<p>\u2022Embalagem de 500g<\/p>\n<p>.\u00a0<span xml:lang=\"pt-br\" lang=\"pt-br\" class=\"TextRun SCXW20495372 BCX8\" style=\"background-color:#ffffff;margin:0px;padding:0px;font-size:11pt;line-height:19.7625px;font-family:Calibri, 'Calibri_EmbeddedFont', 'Calibri_MSFontService', sans-serif\">Polenta Instant\u00e2nea\u00a0 <\/span><span class=\"EOP SCXW20495372 BCX8\" style=\"background-color:#ffffff;margin:0px;padding:0px;font-size:11pt;line-height:19.7625px;font-family:Calibri, 'Calibri_EmbeddedFont', 'Calibri_MSFontService', sans-serif\"> <\/span><\/p>\n","protected":false},"author":43533,"featured_media":88194,"comment_status":"open","ping_status":"closed","template":"","meta":[],"pwb-brand":[],"product_brand":[],"product_cat":[8289,8293,8401,8517,8749],"product_tag":[],"class_list":{"0":"post-213654","1":"product","2":"type-product","3":"status-publish","4":"has-post-thumbnail","6":"product_cat-inicio","7":"product_cat-produtos-brasileiros","8":"product_cat-mercearia-pt-pt","9":"product_cat-farinhas-e-graos","10":"product_cat-farinha-de-milho","12":"first","13":"instock","14":"taxable","15":"shipping-taxable","16":"purchasable","17":"product-type-simple"},"aioseo_notices":[],"brands":[],"_links":{"self":[{"href":"https:\/\/www.delicias-uk.com\/pt-pt\/wp-json\/wp\/v2\/product\/213654","targetHints":{"allow":["GET"]}}],"collection":[{"href":"https:\/\/www.delicias-uk.com\/pt-pt\/wp-json\/wp\/v2\/product"}],"about":[{"href":"https:\/\/www.delicias-uk.com\/pt-pt\/wp-json\/wp\/v2\/types\/product"}],"author":[{"embeddable":true,"href":"https:\/\/www.delicias-uk.com\/pt-pt\/wp-json\/wp\/v2\/users\/43533"}],"replies":[{"embeddable":true,"href":"https:\/\/www.delicias-uk.com\/pt-pt\/wp-json\/wp\/v2\/comments?post=213654"}],"wp:featuredmedia":[{"embeddable":true,"href":"https:\/\/www.delicias-uk.com\/pt-pt\/wp-json\/wp\/v2\/media\/88194"}],"wp:attachment":[{"href":"https:\/\/www.delicias-uk.com\/pt-pt\/wp-json\/wp\/v2\/media?parent=213654"}],"wp:term":[{"taxonomy":"pwb-brand","embeddable":true,"href":"https:\/\/www.delicias-uk.com\/pt-pt\/wp-json\/wp\/v2\/pwb-brand?post=213654"},{"taxonomy":"product_brand","embeddable":true,"href":"https:\/\/www.delicias-uk.com\/pt-pt\/wp-json\/wp\/v2\/product_brand?post=213654"},{"taxonomy":"product_cat","embeddable":true,"href":"https:\/\/www.delicias-uk.com\/pt-pt\/wp-json\/wp\/v2\/product_cat?post=213654"},{"taxonomy":"product_tag","embeddable":true,"href":"https:\/\/www.delicias-uk.com\/pt-pt\/wp-json\/wp\/v2\/product_tag?post=213654"}],"curies":[{"name":"wp","href":"https:\/\/api.w.org\/{rel}","templated":true}]}}