{"id":213650,"date":"2021-01-11T09:30:21","date_gmt":"2021-01-11T09:30:21","guid":{"rendered":"https:\/\/www.delicias-uk.com\/product\/vinho-tinto-esporao-monte-velho-2022-75cl\/"},"modified":"2026-03-26T22:00:53","modified_gmt":"2026-03-26T22:00:53","slug":"esporao-monte-velho","status":"publish","type":"product","link":"https:\/\/www.delicias-uk.com\/pt-pt\/produto\/esporao-monte-velho\/","title":{"rendered":"Espor\u00e3o Monte Velho 2024 75cl"},"content":{"rendered":"<p data-start=\"60\" data-end=\"91\"><strong data-start=\"60\" data-end=\"89\">Espor\u00e3o Monte Velho Tinto<\/strong><\/p>\n<p data-start=\"93\" data-end=\"387\">A primeira colheita do Monte Velho data de 1991 e chegou ao mercado pela primeira vez em 1992, com o pre\u00e7o de 200 escudos na \u00e9poca. Inspirado no vinho emblem\u00e1tico Espor\u00e3o Reserva, o Monte Velho revolucionou o consumo di\u00e1rio de vinho, levando \u00e0 mesa um vinho de qualidade a um pre\u00e7o acess\u00edvel.<\/p>\n<p data-start=\"389\" data-end=\"654\">Ao longo dos \u00faltimos 30 anos, a trajet\u00f3ria da marca evoluiu significativamente. Em 2020, foram vendidas 7,4 milh\u00f5es de garrafas de Monte Velho em mais de 50 pa\u00edses. Desde 2013, este vinho regional alentejano \u00e9 produzido totalmente em regime de produ\u00e7\u00e3o integrada.<\/p>\n<p data-start=\"656\" data-end=\"813\">A hist\u00f3ria do Monte Velho est\u00e1 intimamente ligada ao territ\u00f3rio de origem, sendo um vinho tipicamente alentejano pela diversidade de castas e perfil \u00fanico.<\/p>\n<p data-start=\"815\" data-end=\"997\"><strong data-start=\"815\" data-end=\"831\">Vinifica\u00e7\u00e3o:<\/strong> Vindima mec\u00e2nica, desengace e esmagamento, fermenta\u00e7\u00e3o alco\u00f3lica a temperatura controlada, prensagem e fermenta\u00e7\u00e3o malol\u00e1tica.<br data-start=\"958\" data-end=\"961\" \/>Est\u00e1gio m\u00ednimo de 5 meses em inox.<\/p>\n<p data-start=\"999\" data-end=\"1259\"><strong data-start=\"999\" data-end=\"1012\">Produtor:<\/strong> Herdade do Espor\u00e3o<br data-start=\"1031\" data-end=\"1034\" \/><strong data-start=\"1034\" data-end=\"1045\">Regi\u00e3o:<\/strong> Alentejo, Portugal<br data-start=\"1064\" data-end=\"1067\" \/><strong data-start=\"1067\" data-end=\"1078\">Estilo:<\/strong> Vinho Tinto<br data-start=\"1090\" data-end=\"1093\" \/><strong data-start=\"1093\" data-end=\"1104\">Castas:<\/strong> Aragonez, Trincadeira, Touriga Nacional, Alicante Bouschet, Syrah e outras<br data-start=\"1179\" data-end=\"1182\" \/><strong data-start=\"1182\" data-end=\"1194\" data-is-only-node=\"\">Garrafa:<\/strong> 75cl<br data-start=\"1199\" data-end=\"1202\" \/><strong data-start=\"1202\" data-end=\"1213\">\u00c1lcool:<\/strong> 13,5%<br data-start=\"1219\" data-end=\"1222\" \/><strong data-start=\"1222\" data-end=\"1249\">Temperatura de Servi\u00e7o:<\/strong> 16\u201318\u00baC<\/p>\n<p data-start=\"1261\" data-end=\"1448\" data-is-only-node=\"\"><strong data-start=\"1261\" data-end=\"1269\">Cor:<\/strong> Aspeto l\u00edmpido, cor rubi<br data-start=\"1294\" data-end=\"1297\" \/><strong data-start=\"1297\" data-end=\"1307\">Aroma:<\/strong> Exuberante, com notas de fruta vermelha fresca e bagas silvestres<br data-start=\"1373\" data-end=\"1376\" \/><strong data-start=\"1376\" data-end=\"1388\">Paladar:<\/strong> Fresco e leve, com estrutura elegante e final equilibrado<\/p>\n","protected":false},"excerpt":{"rendered":"<ul>\n<li><strong data-start=\"999\" data-end=\"1012\">Produtor:<\/strong> Herdade do Espor\u00e3o<\/li>\n<li><strong data-start=\"1034\" data-end=\"1045\">Regi\u00e3o:<\/strong> Alentejo, Portugal<\/li>\n<li><strong data-start=\"1067\" data-end=\"1078\">Estilo:<\/strong> Vinho Tinto<\/li>\n<li><strong data-start=\"1093\" data-end=\"1104\">Castas:<\/strong> Aragonez, Trincadeira, Touriga Nacional, Alicante Bouschet, Syrah e outras<\/li>\n<li><strong data-start=\"1182\" data-end=\"1194\" data-is-only-node=\"\">Garrafa:<\/strong> 75cl<\/li>\n<li><strong data-start=\"1202\" data-end=\"1213\">\u00c1lcool:<\/strong> 13,5%<\/li>\n<li><strong data-start=\"1222\" data-end=\"1249\">Temperatura de Servi\u00e7o:<\/strong> 16\u201318\u00baC<\/li>\n<\/ul>\n","protected":false},"author":43533,"featured_media":234132,"comment_status":"open","ping_status":"closed","template":"","meta":[],"pwb-brand":[],"product_brand":[],"product_cat":[8289,8291,8431,8449,8685,8499,8347],"product_tag":[9239,9237,9238],"class_list":{"0":"post-213650","1":"product","2":"type-product","3":"status-publish","4":"has-post-thumbnail","6":"product_cat-inicio","7":"product_cat-produtos-portugueses","8":"product_cat-vinhos-pt-pt","9":"product_cat-vinho-tinto","10":"product_cat-alentejo-pt-pt","11":"product_cat-sem-glutem","12":"product_cat-vegetariano","13":"product_tag-alentejo-pt-pt","14":"product_tag-red-wine-pt-pt","15":"product_tag-wine-pt-pt","17":"first","18":"instock","19":"taxable","20":"shipping-taxable","21":"purchasable","22":"product-type-simple"},"aioseo_notices":[],"brands":[],"_links":{"self":[{"href":"https:\/\/www.delicias-uk.com\/pt-pt\/wp-json\/wp\/v2\/product\/213650","targetHints":{"allow":["GET"]}}],"collection":[{"href":"https:\/\/www.delicias-uk.com\/pt-pt\/wp-json\/wp\/v2\/product"}],"about":[{"href":"https:\/\/www.delicias-uk.com\/pt-pt\/wp-json\/wp\/v2\/types\/product"}],"author":[{"embeddable":true,"href":"https:\/\/www.delicias-uk.com\/pt-pt\/wp-json\/wp\/v2\/users\/43533"}],"replies":[{"embeddable":true,"href":"https:\/\/www.delicias-uk.com\/pt-pt\/wp-json\/wp\/v2\/comments?post=213650"}],"wp:featuredmedia":[{"embeddable":true,"href":"https:\/\/www.delicias-uk.com\/pt-pt\/wp-json\/wp\/v2\/media\/234132"}],"wp:attachment":[{"href":"https:\/\/www.delicias-uk.com\/pt-pt\/wp-json\/wp\/v2\/media?parent=213650"}],"wp:term":[{"taxonomy":"pwb-brand","embeddable":true,"href":"https:\/\/www.delicias-uk.com\/pt-pt\/wp-json\/wp\/v2\/pwb-brand?post=213650"},{"taxonomy":"product_brand","embeddable":true,"href":"https:\/\/www.delicias-uk.com\/pt-pt\/wp-json\/wp\/v2\/product_brand?post=213650"},{"taxonomy":"product_cat","embeddable":true,"href":"https:\/\/www.delicias-uk.com\/pt-pt\/wp-json\/wp\/v2\/product_cat?post=213650"},{"taxonomy":"product_tag","embeddable":true,"href":"https:\/\/www.delicias-uk.com\/pt-pt\/wp-json\/wp\/v2\/product_tag?post=213650"}],"curies":[{"name":"wp","href":"https:\/\/api.w.org\/{rel}","templated":true}]}}