{"id":213622,"date":"2021-01-08T13:41:36","date_gmt":"2021-01-08T13:41:36","guid":{"rendered":"https:\/\/www.delicias-uk.com\/product\/bacalhau-congelado-srbacalhau-lombos-premium-1kg\/"},"modified":"2026-04-08T11:03:25","modified_gmt":"2026-04-08T10:03:25","slug":"bacalhau-congelado-srbacalhau-lombos-premium-1kg","status":"publish","type":"product","link":"https:\/\/www.delicias-uk.com\/pt-pt\/produto\/bacalhau-congelado-srbacalhau-lombos-premium-1kg\/","title":{"rendered":"Lombos de Bacalhau Premium Congelado Sr. Bacalhau 1kg"},"content":{"rendered":"<p>Os Lombos de Bacalhau Premium Congelado Sr. Bacalhau (1kg) s\u00e3o a escolha ideal para quem busca a melhor qualidade e sabor em cortes nobres do verdadeiro bacalhau Gadus morhua. Reconhecidos por sua espessura, maciez e sucul\u00eancia, os lombos s\u00e3o perfeitos para receitas especiais e ocasi\u00f5es importantes, proporcionando um toque gourmet \u00e0s suas refei\u00e7\u00f5es.<\/p>\n<\/p>\n<p>Caracter\u00edsticas dos Lombos de Bacalhau Premium Sr. Bacalhau<\/p>\n<p>Corte Premium:<\/p>\n<p>Os lombos s\u00e3o a parte mais nobre do bacalhau, sem espinhas e com carne firme e suculenta.<\/p>\n<p>Congelado:<\/p>\n<p>O congelamento r\u00e1pido preserva a textura, o frescor e o sabor caracter\u00edstico do bacalhau.<\/p>\n<p>Peso ideal para fam\u00edlias:<\/p>\n<p>A embalagem de 1kg \u00e9 perfeita para preparar pratos para v\u00e1rias pessoas ou para armazenar em por\u00e7\u00f5es menores.<\/p>\n<p>Origem Norueguesa:<\/p>\n<p>Feito a partir do aut\u00eantico bacalhau Gadus morhua, pescado nas \u00e1guas frias e profundas da Noruega, garantindo qualidade superior.<\/p>\n<p>Praticidade:<\/p>\n<p>Embalado e pronto para ser dessalgado e preparado conforme a sua receita preferida.<\/p>\n","protected":false},"excerpt":{"rendered":"<ul style=\"list-style-type:disc;\">\n<li>Bacalhau Congelado Lombo Premium<\/li>\n<li>Marca: Sr. Bacalhau<\/li>\n<li>Esp\u00e9cie: Gadus Morhua<\/li>\n<\/ul>\n","protected":false},"author":43533,"featured_media":88134,"comment_status":"open","ping_status":"closed","template":"","meta":[],"pwb-brand":[],"product_brand":[],"product_cat":[9330,8357],"product_tag":[],"class_list":{"0":"post-213622","1":"product","2":"type-product","3":"status-publish","4":"has-post-thumbnail","6":"product_cat-pronto-para-cozinhar","7":"product_cat-bacalhau-congelado","9":"first","10":"outofstock","11":"taxable","12":"shipping-taxable","13":"purchasable","14":"product-type-simple"},"aioseo_notices":[],"brands":[],"_links":{"self":[{"href":"https:\/\/www.delicias-uk.com\/pt-pt\/wp-json\/wp\/v2\/product\/213622","targetHints":{"allow":["GET"]}}],"collection":[{"href":"https:\/\/www.delicias-uk.com\/pt-pt\/wp-json\/wp\/v2\/product"}],"about":[{"href":"https:\/\/www.delicias-uk.com\/pt-pt\/wp-json\/wp\/v2\/types\/product"}],"author":[{"embeddable":true,"href":"https:\/\/www.delicias-uk.com\/pt-pt\/wp-json\/wp\/v2\/users\/43533"}],"replies":[{"embeddable":true,"href":"https:\/\/www.delicias-uk.com\/pt-pt\/wp-json\/wp\/v2\/comments?post=213622"}],"wp:featuredmedia":[{"embeddable":true,"href":"https:\/\/www.delicias-uk.com\/pt-pt\/wp-json\/wp\/v2\/media\/88134"}],"wp:attachment":[{"href":"https:\/\/www.delicias-uk.com\/pt-pt\/wp-json\/wp\/v2\/media?parent=213622"}],"wp:term":[{"taxonomy":"pwb-brand","embeddable":true,"href":"https:\/\/www.delicias-uk.com\/pt-pt\/wp-json\/wp\/v2\/pwb-brand?post=213622"},{"taxonomy":"product_brand","embeddable":true,"href":"https:\/\/www.delicias-uk.com\/pt-pt\/wp-json\/wp\/v2\/product_brand?post=213622"},{"taxonomy":"product_cat","embeddable":true,"href":"https:\/\/www.delicias-uk.com\/pt-pt\/wp-json\/wp\/v2\/product_cat?post=213622"},{"taxonomy":"product_tag","embeddable":true,"href":"https:\/\/www.delicias-uk.com\/pt-pt\/wp-json\/wp\/v2\/product_tag?post=213622"}],"curies":[{"name":"wp","href":"https:\/\/api.w.org\/{rel}","templated":true}]}}