{"id":213612,"date":"2021-01-08T11:38:49","date_gmt":"2021-01-08T11:38:49","guid":{"rendered":"https:\/\/www.delicias-uk.com\/product\/cha-de-quebra-pedra-deluf-store-250g-2\/"},"modified":"2026-01-02T16:16:17","modified_gmt":"2026-01-02T16:16:17","slug":"cha-de-quebra-pedra-deluf-store-250g-2","status":"publish","type":"product","link":"https:\/\/www.delicias-uk.com\/pt-pt\/produto\/cha-de-quebra-pedra-deluf-store-250g-2\/","title":{"rendered":"Ch\u00e1 Quebra Pedra Chamel 30g"},"content":{"rendered":"<p>O Cha de Quebra Pedra possui muitos beneficios. Ele ajuda prevenir pedras no rim, na ves\u00edcula e tambem alivia sintomas de dor. Por ter a\u00e7\u00e3o diur\u00e9tica, ajuda no emagrecimento, alivia sintomas de azia, melhora pris\u00e3o de ventre entre outros beneficios:<\/p>\n<p>Combate\u00a0dores pois possui a\u00e7\u00e3o analg\u00e9sica;<\/p>\n<p>Combate v\u00edrus pois inibe a reprodu\u00e7\u00e3o do DNA do v\u00edrus;<\/p>\n<p>Combate espasmos musculares e atua como relaxante muscular;<\/p>\n<p>Controla a diabetes pois ajuda a baixar o a\u00e7\u00facar no sangue;<\/p>\n<p>Combate infec\u00e7\u00f5es no f\u00edgado, como hepatite B;<\/p>\n<p>Protege o f\u00edgado de intoxica\u00e7\u00f5es;<\/p>\n<p>Ajuda a controlar a press\u00e3o arterial\u00a0pois facilita a elimina\u00e7\u00e3o de s\u00f3dio e atua tambem como antioxidante.<\/p>\n<p>Modo de preparo: Coloque 2 colheres de sopa de erva para um litro de \u00e1gua. Quando a \u00e1gua alcan\u00e7ar fervura, desligue. Tampe e deixe a solu\u00e7\u00e3o abafada por cerca de 10 minutos. Em seguida, \u00e9 s\u00f3 coar e beber.<\/p>\n<p>Consumo: Tomar de 2 a 3 x\u00edcaras ao dia.<\/p>\n","protected":false},"excerpt":{"rendered":"<p>O Cha de Quebra Pedra possui muitos beneficios. Ele ajuda prevenir pedras no rim, na ves\u00edcula e tambem alivia sintomas de dor. Por ter a\u00e7\u00e3o diur\u00e9tica, ajuda no emagrecimento, alivia sintomas de azia, melhora pris\u00e3o de ventre entre outros beneficios: Combate\u00a0dores pois possui a\u00e7\u00e3o analg\u00e9sica; Combate v\u00edrus pois inibe a reprodu\u00e7\u00e3o do DNA do v\u00edrus; [&hellip;]<\/p>\n","protected":false},"author":43533,"featured_media":246240,"comment_status":"open","ping_status":"closed","template":"","meta":[],"pwb-brand":[],"product_brand":[],"product_cat":[8289,8293,8367,8501],"product_tag":[],"class_list":{"0":"post-213612","1":"product","2":"type-product","3":"status-publish","4":"has-post-thumbnail","6":"product_cat-inicio","7":"product_cat-produtos-brasileiros","8":"product_cat-cafe-cha-acucar-pt-pt","9":"product_cat-cha","11":"first","12":"instock","13":"taxable","14":"shipping-taxable","15":"purchasable","16":"product-type-simple"},"aioseo_notices":[],"brands":[],"_links":{"self":[{"href":"https:\/\/www.delicias-uk.com\/pt-pt\/wp-json\/wp\/v2\/product\/213612","targetHints":{"allow":["GET"]}}],"collection":[{"href":"https:\/\/www.delicias-uk.com\/pt-pt\/wp-json\/wp\/v2\/product"}],"about":[{"href":"https:\/\/www.delicias-uk.com\/pt-pt\/wp-json\/wp\/v2\/types\/product"}],"author":[{"embeddable":true,"href":"https:\/\/www.delicias-uk.com\/pt-pt\/wp-json\/wp\/v2\/users\/43533"}],"replies":[{"embeddable":true,"href":"https:\/\/www.delicias-uk.com\/pt-pt\/wp-json\/wp\/v2\/comments?post=213612"}],"wp:featuredmedia":[{"embeddable":true,"href":"https:\/\/www.delicias-uk.com\/pt-pt\/wp-json\/wp\/v2\/media\/246240"}],"wp:attachment":[{"href":"https:\/\/www.delicias-uk.com\/pt-pt\/wp-json\/wp\/v2\/media?parent=213612"}],"wp:term":[{"taxonomy":"pwb-brand","embeddable":true,"href":"https:\/\/www.delicias-uk.com\/pt-pt\/wp-json\/wp\/v2\/pwb-brand?post=213612"},{"taxonomy":"product_brand","embeddable":true,"href":"https:\/\/www.delicias-uk.com\/pt-pt\/wp-json\/wp\/v2\/product_brand?post=213612"},{"taxonomy":"product_cat","embeddable":true,"href":"https:\/\/www.delicias-uk.com\/pt-pt\/wp-json\/wp\/v2\/product_cat?post=213612"},{"taxonomy":"product_tag","embeddable":true,"href":"https:\/\/www.delicias-uk.com\/pt-pt\/wp-json\/wp\/v2\/product_tag?post=213612"}],"curies":[{"name":"wp","href":"https:\/\/api.w.org\/{rel}","templated":true}]}}