{"id":213604,"date":"2021-01-08T11:27:16","date_gmt":"2021-01-08T11:27:16","guid":{"rendered":"https:\/\/www.delicias-uk.com\/product\/bicabornato-de-sodio-kitano-80g\/"},"modified":"2025-02-06T17:22:32","modified_gmt":"2025-02-06T17:22:32","slug":"bicabornato-de-sodio-kitano-80g","status":"publish","type":"product","link":"https:\/\/www.delicias-uk.com\/pt-pt\/produto\/bicabornato-de-sodio-kitano-80g\/","title":{"rendered":"Bicabornato de S\u00f3dio Kitano 80g"},"content":{"rendered":"<p>O bicarbonato \u00e9 um composto em p\u00f3 muito vers\u00e1til. Na cozinha, \u00e9 bastante usado no preparo de cookies, bolos e cupcakes, deixando-os mais leves e macios.<\/p>\n","protected":false},"excerpt":{"rendered":"<p>\u2022Bicabornato de S\u00f3dio Kitano<\/p>\n<p>\u2022Embalagem de 80g<\/p>\n<p>\u2022Sem Gluten<\/p>\n","protected":false},"author":43533,"featured_media":88098,"comment_status":"open","ping_status":"closed","template":"","meta":[],"pwb-brand":[],"product_brand":[],"product_cat":[8289,8293,8409,8507,8307,8315,8499],"product_tag":[],"class_list":{"0":"post-213604","1":"product","2":"type-product","3":"status-publish","4":"has-post-thumbnail","6":"product_cat-inicio","7":"product_cat-produtos-brasileiros","8":"product_cat-temperos-molhos-e-legumes","9":"product_cat-temperos","10":"product_cat-dieta-e-estilo-de-vida-produtos","11":"product_cat-free-from-pt-pt","12":"product_cat-sem-glutem","14":"first","15":"instock","16":"taxable","17":"shipping-taxable","18":"purchasable","19":"product-type-simple"},"aioseo_notices":[],"brands":[],"_links":{"self":[{"href":"https:\/\/www.delicias-uk.com\/pt-pt\/wp-json\/wp\/v2\/product\/213604","targetHints":{"allow":["GET"]}}],"collection":[{"href":"https:\/\/www.delicias-uk.com\/pt-pt\/wp-json\/wp\/v2\/product"}],"about":[{"href":"https:\/\/www.delicias-uk.com\/pt-pt\/wp-json\/wp\/v2\/types\/product"}],"author":[{"embeddable":true,"href":"https:\/\/www.delicias-uk.com\/pt-pt\/wp-json\/wp\/v2\/users\/43533"}],"replies":[{"embeddable":true,"href":"https:\/\/www.delicias-uk.com\/pt-pt\/wp-json\/wp\/v2\/comments?post=213604"}],"wp:featuredmedia":[{"embeddable":true,"href":"https:\/\/www.delicias-uk.com\/pt-pt\/wp-json\/wp\/v2\/media\/88098"}],"wp:attachment":[{"href":"https:\/\/www.delicias-uk.com\/pt-pt\/wp-json\/wp\/v2\/media?parent=213604"}],"wp:term":[{"taxonomy":"pwb-brand","embeddable":true,"href":"https:\/\/www.delicias-uk.com\/pt-pt\/wp-json\/wp\/v2\/pwb-brand?post=213604"},{"taxonomy":"product_brand","embeddable":true,"href":"https:\/\/www.delicias-uk.com\/pt-pt\/wp-json\/wp\/v2\/product_brand?post=213604"},{"taxonomy":"product_cat","embeddable":true,"href":"https:\/\/www.delicias-uk.com\/pt-pt\/wp-json\/wp\/v2\/product_cat?post=213604"},{"taxonomy":"product_tag","embeddable":true,"href":"https:\/\/www.delicias-uk.com\/pt-pt\/wp-json\/wp\/v2\/product_tag?post=213604"}],"curies":[{"name":"wp","href":"https:\/\/api.w.org\/{rel}","templated":true}]}}