{"id":213594,"date":"2021-01-08T11:20:22","date_gmt":"2021-01-08T11:20:22","guid":{"rendered":"https:\/\/www.delicias-uk.com\/product\/mistura-para-pao-de-queijo-yoki-250g\/"},"modified":"2026-05-01T19:30:48","modified_gmt":"2026-05-01T18:30:48","slug":"mistura-para-pao-de-queijo-yoki-250g","status":"publish","type":"product","link":"https:\/\/www.delicias-uk.com\/pt-pt\/produto\/mistura-para-pao-de-queijo-yoki-250g\/","title":{"rendered":"Mistura Para P\u00e3o de Queijo Yoki 250g"},"content":{"rendered":"<p>A <strong>Mistura para P\u00e3o de Queijo Yoki 250g<\/strong> \u00e9 um produto pronto para preparar deliciosos p\u00e3es de queijo de maneira r\u00e1pida e pr\u00e1tica.<\/p>\n<p>O p\u00e3o de queijo \u00e9 famoso por sua textura macia por dentro e crocante por fora. Ele \u00e9 bem leve e cheio de ar, com uma caracter\u00edstica &#8220;buraquinho&#8221; que o torna \u00fanico.<\/p>\n<p>O p\u00e3o de queijo \u00e9 normalmente consumido no caf\u00e9 da manh\u00e3, lanche da tarde ou como petisco. Ele tamb\u00e9m pode ser servido em festas ou at\u00e9 como acompanhamento de refei\u00e7\u00f5es. A mistura de sabores do queijo com a leveza da massa \u00e9 um grande atrativo.<\/p>\n<p>Se voc\u00ea nunca experimentou ou quer tentar algo diferente, o p\u00e3o de queijo \u00e9 definitivamente uma das melhores iguarias para aproveitar a gastronomia brasileira!<\/p>\n<p>&nbsp;<\/p>\n<p><strong>Ingredientes:<\/strong> <em>F\u00e9cula de mandioca, amido modificado, gordura vegetal, sal, gordura vegetal hidrogenada, xarope de glicose, leite integral em p\u00f3, soro de leite em p\u00f3, queijo em p\u00f3, manteiga, maltodextrina, extrato de levedura, aromatizantes, reguladores de acidez \u00e1cido l\u00e1tico, fosfato dipot\u00e1ssico, fosfato diss\u00f3dico e bicarbonato de s\u00f3dio, emulsificante mono e diglicer\u00eddios de \u00e1cidos graxos antioxidante alfa-tocoferol.<\/em><\/p>\n<p><strong>N\u00c3O CONT\u00c9M GL\u00daTEN. CONT\u00c9M LACTOSE. <\/strong><strong>AL\u00c9RGICOS: CONT\u00c9M LEITE E DERIVADOS E DERIVADOS DE SOJA.<\/strong><\/p>\n","protected":false},"excerpt":{"rendered":"<ul style=\"list-style-type: disc;\">\n<li>Peso l\u00edquido 250g<\/li>\n<li>Sem gl\u00faten<\/li>\n<li>Produto Brasileiro<\/li>\n<\/ul>\n","protected":false},"author":43533,"featured_media":224896,"comment_status":"open","ping_status":"closed","template":"","meta":[],"pwb-brand":[],"product_brand":[],"product_cat":[9204,8289,8293,8401,8517,8815,8307,8315,8499],"product_tag":[],"class_list":{"0":"post-213594","1":"product","2":"type-product","3":"status-publish","4":"has-post-thumbnail","6":"product_cat-pao-de-queijo","7":"product_cat-inicio","8":"product_cat-produtos-brasileiros","9":"product_cat-mercearia-pt-pt","10":"product_cat-farinhas-e-graos","11":"product_cat-mistura-para-pao-de-queijo","12":"product_cat-dieta-e-estilo-de-vida-produtos","13":"product_cat-free-from-pt-pt","14":"product_cat-sem-glutem","16":"first","17":"instock","18":"taxable","19":"shipping-taxable","20":"purchasable","21":"product-type-simple"},"aioseo_notices":[],"brands":[],"_links":{"self":[{"href":"https:\/\/www.delicias-uk.com\/pt-pt\/wp-json\/wp\/v2\/product\/213594","targetHints":{"allow":["GET"]}}],"collection":[{"href":"https:\/\/www.delicias-uk.com\/pt-pt\/wp-json\/wp\/v2\/product"}],"about":[{"href":"https:\/\/www.delicias-uk.com\/pt-pt\/wp-json\/wp\/v2\/types\/product"}],"author":[{"embeddable":true,"href":"https:\/\/www.delicias-uk.com\/pt-pt\/wp-json\/wp\/v2\/users\/43533"}],"replies":[{"embeddable":true,"href":"https:\/\/www.delicias-uk.com\/pt-pt\/wp-json\/wp\/v2\/comments?post=213594"}],"wp:featuredmedia":[{"embeddable":true,"href":"https:\/\/www.delicias-uk.com\/pt-pt\/wp-json\/wp\/v2\/media\/224896"}],"wp:attachment":[{"href":"https:\/\/www.delicias-uk.com\/pt-pt\/wp-json\/wp\/v2\/media?parent=213594"}],"wp:term":[{"taxonomy":"pwb-brand","embeddable":true,"href":"https:\/\/www.delicias-uk.com\/pt-pt\/wp-json\/wp\/v2\/pwb-brand?post=213594"},{"taxonomy":"product_brand","embeddable":true,"href":"https:\/\/www.delicias-uk.com\/pt-pt\/wp-json\/wp\/v2\/product_brand?post=213594"},{"taxonomy":"product_cat","embeddable":true,"href":"https:\/\/www.delicias-uk.com\/pt-pt\/wp-json\/wp\/v2\/product_cat?post=213594"},{"taxonomy":"product_tag","embeddable":true,"href":"https:\/\/www.delicias-uk.com\/pt-pt\/wp-json\/wp\/v2\/product_tag?post=213594"}],"curies":[{"name":"wp","href":"https:\/\/api.w.org\/{rel}","templated":true}]}}