{"id":213592,"date":"2021-01-08T11:18:47","date_gmt":"2021-01-08T11:18:47","guid":{"rendered":"https:\/\/www.delicias-uk.com\/product\/lentilha-yoki-500g\/"},"modified":"2026-04-01T10:45:51","modified_gmt":"2026-04-01T09:45:51","slug":"lentilha-yoki-500g","status":"publish","type":"product","link":"https:\/\/www.delicias-uk.com\/pt-pt\/produto\/lentilha-yoki-500g\/","title":{"rendered":"Lentilha Seca Yoki 500g"},"content":{"rendered":"<div class=\"ListContainerWrapper SCXW136523270 BCX8\" style=\"margin:0px;padding:0px;font-family:Arial, 'Arial_MSFontService', sans-serif;font-size:14px;background-color:#ffffff;\">\n<ul class=\"BulletListStyle1 SCXW136523270 BCX8\" style=\"margin:0px;padding:0px;font-family:verdana;\">\n<li class=\"OutlineElement Ltr SCXW136523270 BCX8\" style=\"margin:0px 0px 0px 24px;padding:0px;clear:both;font-size:11pt;font-family:Calibri, 'Calibri_MSFontService', sans-serif;vertical-align:baseline;\">\n<p class=\"Paragraph SCXW136523270 BCX8\" xml:lang=\"pt-br\" lang=\"pt-br\" style=\"margin:0px;padding:0px;vertical-align:baseline;\"><span xml:lang=\"pt-br\" lang=\"pt-br\" class=\"TextRun SCXW136523270 BCX8\" style=\"margin:0px;padding:0px;color:#1f1f1f;font-size:11pt;line-height:19.7625px;font-family:Calibri, 'Calibri_EmbeddedFont', 'Calibri_MSFontService', sans-serif;\">Favorece a sa\u00fade cardiovascular. Os nutrientes presentes na\u00a0lentilha, como fibras, folato e pot\u00e1ssio,\u00a0s\u00e3o\u00a0ben\u00e9ficos para a sa\u00fade do cora\u00e7\u00e3o. <\/span><span class=\"EOP SCXW136523270 BCX8\" style=\"margin:0px;padding:0px;font-size:11pt;line-height:19.7625px;font-family:Calibri, 'Calibri_EmbeddedFont', 'Calibri_MSFontService', sans-serif;color:#1f1f1f;\">\u00a0<\/span><\/p>\n<\/li>\n<\/ul><\/div>\n<div class=\"ListContainerWrapper SCXW136523270 BCX8\" style=\"margin:0px;padding:0px;font-family:Arial, 'Arial_MSFontService', sans-serif;font-size:14px;background-color:#ffffff;\">\n<ul class=\"BulletListStyle1 SCXW136523270 BCX8\" style=\"margin:0px;padding:0px;font-family:verdana;\">\n<li class=\"OutlineElement Ltr SCXW136523270 BCX8\" style=\"margin:0px 0px 0px 24px;padding:0px;clear:both;font-size:11pt;font-family:Calibri, 'Calibri_MSFontService', sans-serif;vertical-align:baseline;\">\n<p class=\"Paragraph SCXW136523270 BCX8\" xml:lang=\"pt-br\" lang=\"pt-br\" style=\"margin:0px;padding:0px;vertical-align:baseline;\"><span xml:lang=\"pt-br\" lang=\"pt-br\" class=\"TextRun SCXW136523270 BCX8\" style=\"margin:0px;padding:0px;color:#1f1f1f;font-size:11pt;line-height:19.7625px;font-family:Calibri, 'Calibri_EmbeddedFont', 'Calibri_MSFontService', sans-serif;\">Auxilia na perda de peso. <\/span><span class=\"EOP SCXW136523270 BCX8\" style=\"margin:0px;padding:0px;font-size:11pt;line-height:19.7625px;font-family:Calibri, 'Calibri_EmbeddedFont', 'Calibri_MSFontService', sans-serif;color:#1f1f1f;\">\u00a0<\/span><\/p>\n<\/li>\n<\/ul><\/div>\n<div class=\"ListContainerWrapper SCXW136523270 BCX8\" style=\"margin:0px;padding:0px;font-family:Arial, 'Arial_MSFontService', sans-serif;font-size:14px;background-color:#ffffff;\">\n<ul class=\"BulletListStyle1 SCXW136523270 BCX8\" style=\"margin:0px;padding:0px;font-family:verdana;\">\n<li class=\"OutlineElement Ltr SCXW136523270 BCX8\" style=\"margin:0px 0px 0px 24px;padding:0px;clear:both;font-size:11pt;font-family:Calibri, 'Calibri_MSFontService', sans-serif;vertical-align:baseline;\">\n<p class=\"Paragraph SCXW136523270 BCX8\" xml:lang=\"pt-br\" lang=\"pt-br\" style=\"margin:0px;padding:0px;vertical-align:baseline;\"><span xml:lang=\"pt-br\" lang=\"pt-br\" class=\"TextRun SCXW136523270 BCX8\" style=\"margin:0px;padding:0px;color:#1f1f1f;font-size:11pt;line-height:19.7625px;font-family:Calibri, 'Calibri_EmbeddedFont', 'Calibri_MSFontService', sans-serif;\">Retarda o envelhecimento. <\/span><span class=\"EOP SCXW136523270 BCX8\" style=\"margin:0px;padding:0px;font-size:11pt;line-height:19.7625px;font-family:Calibri, 'Calibri_EmbeddedFont', 'Calibri_MSFontService', sans-serif;color:#1f1f1f;\">\u00a0<\/span><\/p>\n<\/li>\n<\/ul><\/div>\n<div class=\"ListContainerWrapper SCXW136523270 BCX8\" style=\"margin:0px;padding:0px;font-family:Arial, 'Arial_MSFontService', sans-serif;font-size:14px;background-color:#ffffff;\">\n<ul class=\"BulletListStyle1 SCXW136523270 BCX8\" style=\"margin:0px;padding:0px;font-family:verdana;\">\n<li class=\"OutlineElement Ltr SCXW136523270 BCX8\" style=\"margin:0px 0px 0px 24px;padding:0px;clear:both;font-size:11pt;font-family:Calibri, 'Calibri_MSFontService', sans-serif;vertical-align:baseline;\">\n<p class=\"Paragraph SCXW136523270 BCX8\" xml:lang=\"pt-br\" lang=\"pt-br\" style=\"margin:0px;padding:0px;vertical-align:baseline;\"><span xml:lang=\"pt-br\" lang=\"pt-br\" class=\"TextRun SCXW136523270 BCX8\" style=\"margin:0px;padding:0px;color:#1f1f1f;font-size:11pt;line-height:19.7625px;font-family:Calibri, 'Calibri_EmbeddedFont', 'Calibri_MSFontService', sans-serif;\">Ajuda a prevenir a anemia.<\/span><span class=\"EOP SCXW136523270 BCX8\" style=\"margin:0px;padding:0px;font-size:11pt;line-height:19.7625px;font-family:Calibri, 'Calibri_EmbeddedFont', 'Calibri_MSFontService', sans-serif;color:#1f1f1f;\"> <\/span><\/p>\n<\/li>\n<\/ul><\/div>\n","protected":false},"excerpt":{"rendered":"<p>\u2022Lentilha<\/p>\n<p>\u2022Embalagem de 500g<\/p>\n<p>\u2022Fonte de prote\u00ednas<\/p>\n","protected":false},"author":43533,"featured_media":88075,"comment_status":"open","ping_status":"closed","template":"","meta":[],"pwb-brand":[],"product_brand":[],"product_cat":[8289,8293,8401,8517,8875],"product_tag":[],"class_list":{"0":"post-213592","1":"product","2":"type-product","3":"status-publish","4":"has-post-thumbnail","6":"product_cat-inicio","7":"product_cat-produtos-brasileiros","8":"product_cat-mercearia-pt-pt","9":"product_cat-farinhas-e-graos","10":"product_cat-graos","12":"first","13":"instock","14":"taxable","15":"shipping-taxable","16":"purchasable","17":"product-type-simple"},"aioseo_notices":[],"brands":[],"_links":{"self":[{"href":"https:\/\/www.delicias-uk.com\/pt-pt\/wp-json\/wp\/v2\/product\/213592","targetHints":{"allow":["GET"]}}],"collection":[{"href":"https:\/\/www.delicias-uk.com\/pt-pt\/wp-json\/wp\/v2\/product"}],"about":[{"href":"https:\/\/www.delicias-uk.com\/pt-pt\/wp-json\/wp\/v2\/types\/product"}],"author":[{"embeddable":true,"href":"https:\/\/www.delicias-uk.com\/pt-pt\/wp-json\/wp\/v2\/users\/43533"}],"replies":[{"embeddable":true,"href":"https:\/\/www.delicias-uk.com\/pt-pt\/wp-json\/wp\/v2\/comments?post=213592"}],"wp:featuredmedia":[{"embeddable":true,"href":"https:\/\/www.delicias-uk.com\/pt-pt\/wp-json\/wp\/v2\/media\/88075"}],"wp:attachment":[{"href":"https:\/\/www.delicias-uk.com\/pt-pt\/wp-json\/wp\/v2\/media?parent=213592"}],"wp:term":[{"taxonomy":"pwb-brand","embeddable":true,"href":"https:\/\/www.delicias-uk.com\/pt-pt\/wp-json\/wp\/v2\/pwb-brand?post=213592"},{"taxonomy":"product_brand","embeddable":true,"href":"https:\/\/www.delicias-uk.com\/pt-pt\/wp-json\/wp\/v2\/product_brand?post=213592"},{"taxonomy":"product_cat","embeddable":true,"href":"https:\/\/www.delicias-uk.com\/pt-pt\/wp-json\/wp\/v2\/product_cat?post=213592"},{"taxonomy":"product_tag","embeddable":true,"href":"https:\/\/www.delicias-uk.com\/pt-pt\/wp-json\/wp\/v2\/product_tag?post=213592"}],"curies":[{"name":"wp","href":"https:\/\/api.w.org\/{rel}","templated":true}]}}