{"id":213588,"date":"2021-01-08T11:13:55","date_gmt":"2021-01-08T11:13:55","guid":{"rendered":"https:\/\/www.delicias-uk.com\/product\/farofa-de-mandioca-tradicional-yoki-400g\/"},"modified":"2026-04-01T10:45:54","modified_gmt":"2026-04-01T09:45:54","slug":"farofa-de-mandioca-tradicional-yoki-400g","status":"publish","type":"product","link":"https:\/\/www.delicias-uk.com\/pt-pt\/produto\/farofa-de-mandioca-tradicional-yoki-400g\/","title":{"rendered":"Farofa de Mandioca Tradicional Yoki 400g"},"content":{"rendered":"<p>Farofa ou Farinha de Mandioca \u00e9 uma farinha temperada feita com ingredientes criteriosamente selecionados que conferem sabor e croc\u00e2ncia as refei\u00e7\u00f5es.<\/p>\n<p><strong>Ingredientes:<\/strong> <em>Farinha de mandioca, ole\u00edna vegetal de palma, alho, sal, color\u00edfico (farinha de milho enriquecida com ferro e \u00e1cido f\u00f3lico, \u00f3leo vegetal de soja e corante natural urucum), cebola, pimenta vermelha, pimenta-do-reino preta, cebolinha verde, aromatizante e real\u00e7ador de sabor glutamato monoss\u00f3dico.<\/em><\/p><\/p>\n","protected":false},"excerpt":{"rendered":"<ul style=\"list-style-type:disc;\">\n<li>Peso l\u00edquido 400g<\/li>\n<li>Farofa mais vendida e consumida no Brasil<\/li>\n<li>Feita com ingredientes selecionados<\/li>\n<\/ul>\n","protected":false},"author":43533,"featured_media":88066,"comment_status":"open","ping_status":"closed","template":"","meta":[],"pwb-brand":[],"product_brand":[],"product_cat":[8289,8293,8319,8401,8517,8783],"product_tag":[],"class_list":{"0":"post-213588","1":"product","2":"type-product","3":"status-publish","4":"has-post-thumbnail","6":"product_cat-inicio","7":"product_cat-produtos-brasileiros","8":"product_cat-especiais-do-mes-pt-pt","9":"product_cat-mercearia-pt-pt","10":"product_cat-farinhas-e-graos","11":"product_cat-farofa","13":"first","14":"instock","15":"featured","16":"taxable","17":"shipping-taxable","18":"purchasable","19":"product-type-simple"},"aioseo_notices":[],"brands":[],"_links":{"self":[{"href":"https:\/\/www.delicias-uk.com\/pt-pt\/wp-json\/wp\/v2\/product\/213588","targetHints":{"allow":["GET"]}}],"collection":[{"href":"https:\/\/www.delicias-uk.com\/pt-pt\/wp-json\/wp\/v2\/product"}],"about":[{"href":"https:\/\/www.delicias-uk.com\/pt-pt\/wp-json\/wp\/v2\/types\/product"}],"author":[{"embeddable":true,"href":"https:\/\/www.delicias-uk.com\/pt-pt\/wp-json\/wp\/v2\/users\/43533"}],"replies":[{"embeddable":true,"href":"https:\/\/www.delicias-uk.com\/pt-pt\/wp-json\/wp\/v2\/comments?post=213588"}],"wp:featuredmedia":[{"embeddable":true,"href":"https:\/\/www.delicias-uk.com\/pt-pt\/wp-json\/wp\/v2\/media\/88066"}],"wp:attachment":[{"href":"https:\/\/www.delicias-uk.com\/pt-pt\/wp-json\/wp\/v2\/media?parent=213588"}],"wp:term":[{"taxonomy":"pwb-brand","embeddable":true,"href":"https:\/\/www.delicias-uk.com\/pt-pt\/wp-json\/wp\/v2\/pwb-brand?post=213588"},{"taxonomy":"product_brand","embeddable":true,"href":"https:\/\/www.delicias-uk.com\/pt-pt\/wp-json\/wp\/v2\/product_brand?post=213588"},{"taxonomy":"product_cat","embeddable":true,"href":"https:\/\/www.delicias-uk.com\/pt-pt\/wp-json\/wp\/v2\/product_cat?post=213588"},{"taxonomy":"product_tag","embeddable":true,"href":"https:\/\/www.delicias-uk.com\/pt-pt\/wp-json\/wp\/v2\/product_tag?post=213588"}],"curies":[{"name":"wp","href":"https:\/\/api.w.org\/{rel}","templated":true}]}}