{"id":213584,"date":"2021-01-08T11:09:19","date_gmt":"2021-01-08T11:09:19","guid":{"rendered":"https:\/\/www.delicias-uk.com\/product\/batata-frita-palha-yoki-tradicional-saq-105g\/"},"modified":"2026-04-01T10:45:51","modified_gmt":"2026-04-01T09:45:51","slug":"batata-palha-frita-traditional-yoki-saqueta-105g","status":"publish","type":"product","link":"https:\/\/www.delicias-uk.com\/pt-pt\/produto\/batata-palha-frita-traditional-yoki-saqueta-105g\/","title":{"rendered":"Batata Palha Frita Traditional Yoki Saqueta 105g"},"content":{"rendered":"<p data-start=\"40\" data-end=\"170\">A <strong data-start=\"42\" data-end=\"75\">Batata Palha Tradicional Yoki<\/strong> \u00e9 uma op\u00e7\u00e3o pr\u00e1tica e saborosa para complementar diversos pratos ou ser consumida como lanche.<\/p>\n<p data-start=\"172\" data-end=\"203\"><strong data-start=\"172\" data-end=\"203\">Caracter\u00edsticas principais:<\/strong><\/p>\n<ul data-start=\"205\" data-end=\"799\">\n<li data-start=\"205\" data-end=\"392\"><strong data-start=\"207\" data-end=\"227\">Textura e sabor:<\/strong> Finas e crocantes, com um sabor levemente salgado, ideais para acompanhar pratos como estrogonofe, salpic\u00e3o, saladas e carnes.<\/li>\n<li data-start=\"561\" data-end=\"709\"><strong data-start=\"563\" data-end=\"580\">Ingredientes:<\/strong> Batata, ole\u00edna vegetal de palma, sal, f\u00e9cula de batata e antiumectante di\u00f3xido de sil\u00edcio.<\/li>\n<li data-start=\"710\" data-end=\"799\"><strong data-start=\"712\" data-end=\"741\">Informa\u00e7\u00f5es nutricionais:<\/strong> Produto sem gl\u00faten<\/li>\n<\/ul>\n","protected":false},"excerpt":{"rendered":"<ul>\n<li>Batata frita palha<\/li>\n<li>Sabor tradicional<\/li>\n<li>Embalagem 105g<\/li>\n<\/ul>\n","protected":false},"author":43533,"featured_media":88059,"comment_status":"open","ping_status":"closed","template":"","meta":[],"pwb-brand":[],"product_brand":[],"product_cat":[8289,8293,8401,8635],"product_tag":[],"class_list":{"0":"post-213584","1":"product","2":"type-product","3":"status-publish","4":"has-post-thumbnail","6":"product_cat-inicio","7":"product_cat-produtos-brasileiros","8":"product_cat-mercearia-pt-pt","9":"product_cat-snacks-pt-pt","11":"first","12":"instock","13":"taxable","14":"shipping-taxable","15":"purchasable","16":"product-type-simple"},"aioseo_notices":[],"brands":[],"_links":{"self":[{"href":"https:\/\/www.delicias-uk.com\/pt-pt\/wp-json\/wp\/v2\/product\/213584","targetHints":{"allow":["GET"]}}],"collection":[{"href":"https:\/\/www.delicias-uk.com\/pt-pt\/wp-json\/wp\/v2\/product"}],"about":[{"href":"https:\/\/www.delicias-uk.com\/pt-pt\/wp-json\/wp\/v2\/types\/product"}],"author":[{"embeddable":true,"href":"https:\/\/www.delicias-uk.com\/pt-pt\/wp-json\/wp\/v2\/users\/43533"}],"replies":[{"embeddable":true,"href":"https:\/\/www.delicias-uk.com\/pt-pt\/wp-json\/wp\/v2\/comments?post=213584"}],"wp:featuredmedia":[{"embeddable":true,"href":"https:\/\/www.delicias-uk.com\/pt-pt\/wp-json\/wp\/v2\/media\/88059"}],"wp:attachment":[{"href":"https:\/\/www.delicias-uk.com\/pt-pt\/wp-json\/wp\/v2\/media?parent=213584"}],"wp:term":[{"taxonomy":"pwb-brand","embeddable":true,"href":"https:\/\/www.delicias-uk.com\/pt-pt\/wp-json\/wp\/v2\/pwb-brand?post=213584"},{"taxonomy":"product_brand","embeddable":true,"href":"https:\/\/www.delicias-uk.com\/pt-pt\/wp-json\/wp\/v2\/product_brand?post=213584"},{"taxonomy":"product_cat","embeddable":true,"href":"https:\/\/www.delicias-uk.com\/pt-pt\/wp-json\/wp\/v2\/product_cat?post=213584"},{"taxonomy":"product_tag","embeddable":true,"href":"https:\/\/www.delicias-uk.com\/pt-pt\/wp-json\/wp\/v2\/product_tag?post=213584"}],"curies":[{"name":"wp","href":"https:\/\/api.w.org\/{rel}","templated":true}]}}