{"id":213582,"date":"2021-01-07T15:29:48","date_gmt":"2021-01-07T15:29:48","guid":{"rendered":"https:\/\/www.delicias-uk.com\/product\/sumo-compal-sabor-laranja-do-algarve-com-palhinha-3x200ml\/"},"modified":"2026-02-23T16:00:52","modified_gmt":"2026-02-23T16:00:52","slug":"sumo-compal-sabor-laranja-do-algarve-com-palhinha-3x200ml","status":"publish","type":"product","link":"https:\/\/www.delicias-uk.com\/pt-pt\/produto\/sumo-compal-sabor-laranja-do-algarve-com-palhinha-3x200ml\/","title":{"rendered":"Sumo de Laranja do Algarve Compal Com Palhinha 200ml x 3"},"content":{"rendered":"<p>Gama \u00e9 composta pelos n\u00e9ctares mais polposos, cheios de generosidade e sabor. S\u00e3o n\u00e9ctares feitos a partir de fruta espremida com um sabor inigual\u00e1vel, que s\u00f3 Compal consegue entregar. Compal Cl\u00e1ssico N\u00e9ctar revela no paladar a Frutologia que a marca Compal.<\/p>\n","protected":false},"excerpt":{"rendered":"<ul style=\"list-style-type:disc\">\n<li>N\u00e9ctar de sabor laranja do Algarve<\/li>\n<li>3 unidades, 20 cl cada<\/li>\n<li>Min\u00edmo 50% fruta<\/li>\n<\/ul>\n","protected":false},"author":43533,"featured_media":88054,"comment_status":"open","ping_status":"closed","template":"","meta":[],"pwb-brand":[],"product_brand":[],"product_cat":[8289,8291,8455],"product_tag":[],"class_list":{"0":"post-213582","1":"product","2":"type-product","3":"status-publish","4":"has-post-thumbnail","6":"product_cat-inicio","7":"product_cat-produtos-portugueses","8":"product_cat-sumos","10":"first","11":"instock","12":"taxable","13":"shipping-taxable","14":"purchasable","15":"product-type-simple"},"aioseo_notices":[],"brands":[],"_links":{"self":[{"href":"https:\/\/www.delicias-uk.com\/pt-pt\/wp-json\/wp\/v2\/product\/213582","targetHints":{"allow":["GET"]}}],"collection":[{"href":"https:\/\/www.delicias-uk.com\/pt-pt\/wp-json\/wp\/v2\/product"}],"about":[{"href":"https:\/\/www.delicias-uk.com\/pt-pt\/wp-json\/wp\/v2\/types\/product"}],"author":[{"embeddable":true,"href":"https:\/\/www.delicias-uk.com\/pt-pt\/wp-json\/wp\/v2\/users\/43533"}],"replies":[{"embeddable":true,"href":"https:\/\/www.delicias-uk.com\/pt-pt\/wp-json\/wp\/v2\/comments?post=213582"}],"wp:featuredmedia":[{"embeddable":true,"href":"https:\/\/www.delicias-uk.com\/pt-pt\/wp-json\/wp\/v2\/media\/88054"}],"wp:attachment":[{"href":"https:\/\/www.delicias-uk.com\/pt-pt\/wp-json\/wp\/v2\/media?parent=213582"}],"wp:term":[{"taxonomy":"pwb-brand","embeddable":true,"href":"https:\/\/www.delicias-uk.com\/pt-pt\/wp-json\/wp\/v2\/pwb-brand?post=213582"},{"taxonomy":"product_brand","embeddable":true,"href":"https:\/\/www.delicias-uk.com\/pt-pt\/wp-json\/wp\/v2\/product_brand?post=213582"},{"taxonomy":"product_cat","embeddable":true,"href":"https:\/\/www.delicias-uk.com\/pt-pt\/wp-json\/wp\/v2\/product_cat?post=213582"},{"taxonomy":"product_tag","embeddable":true,"href":"https:\/\/www.delicias-uk.com\/pt-pt\/wp-json\/wp\/v2\/product_tag?post=213582"}],"curies":[{"name":"wp","href":"https:\/\/api.w.org\/{rel}","templated":true}]}}