{"id":213550,"date":"2020-12-21T09:56:42","date_gmt":"2020-12-21T09:56:42","guid":{"rendered":"https:\/\/www.delicias-uk.com\/product\/cerveja-sagres-radler-6x330ml\/"},"modified":"2026-04-10T15:35:04","modified_gmt":"2026-04-10T14:35:04","slug":"cerveja-sagres-radler-6x330ml","status":"publish","type":"product","link":"https:\/\/www.delicias-uk.com\/pt-pt\/produto\/cerveja-sagres-radler-6x330ml\/","title":{"rendered":"Cerveja Sagres Radler 330ml x 6"},"content":{"rendered":"<p>Sagres Radler \u00e9 uma nova dimens\u00e3o de sabor e refresc\u00e2ncia! Baseado em uma receita tradicional da Baviera e com ingredientes de origem natural. Sagres Radler \u00e9 a combina\u00e7\u00e3o \u00fanica de cerveja Sagres e suco natural de lim\u00e3o<\/p>\n<p><strong>Ingredientes<\/strong>: \u00c1gua gaseificada, cerveja (\u00e1gua, malte de CEVADA, milho, cevada, l\u00fapulo), frutose, sucos de frutas concentrados (2,7% lim\u00e3o, 1,4% laranja, 0,5% lima, 0,3% acerola), extrato concentrado de lim\u00e3o, sabores naturais, conservante: sorbato de pot\u00e1ssio<\/p>\n<p><strong>Al\u00e9rgenos<\/strong>: cont\u00e9m\u00a0<strong>CEVADA<\/strong>.<\/p>\n<p><strong>Informa\u00e7\u00f5es nutricionais por 100 ml<\/strong><\/p>\n<ul>\n<li>Energia 138 kJ \/ 33 kcal<\/li>\n<li>Gordura 0,0 g<\/li>\n<li>dos quais saturados 0,0 g<\/li>\n<li>Carboidratos 5,3 g<\/li>\n<li>dos quais a\u00e7\u00facares 4,1 g<\/li>\n<li>Prote\u00edna 0,1 g<\/li>\n<li>Sal &lt; 0,01 g<\/li>\n<\/ul>\n<p><strong>Pa\u00eds de origem<\/strong>: Portugal<\/p>\n","protected":false},"excerpt":{"rendered":"<ul style=\"list-style-type:disc;\">\n<li>Peso l\u00edquido: 330ml x 6<\/li>\n<li>Pronto para beber<\/li>\n<li>Teor alcoolico: 2%<\/li>\n<\/ul>\n","protected":false},"author":43533,"featured_media":87989,"comment_status":"open","ping_status":"closed","template":"","meta":[],"pwb-brand":[],"product_brand":[],"product_cat":[8289,8291,8333,8539],"product_tag":[],"class_list":{"0":"post-213550","1":"product","2":"type-product","3":"status-publish","4":"has-post-thumbnail","6":"product_cat-inicio","7":"product_cat-produtos-portugueses","8":"product_cat-cerveja","9":"product_cat-sem-lactose","11":"first","12":"outofstock","13":"taxable","14":"shipping-taxable","15":"purchasable","16":"product-type-simple"},"aioseo_notices":[],"brands":[],"_links":{"self":[{"href":"https:\/\/www.delicias-uk.com\/pt-pt\/wp-json\/wp\/v2\/product\/213550","targetHints":{"allow":["GET"]}}],"collection":[{"href":"https:\/\/www.delicias-uk.com\/pt-pt\/wp-json\/wp\/v2\/product"}],"about":[{"href":"https:\/\/www.delicias-uk.com\/pt-pt\/wp-json\/wp\/v2\/types\/product"}],"author":[{"embeddable":true,"href":"https:\/\/www.delicias-uk.com\/pt-pt\/wp-json\/wp\/v2\/users\/43533"}],"replies":[{"embeddable":true,"href":"https:\/\/www.delicias-uk.com\/pt-pt\/wp-json\/wp\/v2\/comments?post=213550"}],"wp:featuredmedia":[{"embeddable":true,"href":"https:\/\/www.delicias-uk.com\/pt-pt\/wp-json\/wp\/v2\/media\/87989"}],"wp:attachment":[{"href":"https:\/\/www.delicias-uk.com\/pt-pt\/wp-json\/wp\/v2\/media?parent=213550"}],"wp:term":[{"taxonomy":"pwb-brand","embeddable":true,"href":"https:\/\/www.delicias-uk.com\/pt-pt\/wp-json\/wp\/v2\/pwb-brand?post=213550"},{"taxonomy":"product_brand","embeddable":true,"href":"https:\/\/www.delicias-uk.com\/pt-pt\/wp-json\/wp\/v2\/product_brand?post=213550"},{"taxonomy":"product_cat","embeddable":true,"href":"https:\/\/www.delicias-uk.com\/pt-pt\/wp-json\/wp\/v2\/product_cat?post=213550"},{"taxonomy":"product_tag","embeddable":true,"href":"https:\/\/www.delicias-uk.com\/pt-pt\/wp-json\/wp\/v2\/product_tag?post=213550"}],"curies":[{"name":"wp","href":"https:\/\/api.w.org\/{rel}","templated":true}]}}