{"id":213522,"date":"2020-12-08T13:08:47","date_gmt":"2020-12-08T13:08:47","guid":{"rendered":"https:\/\/www.delicias-uk.com\/product\/bacalhau-salgado-seco-brites-posta-crescido-15kg\/"},"modified":"2026-04-01T08:41:20","modified_gmt":"2026-04-01T07:41:20","slug":"bacalhau-salgado-seco-cortado-posta-crescido-brites-1-3kg","status":"publish","type":"product","link":"https:\/\/www.delicias-uk.com\/pt-pt\/produto\/bacalhau-salgado-seco-cortado-posta-crescido-brites-1-3kg\/","title":{"rendered":"Bacalhau Salgado Seco Cortado Posta Crescido Brites +\/- 1.8Kg"},"content":{"rendered":"<p data-start=\"56\" data-end=\"292\">Bacalhau seco e salgado de alta qualidade, cortado no estilo \u201cgrown\u201d, ideal para receitas tradicionais da culin\u00e1ria portuguesa. Selecionado cuidadosamente, apresenta posta carnuda, textura firme e sabor intenso ap\u00f3s a correta demolha.<\/p>\n<p data-start=\"294\" data-end=\"536\">Perfeito para pratos cl\u00e1ssicos como bacalhau \u00e0 Br\u00e1s, bacalhau com natas, bacalhau \u00e0 Gomes de S\u00e1 ou assado no forno. Produto vendido em pe\u00e7a cortada, com peso aproximado de 1,8kg, podendo variar ligeiramente devido ao processo natural de cura.<\/p>\n<p data-start=\"538\" data-end=\"558\"><strong data-start=\"538\" data-end=\"558\">Caracter\u00edsticas:<\/strong><\/p>\n<ul>\n<li data-start=\"561\" data-end=\"586\">Bacalhau seco e salgado<\/li>\n<li data-start=\"589\" data-end=\"613\">Corte \u201cgrown\u201d (postas)<\/li>\n<li data-start=\"616\" data-end=\"649\">Textura firme e sabor aut\u00eantico<\/li>\n<li data-start=\"652\" data-end=\"680\">Peso aproximado: +\/- 1.8kg<\/li>\n<li data-start=\"683\" data-end=\"717\">Ideal para receitas tradicionais<\/li>\n<\/ul>\n<p data-start=\"719\" data-end=\"823\" data-is-last-node=\"\" data-is-only-node=\"\"><strong data-start=\"719\" data-end=\"735\">Conserva\u00e7\u00e3o:<\/strong> Manter em local fresco e seco. Antes do consumo, demolhar adequadamente para dessalgar<\/p>\n","protected":false},"excerpt":{"rendered":"<ul>\n<li data-start=\"561\" data-end=\"586\">Bacalhau seco e salgado<\/li>\n<li data-start=\"589\" data-end=\"613\">Corte \u201cgrown\u201d (postas)<\/li>\n<li data-start=\"616\" data-end=\"649\">Textura firme e sabor aut\u00eantico<\/li>\n<li data-start=\"652\" data-end=\"680\">Peso aproximado: +\/- 1.8kg<\/li>\n<li data-start=\"683\" data-end=\"717\">Ideal para receitas tradicionais<\/li>\n<\/ul>\n","protected":false},"author":43533,"featured_media":87929,"comment_status":"open","ping_status":"closed","template":"","meta":[],"pwb-brand":[],"product_brand":[],"product_cat":[9328,8289,8291,8387,8499],"product_tag":[],"class_list":{"0":"post-213522","1":"product","2":"type-product","3":"status-publish","4":"has-post-thumbnail","6":"product_cat-outros-pt-pt-3","7":"product_cat-inicio","8":"product_cat-produtos-portugueses","9":"product_cat-bacalhau-seco","10":"product_cat-sem-glutem","12":"first","13":"instock","14":"taxable","15":"shipping-taxable","16":"purchasable","17":"product-type-simple"},"aioseo_notices":[],"brands":[],"_links":{"self":[{"href":"https:\/\/www.delicias-uk.com\/pt-pt\/wp-json\/wp\/v2\/product\/213522","targetHints":{"allow":["GET"]}}],"collection":[{"href":"https:\/\/www.delicias-uk.com\/pt-pt\/wp-json\/wp\/v2\/product"}],"about":[{"href":"https:\/\/www.delicias-uk.com\/pt-pt\/wp-json\/wp\/v2\/types\/product"}],"author":[{"embeddable":true,"href":"https:\/\/www.delicias-uk.com\/pt-pt\/wp-json\/wp\/v2\/users\/43533"}],"replies":[{"embeddable":true,"href":"https:\/\/www.delicias-uk.com\/pt-pt\/wp-json\/wp\/v2\/comments?post=213522"}],"wp:featuredmedia":[{"embeddable":true,"href":"https:\/\/www.delicias-uk.com\/pt-pt\/wp-json\/wp\/v2\/media\/87929"}],"wp:attachment":[{"href":"https:\/\/www.delicias-uk.com\/pt-pt\/wp-json\/wp\/v2\/media?parent=213522"}],"wp:term":[{"taxonomy":"pwb-brand","embeddable":true,"href":"https:\/\/www.delicias-uk.com\/pt-pt\/wp-json\/wp\/v2\/pwb-brand?post=213522"},{"taxonomy":"product_brand","embeddable":true,"href":"https:\/\/www.delicias-uk.com\/pt-pt\/wp-json\/wp\/v2\/product_brand?post=213522"},{"taxonomy":"product_cat","embeddable":true,"href":"https:\/\/www.delicias-uk.com\/pt-pt\/wp-json\/wp\/v2\/product_cat?post=213522"},{"taxonomy":"product_tag","embeddable":true,"href":"https:\/\/www.delicias-uk.com\/pt-pt\/wp-json\/wp\/v2\/product_tag?post=213522"}],"curies":[{"name":"wp","href":"https:\/\/api.w.org\/{rel}","templated":true}]}}