{"id":213514,"date":"2020-12-08T11:53:01","date_gmt":"2020-12-08T11:53:01","guid":{"rendered":"https:\/\/www.delicias-uk.com\/product\/bacalhau-salgado-seco-especial-inteiro-noruega-aq-37kg-4-meses-de-cura\/"},"modified":"2025-12-08T10:44:07","modified_gmt":"2025-12-08T10:44:07","slug":"bacalhau-salgado-seco-especial-inteiro-noruega-aq-37kg-4-meses-de-cura","status":"publish","type":"product","link":"https:\/\/www.delicias-uk.com\/pt-pt\/produto\/bacalhau-salgado-seco-especial-inteiro-noruega-aq-37kg-4-meses-de-cura\/","title":{"rendered":"Bacalhau Salgado Seco Especial Inteiro Noruega Alta Qualidade (Ref:32100530) +\/- 3.5Kg up"},"content":{"rendered":"<p style=\"margin: 0cm;\"><span style=\"font-family: Calibri, sans-serif;\"><span style=\"font-size: 14.6667px;\">O Bacalhau Salgado Seco Especial Inteiro Noruega de Alta Qualidade \u00e9 um produto premium, conhecido por ser preparado a partir do verdadeiro bacalhau, o Gadus morhua, pescado nas \u00e1guas frias do Atl\u00e2ntico Norte. Ele \u00e9 considerado o padr\u00e3o ouro entre os tipos de bacalhau devido \u00e0 sua textura suculenta, sabor marcante e carne de alta qualidade.<\/span><\/span><\/p>\n<p style=\"margin: 0cm;\"><span style=\"font-family: Calibri, sans-serif;\"><span style=\"font-size: 14.6667px;\">\u00a0<\/span><\/span><\/p>\n<p style=\"margin: 0cm;\"><span style=\"font-family: Calibri, sans-serif;\"><span style=\"font-size: 14.6667px;\">Por ser vendido inteiro e salgado, esse bacalhau \u00e9 ideal para quem busca versatilidade na cozinha, j\u00e1 que permite o aproveitamento de todas as partes: lombos, postas, rabos.<\/span><\/span><\/p>\n<p style=\"margin: 0cm;\"><span style=\"font-family: Calibri, sans-serif;\"><span style=\"font-size: 14.6667px;\">\u00a0<\/span><\/span><\/p>\n<p style=\"margin: 0cm;\"><span style=\"font-family: Calibri, sans-serif;\"><span style=\"font-size: 14.6667px;\">Caracter\u00edsticas do Bacalhau Noruegu\u00eas de Alta Qualidade<\/span><\/span><\/p>\n<p style=\"margin: 0cm;\">\n<p style=\"margin: 0cm;\"><span style=\"font-family: Calibri, sans-serif;\"><span style=\"font-size: 14.6667px;\"><strong>Origem:<\/strong> Produzido e salgado na Noruega, um dos maiores exportadores de bacalhau do mundo.<\/span><\/span><\/p>\n<p style=\"margin: 0cm;\"><span style=\"font-family: Calibri, sans-serif;\"><span style=\"font-size: 14.6667px;\"><strong>Processo de cura:<\/strong> A salga e secagem tradicionais real\u00e7am o sabor e preservam a textura firme da carne.<\/span><\/span><\/p>\n<p style=\"margin: 0cm;\"><span style=\"font-family: Calibri, sans-serif;\"><span style=\"font-size: 14.6667px;\"><strong>Versatilidade:<\/strong> Pode ser usado em pratos assados, cozidos, fritos ou at\u00e9 grelhados.<\/span><\/span><\/p>\n","protected":false},"excerpt":{"rendered":"<p style=\"margin: 0cm;\"><span lang=\"pt\" style=\"font-size: 11pt; font-family: Calibri, sans-serif; color: #000000;\" xml:lang=\"pt\">. Bacalhau Salgado Seco Especial<\/span><\/p>\n<p style=\"margin: 0cm;\"><span lang=\"pt\" style=\"font-size: 11pt; font-family: Calibri, sans-serif; color: #000000;\" xml:lang=\"pt\">. Cura de 4 meses<\/span><\/p>\n<p style=\"margin: 0cm;\"><span lang=\"pt\" style=\"font-size: 11pt; font-family: Calibri, sans-serif; color: #000000;\" xml:lang=\"pt\">. Marca: Sr. Bacalhau<\/span><\/p>\n<p style=\"margin-top: 0pt; margin-bottom: 0pt; margin-left: 0in; text-align: left;\"><span lang=\"pt\" style=\"font-size: 11pt; font-family: Calibri, sans-serif; color: #000000;\" xml:lang=\"pt\">. Esp\u00e9cie: Gadus Morhua <\/span><\/p>\n<p style=\"margin: 0cm;\"><span lang=\"pt\" style=\"font-size: 11pt; font-family: Calibri, sans-serif; color: #000000;\" xml:lang=\"pt\">. Origem: Noruega<\/span><\/p>\n","protected":false},"author":43533,"featured_media":243848,"comment_status":"open","ping_status":"closed","template":"","meta":[],"pwb-brand":[],"product_brand":[],"product_cat":[9332,8289,8387,8499],"product_tag":[],"class_list":{"0":"post-213514","1":"product","2":"type-product","3":"status-publish","4":"has-post-thumbnail","6":"product_cat-inteiro","7":"product_cat-inicio","8":"product_cat-bacalhau-seco","9":"product_cat-sem-glutem","11":"first","12":"instock","13":"taxable","14":"shipping-taxable","15":"purchasable","16":"product-type-simple"},"aioseo_notices":[],"brands":[],"_links":{"self":[{"href":"https:\/\/www.delicias-uk.com\/pt-pt\/wp-json\/wp\/v2\/product\/213514","targetHints":{"allow":["GET"]}}],"collection":[{"href":"https:\/\/www.delicias-uk.com\/pt-pt\/wp-json\/wp\/v2\/product"}],"about":[{"href":"https:\/\/www.delicias-uk.com\/pt-pt\/wp-json\/wp\/v2\/types\/product"}],"author":[{"embeddable":true,"href":"https:\/\/www.delicias-uk.com\/pt-pt\/wp-json\/wp\/v2\/users\/43533"}],"replies":[{"embeddable":true,"href":"https:\/\/www.delicias-uk.com\/pt-pt\/wp-json\/wp\/v2\/comments?post=213514"}],"wp:featuredmedia":[{"embeddable":true,"href":"https:\/\/www.delicias-uk.com\/pt-pt\/wp-json\/wp\/v2\/media\/243848"}],"wp:attachment":[{"href":"https:\/\/www.delicias-uk.com\/pt-pt\/wp-json\/wp\/v2\/media?parent=213514"}],"wp:term":[{"taxonomy":"pwb-brand","embeddable":true,"href":"https:\/\/www.delicias-uk.com\/pt-pt\/wp-json\/wp\/v2\/pwb-brand?post=213514"},{"taxonomy":"product_brand","embeddable":true,"href":"https:\/\/www.delicias-uk.com\/pt-pt\/wp-json\/wp\/v2\/product_brand?post=213514"},{"taxonomy":"product_cat","embeddable":true,"href":"https:\/\/www.delicias-uk.com\/pt-pt\/wp-json\/wp\/v2\/product_cat?post=213514"},{"taxonomy":"product_tag","embeddable":true,"href":"https:\/\/www.delicias-uk.com\/pt-pt\/wp-json\/wp\/v2\/product_tag?post=213514"}],"curies":[{"name":"wp","href":"https:\/\/api.w.org\/{rel}","templated":true}]}}