{"id":213506,"date":"2025-09-23T11:43:06","date_gmt":"2025-09-23T10:43:06","guid":{"rendered":"https:\/\/www.delicias-uk.com\/?post_type=product&#038;p=213506"},"modified":"2026-02-27T12:05:37","modified_gmt":"2026-02-27T12:05:37","slug":"bacalhau-salgago-seco-especial-inteiro-islandia-vintage-lugrade-36kg-6-meses-de-cura","status":"publish","type":"product","link":"https:\/\/www.delicias-uk.com\/pt-pt\/produto\/bacalhau-salgago-seco-especial-inteiro-islandia-vintage-lugrade-36kg-6-meses-de-cura\/","title":{"rendered":"Bacalhau Salgago Seco Especial Inteiro Islandia Vintage Lugrade +\/-3.6Kg (20 Meses De Cura)"},"content":{"rendered":"<p style=\"margin: 0cm;\">\n<p style=\"margin: 0cm;\"><span style=\"font-size: 11pt; font-family: Calibri, sans-serif;\">A Lugrade embarcou numa viagem de tradi\u00e7\u00e3o e sabor ao passado \u00e0 descoberta das origens do nosso bacalhau e transportou para o presente o melhor desta \u00e9poca. VINTAGE. Foi o nome atribu\u00eddo para a cura das curas. A cura que representa o melhor da nossa hist\u00f3ria e reveste o nosso bacalhau de uma bandeira gastron\u00f3mica de gera\u00e7\u00f5es. O bacalhau cura Vintage \u00e9 uma edi\u00e7\u00e3o limitada de 4100 exemplares, sendo os mesmos numerados de forma a garantir a autenticidade do mesmo.<\/span><\/p>\n<p style=\"margin: 0cm;\">\n<p style=\"margin: 0cm;\"><span lang=\"pt\" style=\"font-size: 11pt; font-family: Calibri, sans-serif; color: #000000;\" xml:lang=\"pt\">. Bacalhau Salgago Seco Especial<\/span><\/p>\n<p style=\"margin: 0cm;\"><span lang=\"pt\" style=\"font-size: 11pt; font-family: Calibri, sans-serif; color: #000000;\" xml:lang=\"pt\">. 20 Meses De Cura<\/span><\/p>\n<p style=\"margin: 0cm;\"><span lang=\"pt\" style=\"font-size: 11pt; font-family: Calibri, sans-serif; color: #000000;\" xml:lang=\"pt\">. Marca: Lugrade<\/span><\/p>\n<p style=\"margin-top: 0pt; margin-bottom: 0pt; margin-left: 0in; text-align: left;\"><span lang=\"pt\" style=\"font-size: 11pt; font-family: Calibri, sans-serif; color: #000000;\" xml:lang=\"pt\">. Esp\u00e9cie: Gadus Morhua <\/span><\/p>\n<p style=\"margin: 0cm;\"><span lang=\"pt\" style=\"font-size: 11pt; font-family: Calibri, sans-serif; color: #000000;\" xml:lang=\"pt\">. Origem: Isl\u00e2ndia<\/span><\/p>\n","protected":false},"excerpt":{"rendered":"<p style=\"margin: 0cm;\"><span lang=\"pt\" style=\"font-size: 11pt; font-family: Calibri, sans-serif; color: #000000;\" xml:lang=\"pt\">. Bacalhau Salgago Seco Especial<\/span><\/p>\n<p style=\"margin: 0cm;\"><span lang=\"pt\" style=\"font-size: 11pt; font-family: Calibri, sans-serif; color: #000000;\" xml:lang=\"pt\">. 20 Meses De Cura<\/span><\/p>\n<p style=\"margin: 0cm;\"><span lang=\"pt\" style=\"font-size: 11pt; font-family: Calibri, sans-serif; color: #000000;\" xml:lang=\"pt\">. E<\/span><span style=\"font-size: 11pt; font-family: Calibri, sans-serif; color: #000000;\">di\u00e7\u00e3o limitada de 4100 exemplares<\/span><\/p>\n<p style=\"margin: 0cm;\"><span lang=\"pt\" style=\"font-size: 11pt; font-family: Calibri, sans-serif; color: #000000;\" xml:lang=\"pt\">. Marca: Lugrade<\/span><\/p>\n<p style=\"margin-top: 0pt; margin-bottom: 0pt; margin-left: 0in; text-align: left;\"><span lang=\"pt\" style=\"font-size: 11pt; font-family: Calibri, sans-serif; color: #000000;\" xml:lang=\"pt\">. Esp\u00e9cie: Gadus Morhua <\/span><\/p>\n<p style=\"margin: 0cm;\"><span lang=\"pt\" style=\"font-size: 11pt; font-family: Calibri, sans-serif; color: #000000;\" xml:lang=\"pt\">. Origem: Isl\u00e2ndia<\/span><\/p>\n","protected":false},"author":43533,"featured_media":87889,"comment_status":"open","ping_status":"closed","template":"","meta":[],"pwb-brand":[],"product_brand":[],"product_cat":[8289,8387],"product_tag":[],"class_list":{"0":"post-213506","1":"product","2":"type-product","3":"status-publish","4":"has-post-thumbnail","6":"product_cat-inicio","7":"product_cat-bacalhau-seco","9":"first","10":"instock","11":"taxable","12":"shipping-taxable","13":"purchasable","14":"product-type-simple"},"aioseo_notices":[],"brands":[],"_links":{"self":[{"href":"https:\/\/www.delicias-uk.com\/pt-pt\/wp-json\/wp\/v2\/product\/213506","targetHints":{"allow":["GET"]}}],"collection":[{"href":"https:\/\/www.delicias-uk.com\/pt-pt\/wp-json\/wp\/v2\/product"}],"about":[{"href":"https:\/\/www.delicias-uk.com\/pt-pt\/wp-json\/wp\/v2\/types\/product"}],"author":[{"embeddable":true,"href":"https:\/\/www.delicias-uk.com\/pt-pt\/wp-json\/wp\/v2\/users\/43533"}],"replies":[{"embeddable":true,"href":"https:\/\/www.delicias-uk.com\/pt-pt\/wp-json\/wp\/v2\/comments?post=213506"}],"wp:featuredmedia":[{"embeddable":true,"href":"https:\/\/www.delicias-uk.com\/pt-pt\/wp-json\/wp\/v2\/media\/87889"}],"wp:attachment":[{"href":"https:\/\/www.delicias-uk.com\/pt-pt\/wp-json\/wp\/v2\/media?parent=213506"}],"wp:term":[{"taxonomy":"pwb-brand","embeddable":true,"href":"https:\/\/www.delicias-uk.com\/pt-pt\/wp-json\/wp\/v2\/pwb-brand?post=213506"},{"taxonomy":"product_brand","embeddable":true,"href":"https:\/\/www.delicias-uk.com\/pt-pt\/wp-json\/wp\/v2\/product_brand?post=213506"},{"taxonomy":"product_cat","embeddable":true,"href":"https:\/\/www.delicias-uk.com\/pt-pt\/wp-json\/wp\/v2\/product_cat?post=213506"},{"taxonomy":"product_tag","embeddable":true,"href":"https:\/\/www.delicias-uk.com\/pt-pt\/wp-json\/wp\/v2\/product_tag?post=213506"}],"curies":[{"name":"wp","href":"https:\/\/api.w.org\/{rel}","templated":true}]}}