{"id":213450,"date":"2020-12-01T10:12:21","date_gmt":"2020-12-01T10:12:21","guid":{"rendered":"https:\/\/www.delicias-uk.com\/product\/biscoito-cavacas-confeitaria-do-vale-90g\/"},"modified":"2026-02-23T14:01:44","modified_gmt":"2026-02-23T14:01:44","slug":"biscoito-cavacas-confeitaria-do-vale-90g","status":"publish","type":"product","link":"https:\/\/www.delicias-uk.com\/pt-pt\/produto\/biscoito-cavacas-confeitaria-do-vale-90g\/","title":{"rendered":"Cavacas do Pombal Confeitaria do Vale 90g"},"content":{"rendered":"<p>Cavacas s\u00e3o umas rosquinhas secas e leves, com massa e cobertura igual \u00e0 dos Beijinhos. Cada uma \u00e9 \u201cpintada \u00e0 m\u00e3o\u201d, uma pequena obra de arte. Um produto em produ\u00e7\u00e3o h\u00e1 mais de 70 anos.<\/p>\n","protected":false},"excerpt":{"rendered":"<ul style=\"list-style-type:disc;\">\n<li>Peso l\u00edquido 90g<\/li>\n<li>Produto Portugu\u00eas<\/li>\n<\/ul>\n","protected":false},"author":43533,"featured_media":87765,"comment_status":"open","ping_status":"closed","template":"","meta":[],"pwb-brand":[],"product_brand":[],"product_cat":[8289,8291,8365,8461],"product_tag":[],"class_list":{"0":"post-213450","1":"product","2":"type-product","3":"status-publish","4":"has-post-thumbnail","6":"product_cat-inicio","7":"product_cat-produtos-portugueses","8":"product_cat-confeitaria","9":"product_cat-bolachas","11":"first","12":"instock","13":"taxable","14":"shipping-taxable","15":"purchasable","16":"product-type-simple"},"aioseo_notices":[],"brands":[],"_links":{"self":[{"href":"https:\/\/www.delicias-uk.com\/pt-pt\/wp-json\/wp\/v2\/product\/213450","targetHints":{"allow":["GET"]}}],"collection":[{"href":"https:\/\/www.delicias-uk.com\/pt-pt\/wp-json\/wp\/v2\/product"}],"about":[{"href":"https:\/\/www.delicias-uk.com\/pt-pt\/wp-json\/wp\/v2\/types\/product"}],"author":[{"embeddable":true,"href":"https:\/\/www.delicias-uk.com\/pt-pt\/wp-json\/wp\/v2\/users\/43533"}],"replies":[{"embeddable":true,"href":"https:\/\/www.delicias-uk.com\/pt-pt\/wp-json\/wp\/v2\/comments?post=213450"}],"wp:featuredmedia":[{"embeddable":true,"href":"https:\/\/www.delicias-uk.com\/pt-pt\/wp-json\/wp\/v2\/media\/87765"}],"wp:attachment":[{"href":"https:\/\/www.delicias-uk.com\/pt-pt\/wp-json\/wp\/v2\/media?parent=213450"}],"wp:term":[{"taxonomy":"pwb-brand","embeddable":true,"href":"https:\/\/www.delicias-uk.com\/pt-pt\/wp-json\/wp\/v2\/pwb-brand?post=213450"},{"taxonomy":"product_brand","embeddable":true,"href":"https:\/\/www.delicias-uk.com\/pt-pt\/wp-json\/wp\/v2\/product_brand?post=213450"},{"taxonomy":"product_cat","embeddable":true,"href":"https:\/\/www.delicias-uk.com\/pt-pt\/wp-json\/wp\/v2\/product_cat?post=213450"},{"taxonomy":"product_tag","embeddable":true,"href":"https:\/\/www.delicias-uk.com\/pt-pt\/wp-json\/wp\/v2\/product_tag?post=213450"}],"curies":[{"name":"wp","href":"https:\/\/api.w.org\/{rel}","templated":true}]}}