{"id":213428,"date":"2020-10-29T11:01:55","date_gmt":"2020-10-29T11:01:55","guid":{"rendered":"https:\/\/www.delicias-uk.com\/product\/pate-de-pimenta-biquinho-e-dedo-de-moca-sabor-das-indias-215g\/"},"modified":"2025-10-20T15:20:08","modified_gmt":"2025-10-20T14:20:08","slug":"pate-de-pimenta-biquinho-e-dedo-de-moca-sabor-das-indias-165g","status":"publish","type":"product","link":"https:\/\/www.delicias-uk.com\/pt-pt\/produto\/pate-de-pimenta-biquinho-e-dedo-de-moca-sabor-das-indias-165g\/","title":{"rendered":"Pat\u00ea de Pimenta Biquinho e Dedo De Moca Sabor Das Indias 165g"},"content":{"rendered":"<p>Os pat\u00e9s de pimenta Sabor das \u00cdndias trazem uma maior concentra\u00e7\u00e3o de pimenta, com op\u00e7\u00f5es de pimenta para todos os gostos. Extremamente saborosa, esta linha \u00e9 a op\u00e7\u00e3o para dar aquele toque picante incr\u00edvel ao seu prato. O pat\u00ea de biquinho e pimenta dedo de mo\u00e7a \u00e9 uma op\u00e7\u00e3o interm\u00e9dia, para quem gosta de um toque mais suave de picante.<\/p>\n<p><strong>Ingredientes<\/strong>: Pimenta biquinho, pimenta dedo de mo\u00e7a, vinagre de \u00e1lcool, glucose, polpa de tomate, alho, \u00f3leo, sal, glutamato monoss\u00f3dico, espessante goma xantana, conservante benzoato de s\u00f3dio e conservante sorbato de pot\u00e1ssio.<\/p>\n<p><strong>Alerg\u00e9nios<\/strong>: Sem gl\u00faten. Pode conter vest\u00edgios de <strong>SOJA<\/strong>.<\/p>\n<p><strong>Informa\u00e7\u00e3o nutricional por 100g:<\/strong><\/p>\n<ul style=\"list-style-type: disc;\">\n<li>Energia 57 Kj \/ 14 kcal<\/li>\n<li>Gorduras 0g<\/li>\n<li>dos quais saturados 0g<\/li>\n<li>Hidratos de carbono 2,3g<\/li>\n<li>dos quais a\u00e7\u00facares 0g<\/li>\n<li>Prote\u00ednas 0g<\/li>\n<li>Fibra 0g<\/li>\n<li>Sal 0,015g<\/li>\n<\/ul>\n<p><strong>Pa\u00eds de origem<\/strong>: Brasil.<\/p>\n<p><em>Devido a poss\u00edveis altera\u00e7\u00f5es nas embalagens e\/ou r\u00f3tulos, deve sempre considerar a informa\u00e7\u00e3o que acompanha o produto que recebe.<\/em><\/p>\n","protected":false},"excerpt":{"rendered":"<ul style=\"list-style-type: disc;\">\n<li>Peso l\u00edquido 165g<\/li>\n<li>Pic\u00e2ncia m\u00e9dia<\/li>\n<li>Isento de corantes, conservantes e gl\u00faten<\/li>\n<\/ul>\n","protected":false},"author":43533,"featured_media":237790,"comment_status":"open","ping_status":"closed","template":"","meta":[],"pwb-brand":[],"product_brand":[],"product_cat":[9325,8289,8293,8409,8477],"product_tag":[],"class_list":{"0":"post-213428","1":"product","2":"type-product","3":"status-publish","4":"has-post-thumbnail","6":"product_cat-pickles-conservas","7":"product_cat-inicio","8":"product_cat-produtos-brasileiros","9":"product_cat-temperos-molhos-e-legumes","10":"product_cat-pimentas-molhos","12":"first","13":"instock","14":"taxable","15":"shipping-taxable","16":"purchasable","17":"product-type-simple"},"aioseo_notices":[],"brands":[],"_links":{"self":[{"href":"https:\/\/www.delicias-uk.com\/pt-pt\/wp-json\/wp\/v2\/product\/213428","targetHints":{"allow":["GET"]}}],"collection":[{"href":"https:\/\/www.delicias-uk.com\/pt-pt\/wp-json\/wp\/v2\/product"}],"about":[{"href":"https:\/\/www.delicias-uk.com\/pt-pt\/wp-json\/wp\/v2\/types\/product"}],"author":[{"embeddable":true,"href":"https:\/\/www.delicias-uk.com\/pt-pt\/wp-json\/wp\/v2\/users\/43533"}],"replies":[{"embeddable":true,"href":"https:\/\/www.delicias-uk.com\/pt-pt\/wp-json\/wp\/v2\/comments?post=213428"}],"wp:featuredmedia":[{"embeddable":true,"href":"https:\/\/www.delicias-uk.com\/pt-pt\/wp-json\/wp\/v2\/media\/237790"}],"wp:attachment":[{"href":"https:\/\/www.delicias-uk.com\/pt-pt\/wp-json\/wp\/v2\/media?parent=213428"}],"wp:term":[{"taxonomy":"pwb-brand","embeddable":true,"href":"https:\/\/www.delicias-uk.com\/pt-pt\/wp-json\/wp\/v2\/pwb-brand?post=213428"},{"taxonomy":"product_brand","embeddable":true,"href":"https:\/\/www.delicias-uk.com\/pt-pt\/wp-json\/wp\/v2\/product_brand?post=213428"},{"taxonomy":"product_cat","embeddable":true,"href":"https:\/\/www.delicias-uk.com\/pt-pt\/wp-json\/wp\/v2\/product_cat?post=213428"},{"taxonomy":"product_tag","embeddable":true,"href":"https:\/\/www.delicias-uk.com\/pt-pt\/wp-json\/wp\/v2\/product_tag?post=213428"}],"curies":[{"name":"wp","href":"https:\/\/api.w.org\/{rel}","templated":true}]}}