{"id":213420,"date":"2020-10-22T11:30:27","date_gmt":"2020-10-22T11:30:27","guid":{"rendered":"https:\/\/www.delicias-uk.com\/product\/pudim-flan-com-caramelo-liquido-condi-190g\/"},"modified":"2025-02-06T17:19:13","modified_gmt":"2025-02-06T17:19:13","slug":"pudim-flan-com-caramelo-liquido-condi-190g","status":"publish","type":"product","link":"https:\/\/www.delicias-uk.com\/pt-pt\/produto\/pudim-flan-com-caramelo-liquido-condi-190g\/","title":{"rendered":"Pudim Flan com Caramelo L\u00edquido Condi 190g"},"content":{"rendered":"<p>Uma sobremesa r\u00e1pida e f\u00e1cil de preparar que nunca falha.<\/p>\n<p><strong>Ingredientes<\/strong>: a\u00e7\u00facar (O), amido, estabilizante (carragenina), aromas, espessantes (goma xantana e goma de alfarroba) e corantes (betacaroteno e curcumina). Caramelo L\u00edquido: a\u00e7\u00facar (O), xarope de glicose, \u00e1gua, corante (caramelo simples), regulador de acidez (\u00e1cido c\u00edtrico) e conservante (sorbato de pot\u00e1ssio).<\/p>\n<p><strong>Alerg\u00e9nios<\/strong>: cont\u00e9m <strong>GL\u00daTEN<\/strong>.<\/p>\n<p><strong>Informa\u00e7\u00e3o nutricional por 100g:<\/strong><\/p>\n<ul style=\"list-style-type:disc;\">\n<li>Energia 494 Kj \/ 117 kcal<\/li>\n<li>Gorduras 1,6g<\/li>\n<li>dos quais saturado 1g<\/li>\n<li>Hidratos de carbono 22g<\/li>\n<li>dos quais a\u00e7\u00facares 22g<\/li>\n<li>Prote\u00ednas 3,4g<\/li>\n<li>Fibra 0g<\/li>\n<li>Sal 0,09g<\/li>\n<\/ul>\n<p><strong>Pa\u00eds de origem<\/strong>: UE.<\/p>\n<p><em>Devido a poss\u00edveis altera\u00e7\u00f5es nas embalagens e\/ou r\u00f3tulos, deve sempre considerar a informa\u00e7\u00e3o que acompanha o produto que recebe.<\/em><\/p>\n","protected":false},"excerpt":{"rendered":"<ul style=\"list-style-type:disc;\">\n<li>Peso l\u00edquido 190g<\/li>\n<li>Pronto em minutos<\/li>\n<li>Com caramelo l\u00edquido incluso<\/li>\n<\/ul>\n","protected":false},"author":43533,"featured_media":87714,"comment_status":"open","ping_status":"closed","template":"","meta":[],"pwb-brand":[],"product_brand":[],"product_cat":[8623,8499],"product_tag":[],"class_list":{"0":"post-213420","1":"product","2":"type-product","3":"status-publish","4":"has-post-thumbnail","6":"product_cat-geleia-pudins-mousse","7":"product_cat-sem-glutem","9":"first","10":"instock","11":"taxable","12":"shipping-taxable","13":"purchasable","14":"product-type-simple"},"aioseo_notices":[],"brands":[],"_links":{"self":[{"href":"https:\/\/www.delicias-uk.com\/pt-pt\/wp-json\/wp\/v2\/product\/213420","targetHints":{"allow":["GET"]}}],"collection":[{"href":"https:\/\/www.delicias-uk.com\/pt-pt\/wp-json\/wp\/v2\/product"}],"about":[{"href":"https:\/\/www.delicias-uk.com\/pt-pt\/wp-json\/wp\/v2\/types\/product"}],"author":[{"embeddable":true,"href":"https:\/\/www.delicias-uk.com\/pt-pt\/wp-json\/wp\/v2\/users\/43533"}],"replies":[{"embeddable":true,"href":"https:\/\/www.delicias-uk.com\/pt-pt\/wp-json\/wp\/v2\/comments?post=213420"}],"wp:featuredmedia":[{"embeddable":true,"href":"https:\/\/www.delicias-uk.com\/pt-pt\/wp-json\/wp\/v2\/media\/87714"}],"wp:attachment":[{"href":"https:\/\/www.delicias-uk.com\/pt-pt\/wp-json\/wp\/v2\/media?parent=213420"}],"wp:term":[{"taxonomy":"pwb-brand","embeddable":true,"href":"https:\/\/www.delicias-uk.com\/pt-pt\/wp-json\/wp\/v2\/pwb-brand?post=213420"},{"taxonomy":"product_brand","embeddable":true,"href":"https:\/\/www.delicias-uk.com\/pt-pt\/wp-json\/wp\/v2\/product_brand?post=213420"},{"taxonomy":"product_cat","embeddable":true,"href":"https:\/\/www.delicias-uk.com\/pt-pt\/wp-json\/wp\/v2\/product_cat?post=213420"},{"taxonomy":"product_tag","embeddable":true,"href":"https:\/\/www.delicias-uk.com\/pt-pt\/wp-json\/wp\/v2\/product_tag?post=213420"}],"curies":[{"name":"wp","href":"https:\/\/api.w.org\/{rel}","templated":true}]}}