{"id":213408,"date":"2020-10-21T15:07:00","date_gmt":"2020-10-21T14:07:00","guid":{"rendered":"https:\/\/www.delicias-uk.com\/product\/pate-habaneiro-sabor-das-indias-215g\/"},"modified":"2026-02-24T11:51:26","modified_gmt":"2026-02-24T11:51:26","slug":"pate-habaneiro-sabor-das-indias-215g","status":"publish","type":"product","link":"https:\/\/www.delicias-uk.com\/pt-pt\/produto\/pate-habaneiro-sabor-das-indias-215g\/","title":{"rendered":"Pat\u00ea de Pimenta Habaneiro Sabor das \u00cdndias 215g"},"content":{"rendered":"<p><span xml:lang=\"pt-br\" lang=\"pt-br\" class=\"TextRun SCXW203298156 BCX8\" style=\"margin:0px;padding:0px;background-color:#ffffff;font-size:11pt;line-height:19.7625px;font-family:Calibri, 'Calibri_EmbeddedFont', 'Calibri_MSFontService', sans-serif;font-weight:bold;\"><span class=\"NormalTextRun SCXW203298156 BCX8\" style=\"margin:0px;padding:0px;\">Pat\u00ea <\/span><span class=\"NormalTextRun SpellingErrorV2Themed SCXW203298156 BCX8\" style=\"margin:0px;padding:0px;background-position:0px 100%;background-repeat:repeat-x;border-bottom:1px solid transparent;\">Habanero<\/span><span class=\"NormalTextRun SCXW203298156 BCX8\" style=\"margin:0px;padding:0px;\">: Uma explos\u00e3o de sabor que vai te conquistar!<\/span><\/span><span xml:lang=\"pt-br\" lang=\"pt-br\" class=\"TextRun SCXW203298156 BCX8\" style=\"margin:0px;padding:0px;background-color:#ffffff;font-size:12pt;line-height:22.0875px;font-family:Heebo, 'Heebo_EmbeddedFont', 'Heebo_MSFontService', sans-serif;font-weight:bold;\"><span class=\"NormalTextRun SCXW203298156 BCX8\" style=\"margin:0px;padding:0px;\">\u00a0<\/span><\/span><span xml:lang=\"pt-br\" lang=\"pt-br\" class=\"TextRun SCXW203298156 BCX8\" style=\"margin:0px;padding:0px;background-color:#ffffff;font-size:11pt;line-height:19.7625px;font-family:Calibri, 'Calibri_EmbeddedFont', 'Calibri_MSFontService', sans-serif;\"><span class=\"NormalTextRun SCXW203298156 BCX8\" style=\"margin:0px;padding:0px;\">Eleve suas receitas a outro n\u00edvel com o irresist\u00edvel Pat\u00ea <\/span><span class=\"NormalTextRun SpellingErrorV2Themed SCXW203298156 BCX8\" style=\"margin:0px;padding:0px;background-position:0px 100%;background-repeat:repeat-x;border-bottom:1px solid transparent;\">Habanero<\/span><span class=\"NormalTextRun SCXW203298156 BCX8\" style=\"margin:0px;padding:0px;\">. Uma combina\u00e7\u00e3o perfeita de sabor fresco e textura cremosa que vai te conquistar desde a primeira mordida.<\/span><\/span><span class=\"EOP SCXW203298156 BCX8\" style=\"margin:0px;padding:0px;background-color:#ffffff;font-size:11pt;line-height:19.7625px;font-family:Calibri, 'Calibri_EmbeddedFont', 'Calibri_MSFontService', sans-serif;\"> <\/span><\/p>\n","protected":false},"excerpt":{"rendered":"<div class=\"OutlineElement Ltr SCXW149233489 BCX8\" style=\"margin:0px;padding:0px;clear:both;font-family:'Segoe UI', 'Segoe UI Web', Arial, Verdana, sans-serif;font-size:12px;background-color:#ffffff;\">\n<p class=\"Paragraph SCXW149233489 BCX8\" xml:lang=\"pt-br\" lang=\"pt-br\" style=\"margin:0px 0px 10.6667px;padding:0px;vertical-align:baseline;background-color:transparent;\"><span xml:lang=\"en-us\" lang=\"en-us\" class=\"TextRun SCXW149233489 BCX8\" style=\"margin:0px;padding:0px;font-size:11pt;line-height:19.7625px;font-family:Calibri, 'Calibri_EmbeddedFont', 'Calibri_MSFontService', sans-serif;\">. Fresh flavor: Habanero pepper provides a vibrant and flavorful kick. <\/span><span class=\"EOP SCXW149233489 BCX8\" style=\"margin:0px;padding:0px;font-size:11pt;line-height:19.7625px;font-family:Calibri, 'Calibri_EmbeddedFont', 'Calibri_MSFontService', sans-serif;\">\u00a0<\/span><\/p>\n<\/p><\/div>\n<div class=\"OutlineElement Ltr SCXW149233489 BCX8\" style=\"margin:0px;padding:0px;clear:both;font-family:'Segoe UI', 'Segoe UI Web', Arial, Verdana, sans-serif;font-size:12px;background-color:#ffffff;\">\n<p class=\"Paragraph SCXW149233489 BCX8\" xml:lang=\"pt-br\" lang=\"pt-br\" style=\"margin:0px 0px 10.6667px;padding:0px;vertical-align:baseline;background-color:transparent;\"><span xml:lang=\"en-us\" lang=\"en-us\" class=\"TextRun SCXW149233489 BCX8\" style=\"margin:0px;padding:0px;font-size:11pt;line-height:19.7625px;font-family:Calibri, 'Calibri_EmbeddedFont', 'Calibri_MSFontService', sans-serif;\">. Strong spiciness: A pleasant spiciness, ideal for all palates. <\/span><span class=\"EOP SCXW149233489 BCX8\" style=\"margin:0px;padding:0px;font-size:11pt;line-height:19.7625px;font-family:Calibri, 'Calibri_EmbeddedFont', 'Calibri_MSFontService', sans-serif;\">\u00a0<\/span><\/p>\n<\/p><\/div>\n<div class=\"OutlineElement Ltr SCXW149233489 BCX8\" style=\"margin:0px;padding:0px;clear:both;font-family:'Segoe UI', 'Segoe UI Web', Arial, Verdana, sans-serif;font-size:12px;background-color:#ffffff;\">\n<p class=\"Paragraph SCXW149233489 BCX8\" xml:lang=\"pt-br\" lang=\"pt-br\" style=\"margin:0px 0px 10.6667px;padding:0px;vertical-align:baseline;background-color:transparent;\"><span xml:lang=\"en-us\" lang=\"en-us\" class=\"TextRun SCXW149233489 BCX8\" style=\"margin:0px;padding:0px;font-size:11pt;line-height:19.7625px;font-family:Calibri, 'Calibri_EmbeddedFont', 'Calibri_MSFontService', sans-serif;\">. Creamy texture: Perfect for spreading on bread, toast, salads and more.<\/span><span class=\"EOP SCXW149233489 BCX8\" style=\"margin:0px;padding:0px;font-size:11pt;line-height:19.7625px;font-family:Calibri, 'Calibri_EmbeddedFont', 'Calibri_MSFontService', sans-serif;\"> <\/span><\/p>\n<\/p><\/div>\n","protected":false},"author":43533,"featured_media":87690,"comment_status":"open","ping_status":"closed","template":"","meta":[],"pwb-brand":[],"product_brand":[],"product_cat":[9325,8289,8293,8409,8477,8499,8347],"product_tag":[],"class_list":{"0":"post-213408","1":"product","2":"type-product","3":"status-publish","4":"has-post-thumbnail","6":"product_cat-pickles-conservas","7":"product_cat-inicio","8":"product_cat-produtos-brasileiros","9":"product_cat-temperos-molhos-e-legumes","10":"product_cat-pimentas-molhos","11":"product_cat-sem-glutem","12":"product_cat-vegetariano","14":"first","15":"instock","16":"taxable","17":"shipping-taxable","18":"purchasable","19":"product-type-simple"},"aioseo_notices":[],"brands":[],"_links":{"self":[{"href":"https:\/\/www.delicias-uk.com\/pt-pt\/wp-json\/wp\/v2\/product\/213408","targetHints":{"allow":["GET"]}}],"collection":[{"href":"https:\/\/www.delicias-uk.com\/pt-pt\/wp-json\/wp\/v2\/product"}],"about":[{"href":"https:\/\/www.delicias-uk.com\/pt-pt\/wp-json\/wp\/v2\/types\/product"}],"author":[{"embeddable":true,"href":"https:\/\/www.delicias-uk.com\/pt-pt\/wp-json\/wp\/v2\/users\/43533"}],"replies":[{"embeddable":true,"href":"https:\/\/www.delicias-uk.com\/pt-pt\/wp-json\/wp\/v2\/comments?post=213408"}],"wp:featuredmedia":[{"embeddable":true,"href":"https:\/\/www.delicias-uk.com\/pt-pt\/wp-json\/wp\/v2\/media\/87690"}],"wp:attachment":[{"href":"https:\/\/www.delicias-uk.com\/pt-pt\/wp-json\/wp\/v2\/media?parent=213408"}],"wp:term":[{"taxonomy":"pwb-brand","embeddable":true,"href":"https:\/\/www.delicias-uk.com\/pt-pt\/wp-json\/wp\/v2\/pwb-brand?post=213408"},{"taxonomy":"product_brand","embeddable":true,"href":"https:\/\/www.delicias-uk.com\/pt-pt\/wp-json\/wp\/v2\/product_brand?post=213408"},{"taxonomy":"product_cat","embeddable":true,"href":"https:\/\/www.delicias-uk.com\/pt-pt\/wp-json\/wp\/v2\/product_cat?post=213408"},{"taxonomy":"product_tag","embeddable":true,"href":"https:\/\/www.delicias-uk.com\/pt-pt\/wp-json\/wp\/v2\/product_tag?post=213408"}],"curies":[{"name":"wp","href":"https:\/\/api.w.org\/{rel}","templated":true}]}}