{"id":213404,"date":"2020-10-21T13:57:40","date_gmt":"2020-10-21T12:57:40","guid":{"rendered":"https:\/\/www.delicias-uk.com\/product\/mistura-dona-benta-para-bolo-de-milho-450g\/"},"modified":"2025-12-10T19:25:46","modified_gmt":"2025-12-10T19:25:46","slug":"mistura-dona-benta-para-bolo-de-milho-450g","status":"publish","type":"product","link":"https:\/\/www.delicias-uk.com\/pt-pt\/produto\/mistura-dona-benta-para-bolo-de-milho-450g\/","title":{"rendered":"Mistura para Bolo de Fub\u00e1 Dona Benta 450g"},"content":{"rendered":"<p>Mistura de bolo caseiro para Bolo de milho. Preparo de bolos para todas as ocasi\u00f5es como: caf\u00e9 da manh\u00e3, da tarde, lanches, merenda escolar, sobremesas e ocasi\u00f5es especiais como anivers\u00e1rios.<\/p>\n","protected":false},"excerpt":{"rendered":"<ul style=\"list-style-type:disc;\">\n<li>Peso l\u00edquido 450g<\/li>\n<li>Massa fofinha e deliciosa<\/li>\n<li>Produto Brasileiro<\/li>\n<\/ul>\n","protected":false},"author":43533,"featured_media":87683,"comment_status":"open","ping_status":"closed","template":"","meta":[],"pwb-brand":[],"product_brand":[],"product_cat":[8289,8293,8385,8617],"product_tag":[],"class_list":{"0":"post-213404","1":"product","2":"type-product","3":"status-publish","4":"has-post-thumbnail","6":"product_cat-inicio","7":"product_cat-produtos-brasileiros","8":"product_cat-confeitaria-pt-pt","9":"product_cat-mistura-para-bolos","11":"first","12":"instock","13":"taxable","14":"shipping-taxable","15":"purchasable","16":"product-type-simple"},"aioseo_notices":[],"brands":[],"_links":{"self":[{"href":"https:\/\/www.delicias-uk.com\/pt-pt\/wp-json\/wp\/v2\/product\/213404","targetHints":{"allow":["GET"]}}],"collection":[{"href":"https:\/\/www.delicias-uk.com\/pt-pt\/wp-json\/wp\/v2\/product"}],"about":[{"href":"https:\/\/www.delicias-uk.com\/pt-pt\/wp-json\/wp\/v2\/types\/product"}],"author":[{"embeddable":true,"href":"https:\/\/www.delicias-uk.com\/pt-pt\/wp-json\/wp\/v2\/users\/43533"}],"replies":[{"embeddable":true,"href":"https:\/\/www.delicias-uk.com\/pt-pt\/wp-json\/wp\/v2\/comments?post=213404"}],"wp:featuredmedia":[{"embeddable":true,"href":"https:\/\/www.delicias-uk.com\/pt-pt\/wp-json\/wp\/v2\/media\/87683"}],"wp:attachment":[{"href":"https:\/\/www.delicias-uk.com\/pt-pt\/wp-json\/wp\/v2\/media?parent=213404"}],"wp:term":[{"taxonomy":"pwb-brand","embeddable":true,"href":"https:\/\/www.delicias-uk.com\/pt-pt\/wp-json\/wp\/v2\/pwb-brand?post=213404"},{"taxonomy":"product_brand","embeddable":true,"href":"https:\/\/www.delicias-uk.com\/pt-pt\/wp-json\/wp\/v2\/product_brand?post=213404"},{"taxonomy":"product_cat","embeddable":true,"href":"https:\/\/www.delicias-uk.com\/pt-pt\/wp-json\/wp\/v2\/product_cat?post=213404"},{"taxonomy":"product_tag","embeddable":true,"href":"https:\/\/www.delicias-uk.com\/pt-pt\/wp-json\/wp\/v2\/product_tag?post=213404"}],"curies":[{"name":"wp","href":"https:\/\/api.w.org\/{rel}","templated":true}]}}