{"id":213390,"date":"2020-10-21T13:18:59","date_gmt":"2020-10-21T12:18:59","guid":{"rendered":"https:\/\/www.delicias-uk.com\/product\/alcool-etilico-san96-aga-250ml-2\/"},"modified":"2026-04-10T16:14:50","modified_gmt":"2026-04-10T15:14:50","slug":"alcool-etilico-san96-aga-250ml-2","status":"publish","type":"product","link":"https:\/\/www.delicias-uk.com\/pt-pt\/produto\/alcool-etilico-san96-aga-250ml-2\/","title":{"rendered":"Alcool Et\u00edlico Sanit\u00e1rio 96% 250ml"},"content":{"rendered":"<p class=\"MsoNormal\">Uso: Desinfetante poderoso e anti-s\u00e9ptico. \u00c9 um bactericida com a\u00e7\u00e3o fungicida, at\u00f3xico e incolor.<\/p>\n<\/p>\n<p class=\"MsoNormal\">Aplica\u00e7\u00e3o: aplique na pele ou objetos como desinfetante.<\/p>\n","protected":false},"excerpt":{"rendered":"<p>Uso: Desinfetante poderoso e anti-s\u00e9ptico. \u00c9 um bactericida com a\u00e7\u00e3o fungicida, at\u00f3xico e incolor. Aplica\u00e7\u00e3o: aplique na pele ou objetos como desinfetante.<\/p>\n","protected":false},"author":43533,"featured_media":87655,"comment_status":"open","ping_status":"closed","template":"","meta":[],"pwb-brand":[],"product_brand":[],"product_cat":[8289,8437],"product_tag":[],"class_list":{"0":"post-213390","1":"product","2":"type-product","3":"status-publish","4":"has-post-thumbnail","6":"product_cat-inicio","7":"product_cat-limpeza","9":"first","10":"instock","11":"taxable","12":"shipping-taxable","13":"purchasable","14":"product-type-simple"},"aioseo_notices":[],"brands":[],"_links":{"self":[{"href":"https:\/\/www.delicias-uk.com\/pt-pt\/wp-json\/wp\/v2\/product\/213390","targetHints":{"allow":["GET"]}}],"collection":[{"href":"https:\/\/www.delicias-uk.com\/pt-pt\/wp-json\/wp\/v2\/product"}],"about":[{"href":"https:\/\/www.delicias-uk.com\/pt-pt\/wp-json\/wp\/v2\/types\/product"}],"author":[{"embeddable":true,"href":"https:\/\/www.delicias-uk.com\/pt-pt\/wp-json\/wp\/v2\/users\/43533"}],"replies":[{"embeddable":true,"href":"https:\/\/www.delicias-uk.com\/pt-pt\/wp-json\/wp\/v2\/comments?post=213390"}],"wp:featuredmedia":[{"embeddable":true,"href":"https:\/\/www.delicias-uk.com\/pt-pt\/wp-json\/wp\/v2\/media\/87655"}],"wp:attachment":[{"href":"https:\/\/www.delicias-uk.com\/pt-pt\/wp-json\/wp\/v2\/media?parent=213390"}],"wp:term":[{"taxonomy":"pwb-brand","embeddable":true,"href":"https:\/\/www.delicias-uk.com\/pt-pt\/wp-json\/wp\/v2\/pwb-brand?post=213390"},{"taxonomy":"product_brand","embeddable":true,"href":"https:\/\/www.delicias-uk.com\/pt-pt\/wp-json\/wp\/v2\/product_brand?post=213390"},{"taxonomy":"product_cat","embeddable":true,"href":"https:\/\/www.delicias-uk.com\/pt-pt\/wp-json\/wp\/v2\/product_cat?post=213390"},{"taxonomy":"product_tag","embeddable":true,"href":"https:\/\/www.delicias-uk.com\/pt-pt\/wp-json\/wp\/v2\/product_tag?post=213390"}],"curies":[{"name":"wp","href":"https:\/\/api.w.org\/{rel}","templated":true}]}}