{"id":213364,"date":"2020-09-14T11:20:39","date_gmt":"2020-09-14T11:20:39","guid":{"rendered":"https:\/\/www.delicias-uk.com\/product\/melao-casca-de-carvalho-portuguese-almeirim\/"},"modified":"2020-09-14T11:20:39","modified_gmt":"2020-09-14T11:20:39","slug":"melao-casca-de-carvalho-portuguese-almeirim","status":"publish","type":"product","link":"https:\/\/www.delicias-uk.com\/pt-pt\/produto\/melao-casca-de-carvalho-portuguese-almeirim\/","title":{"rendered":"Mel\u00e3o Casca de Pele de Sapo"},"content":{"rendered":"","protected":false},"excerpt":{"rendered":"<p>Fruto\u00a0de casca bem firme, bastante arom\u00e1tico, com sabor activo, equilibrado entre o doce e o apimentado, apresentando alto teor de a\u00e7\u00facar.\u00a0<\/p>\n","protected":false},"author":43533,"featured_media":87606,"comment_status":"open","ping_status":"closed","template":"","meta":[],"pwb-brand":[],"product_brand":[],"product_cat":[8781],"product_tag":[],"class_list":{"0":"post-213364","1":"product","2":"type-product","3":"status-publish","4":"has-post-thumbnail","6":"product_cat-fruta-fresca","8":"first","9":"outofstock","10":"taxable","11":"shipping-taxable","12":"purchasable","13":"product-type-simple"},"aioseo_notices":[],"brands":[],"_links":{"self":[{"href":"https:\/\/www.delicias-uk.com\/pt-pt\/wp-json\/wp\/v2\/product\/213364","targetHints":{"allow":["GET"]}}],"collection":[{"href":"https:\/\/www.delicias-uk.com\/pt-pt\/wp-json\/wp\/v2\/product"}],"about":[{"href":"https:\/\/www.delicias-uk.com\/pt-pt\/wp-json\/wp\/v2\/types\/product"}],"author":[{"embeddable":true,"href":"https:\/\/www.delicias-uk.com\/pt-pt\/wp-json\/wp\/v2\/users\/43533"}],"replies":[{"embeddable":true,"href":"https:\/\/www.delicias-uk.com\/pt-pt\/wp-json\/wp\/v2\/comments?post=213364"}],"wp:featuredmedia":[{"embeddable":true,"href":"https:\/\/www.delicias-uk.com\/pt-pt\/wp-json\/wp\/v2\/media\/87606"}],"wp:attachment":[{"href":"https:\/\/www.delicias-uk.com\/pt-pt\/wp-json\/wp\/v2\/media?parent=213364"}],"wp:term":[{"taxonomy":"pwb-brand","embeddable":true,"href":"https:\/\/www.delicias-uk.com\/pt-pt\/wp-json\/wp\/v2\/pwb-brand?post=213364"},{"taxonomy":"product_brand","embeddable":true,"href":"https:\/\/www.delicias-uk.com\/pt-pt\/wp-json\/wp\/v2\/product_brand?post=213364"},{"taxonomy":"product_cat","embeddable":true,"href":"https:\/\/www.delicias-uk.com\/pt-pt\/wp-json\/wp\/v2\/product_cat?post=213364"},{"taxonomy":"product_tag","embeddable":true,"href":"https:\/\/www.delicias-uk.com\/pt-pt\/wp-json\/wp\/v2\/product_tag?post=213364"}],"curies":[{"name":"wp","href":"https:\/\/api.w.org\/{rel}","templated":true}]}}