{"id":213326,"date":"2020-09-11T11:11:20","date_gmt":"2020-09-11T10:11:20","guid":{"rendered":"https:\/\/www.delicias-uk.com\/product\/queijo-terra-nostra-original-fatias-200g-2\/"},"modified":"2026-04-13T17:06:40","modified_gmt":"2026-04-13T16:06:40","slug":"queijo-terra-nostra-original-fatias-200g-2","status":"publish","type":"product","link":"https:\/\/www.delicias-uk.com\/pt-pt\/produto\/queijo-terra-nostra-original-fatias-200g-2\/","title":{"rendered":"Queijo Terra Nostra Original em Fatias 200g"},"content":{"rendered":"<p class=\"isSelectedEnd\">Descubra o sabor genu\u00edno dos A\u00e7ores com o Queijo Terra Nostra Original, agora em pr\u00e1ticas fatias prontas a consumir. Produzido com leite de vaca de elevada qualidade, proveniente de pastagens naturais, este queijo apresenta uma textura cremosa e um sabor suave e equilibrado, ideal para toda a fam\u00edlia.<\/p>\n<p class=\"isSelectedEnd\">Perfeito para o dia a dia, \u00e9 uma excelente op\u00e7\u00e3o para sandu\u00edches, tostas ou para complementar refei\u00e7\u00f5es r\u00e1pidas com qualidade e sabor.<\/p>\n<ul>\n<li>Peso: 200g<\/li>\n<li>Queijo fatiado pronto a consumir<\/li>\n<li>Produzido com leite de vaca pasteurizado<\/li>\n<li>Textura cremosa e sabor suave e amanteigado<\/li>\n<li>Origem: A\u00e7ores, Portugal<\/li>\n<li>Ideal para sandu\u00edches e snacks<\/li>\n<\/ul>\n","protected":false},"excerpt":{"rendered":"<ul>\n<li>Peso: 200g<\/li>\n<li>Queijo fatiado pronto a consumir<\/li>\n<li>Produzido com leite de vaca pasteurizado<\/li>\n<li>Textura cremosa e sabor suave e amanteigado<\/li>\n<li>Origem: A\u00e7ores, Portugal<\/li>\n<li>Ideal para sandu\u00edches e snacks<\/li>\n<\/ul>\n","protected":false},"author":43533,"featured_media":252573,"comment_status":"open","ping_status":"closed","template":"","meta":[],"pwb-brand":[],"product_brand":[],"product_cat":[8289,8291,8377,8487,8855,8675,8363],"product_tag":[],"class_list":{"0":"post-213326","1":"product","2":"type-product","3":"status-publish","4":"has-post-thumbnail","6":"product_cat-inicio","7":"product_cat-produtos-portugueses","8":"product_cat-lacticinios","9":"product_cat-queijos","10":"product_cat-fatiado","11":"product_cat-vaca-pt-pt","12":"product_cat-halal-pt-pt","14":"first","15":"instock","16":"taxable","17":"shipping-taxable","18":"purchasable","19":"product-type-simple"},"aioseo_notices":[],"brands":[],"_links":{"self":[{"href":"https:\/\/www.delicias-uk.com\/pt-pt\/wp-json\/wp\/v2\/product\/213326","targetHints":{"allow":["GET"]}}],"collection":[{"href":"https:\/\/www.delicias-uk.com\/pt-pt\/wp-json\/wp\/v2\/product"}],"about":[{"href":"https:\/\/www.delicias-uk.com\/pt-pt\/wp-json\/wp\/v2\/types\/product"}],"author":[{"embeddable":true,"href":"https:\/\/www.delicias-uk.com\/pt-pt\/wp-json\/wp\/v2\/users\/43533"}],"replies":[{"embeddable":true,"href":"https:\/\/www.delicias-uk.com\/pt-pt\/wp-json\/wp\/v2\/comments?post=213326"}],"wp:featuredmedia":[{"embeddable":true,"href":"https:\/\/www.delicias-uk.com\/pt-pt\/wp-json\/wp\/v2\/media\/252573"}],"wp:attachment":[{"href":"https:\/\/www.delicias-uk.com\/pt-pt\/wp-json\/wp\/v2\/media?parent=213326"}],"wp:term":[{"taxonomy":"pwb-brand","embeddable":true,"href":"https:\/\/www.delicias-uk.com\/pt-pt\/wp-json\/wp\/v2\/pwb-brand?post=213326"},{"taxonomy":"product_brand","embeddable":true,"href":"https:\/\/www.delicias-uk.com\/pt-pt\/wp-json\/wp\/v2\/product_brand?post=213326"},{"taxonomy":"product_cat","embeddable":true,"href":"https:\/\/www.delicias-uk.com\/pt-pt\/wp-json\/wp\/v2\/product_cat?post=213326"},{"taxonomy":"product_tag","embeddable":true,"href":"https:\/\/www.delicias-uk.com\/pt-pt\/wp-json\/wp\/v2\/product_tag?post=213326"}],"curies":[{"name":"wp","href":"https:\/\/api.w.org\/{rel}","templated":true}]}}