{"id":213314,"date":"2020-09-11T10:31:11","date_gmt":"2020-09-11T10:31:11","guid":{"rendered":"https:\/\/www.delicias-uk.com\/product\/nata-uht-parmalat-cogumelos-porcini-200ml-2\/"},"modified":"2026-03-21T23:16:05","modified_gmt":"2026-03-21T23:16:05","slug":"nata-uht-parmalat-cogumelos-porcini-200ml-2","status":"publish","type":"product","link":"https:\/\/www.delicias-uk.com\/pt-pt\/produto\/nata-uht-parmalat-cogumelos-porcini-200ml-2\/","title":{"rendered":"Nata UHT Cogumelos Porcini Parmalat 200ml"},"content":{"rendered":"<p>O sabor muito apreciado dos Cogumelos Porcini e a delicadeza da Nata enriquecem as suas receitas, dando-lhes um toque especial, criando algo de \u00fanico na cozinha. A Nata com Cogumelos Porcini Parmalat \u00e9 perfeira em receitas onde j\u00e1 haja presen\u00e7a de cogumelos, nos mais diversos pratos de massas, risottos, quiches, molhos etc&#8230; A Nata com Cogumelos Porcini Parmalat \u00e9 \u00f3tima para dar espa\u00e7o \u00e0 sua criatividade, permitindo desenvolver novas receitas e facilmente enriquecer os seus pratos, todos os dias.<\/p>\n","protected":false},"excerpt":{"rendered":"<p>O sabor muito apreciado dos Cogumelos Porcini e a delicadeza da Nata enriquecem as suas receitas, dando-lhes um toque especial, criando algo de \u00fanico na cozinha. A Nata com Cogumelos Porcini Parmalat \u00e9 perfeira em receitas onde j\u00e1 haja presen\u00e7a de cogumelos, nos mais diversos pratos de massas, risottos, quiches, molhos etc&#8230; A Nata com [&hellip;]<\/p>\n","protected":false},"author":43533,"featured_media":87522,"comment_status":"open","ping_status":"closed","template":"","meta":[],"pwb-brand":[],"product_brand":[],"product_cat":[8289,8291,8377,8551,8775],"product_tag":[],"class_list":{"0":"post-213314","1":"product","2":"type-product","3":"status-publish","4":"has-post-thumbnail","6":"product_cat-inicio","7":"product_cat-produtos-portugueses","8":"product_cat-lacticinios","9":"product_cat-leite-e-creme","10":"product_cat-leite-culinario-natas","12":"first","13":"instock","14":"taxable","15":"shipping-taxable","16":"purchasable","17":"product-type-simple"},"aioseo_notices":[],"brands":[],"_links":{"self":[{"href":"https:\/\/www.delicias-uk.com\/pt-pt\/wp-json\/wp\/v2\/product\/213314","targetHints":{"allow":["GET"]}}],"collection":[{"href":"https:\/\/www.delicias-uk.com\/pt-pt\/wp-json\/wp\/v2\/product"}],"about":[{"href":"https:\/\/www.delicias-uk.com\/pt-pt\/wp-json\/wp\/v2\/types\/product"}],"author":[{"embeddable":true,"href":"https:\/\/www.delicias-uk.com\/pt-pt\/wp-json\/wp\/v2\/users\/43533"}],"replies":[{"embeddable":true,"href":"https:\/\/www.delicias-uk.com\/pt-pt\/wp-json\/wp\/v2\/comments?post=213314"}],"wp:featuredmedia":[{"embeddable":true,"href":"https:\/\/www.delicias-uk.com\/pt-pt\/wp-json\/wp\/v2\/media\/87522"}],"wp:attachment":[{"href":"https:\/\/www.delicias-uk.com\/pt-pt\/wp-json\/wp\/v2\/media?parent=213314"}],"wp:term":[{"taxonomy":"pwb-brand","embeddable":true,"href":"https:\/\/www.delicias-uk.com\/pt-pt\/wp-json\/wp\/v2\/pwb-brand?post=213314"},{"taxonomy":"product_brand","embeddable":true,"href":"https:\/\/www.delicias-uk.com\/pt-pt\/wp-json\/wp\/v2\/product_brand?post=213314"},{"taxonomy":"product_cat","embeddable":true,"href":"https:\/\/www.delicias-uk.com\/pt-pt\/wp-json\/wp\/v2\/product_cat?post=213314"},{"taxonomy":"product_tag","embeddable":true,"href":"https:\/\/www.delicias-uk.com\/pt-pt\/wp-json\/wp\/v2\/product_tag?post=213314"}],"curies":[{"name":"wp","href":"https:\/\/api.w.org\/{rel}","templated":true}]}}